{"id":719,"date":"2023-03-31T10:29:35","date_gmt":"2023-03-31T16:29:35","guid":{"rendered":"http:\/\/lenceria69.com\/cr\/?post_type=product&#038;p=719"},"modified":"2023-07-27T20:36:38","modified_gmt":"2023-07-28T02:36:38","slug":"fantasy-x-tensions-cage-jaula-vibradora-para-parejas","status":"publish","type":"product","link":"https:\/\/lenceria69.com\/cr\/producto\/fantasy-x-tensions-cage-jaula-vibradora-para-parejas\/","title":{"rendered":"Fantasy X-tensions Cage &#8211; Jaula Vibradora para Parejas"},"content":{"rendered":"<p>Convierte tu pene en una m\u00e1quina de placer instant\u00e1nea con las incre\u00edbles tensiones Fantasy X. Ahora puedes ser todo el hombre que puedas ser y satisfacer a tu pareja con este potenciador de la erecci\u00f3n f\u00e1cil de usar.<\/p>\n<p>Desarrollado como una alternativa asequible y no quir\u00fargica a los costosos procedimientos y p\u00edldoras m\u00e9dicas, su Fantasy X-tension le dar\u00e1 la ca\u00f1a de placer m\u00e1s grande, gruesa y satisfactoria que haya imaginado. Perfecto para hombres con disfunci\u00f3n er\u00e9ctil y problemas de rendimiento intermedios, \u00a1su nuevo potenciador brindar\u00e1 resultados que a ambas parejas les encantar\u00e1n!<\/p>\n<p>\u00a1La jaula para parejas vibrantes es el mejor potenciador de la erecci\u00f3n! Con la jaula de gallo s\u00faper el\u00e1stica envuelta alrededor de cada cent\u00edmetro de su virilidad, mantendr\u00e1 erecciones duras como rocas y prolongar\u00e1 la diversi\u00f3n mientras estimula a su pareja.<\/p>\n<p>La correa de bola ajustada lo ayuda a permanecer seguro en su lugar y prolonga la eyaculaci\u00f3n, mientras que una micro vibraci\u00f3n inal\u00e1mbrica se encuentra en la parte superior de la jaula para brindar una incre\u00edble estimulaci\u00f3n del cl\u00edtoris con cada empuje. Con solo presionar un bot\u00f3n, recorrer\u00e1s tres poderosas velocidades para hacer que tu amante se corra m\u00e1s duro que nunca. Su compa\u00f1ero disfrutar\u00e1 de una penetraci\u00f3n m\u00e1s profunda con la extensi\u00f3n de 1&#8243; en la punta, mientras que la jaula texturizada ofrece sensaciones adicionales.<\/p>\n<p>Una talla le queda a la mayor\u00eda. Esto no es un cond\u00f3n.<\/p>\n<p>Agrega sensaci\u00f3n de textura<br \/>\nPotente estimulador de cl\u00edtoris impermeable<br \/>\nEl mejor potenciador de parejas<\/p>\n<p>Dimensiones:<br \/>\n&#8211; Largo: 6.25&#8243;(15.8 cm)<br \/>\n&#8211; Di\u00e1metro interno: 1.25&#8243;(3.1 cm)<\/p>\n","protected":false},"excerpt":{"rendered":"<p>Convierte tu pene en una m\u00e1quina de placer instant\u00e1nea con las incre\u00edbles tensiones Fantasy X. Ahora puedes ser todo el hombre que puedas ser y satisfacer a tu pareja con este potenciador de la erecci\u00f3n f\u00e1cil de usar. Desarrollado como una alternativa asequible y no quir\u00fargica a los costosos procedimientos y p\u00edldoras m\u00e9dicas, su Fantasy&#8230;<\/p>\n","protected":false},"featured_media":1000001615,"comment_status":"open","ping_status":"closed","template":"","meta":{"_kad_post_transparent":"default","_kad_post_title":"","_kad_post_layout":"default","_kad_post_sidebar_id":"","_kad_post_content_style":"default","_kad_post_vertical_padding":"default","_kad_post_feature":"","_kad_post_feature_position":"","_kad_post_header":false,"_kad_post_footer":false,"_joinchat":[]},"product_brand":[],"product_cat":[28,30,24],"product_tag":[],"class_list":{"0":"post-719","1":"product","2":"type-product","3":"status-publish","4":"has-post-thumbnail","6":"product_cat-juguetebateria","7":"product_cat-juguetes_para_ellos","8":"product_cat-juguetes-sexuales","10":"first","11":"instock","12":"shipping-taxable","13":"purchasable","14":"product-type-simple","15":"entry","16":"content-bg","17":"loop-entry"},"_links":{"self":[{"href":"https:\/\/lenceria69.com\/cr\/wp-json\/wp\/v2\/product\/719","targetHints":{"allow":["GET"]}}],"collection":[{"href":"https:\/\/lenceria69.com\/cr\/wp-json\/wp\/v2\/product"}],"about":[{"href":"https:\/\/lenceria69.com\/cr\/wp-json\/wp\/v2\/types\/product"}],"replies":[{"embeddable":true,"href":"https:\/\/lenceria69.com\/cr\/wp-json\/wp\/v2\/comments?post=719"}],"version-history":[{"count":0,"href":"https:\/\/lenceria69.com\/cr\/wp-json\/wp\/v2\/product\/719\/revisions"}],"wp:featuredmedia":[{"embeddable":true,"href":"https:\/\/lenceria69.com\/cr\/wp-json\/"}],"wp:attachment":[{"href":"https:\/\/lenceria69.com\/cr\/wp-json\/wp\/v2\/media?parent=719"}],"wp:term":[{"taxonomy":"product_brand","embeddable":true,"href":"https:\/\/lenceria69.com\/cr\/wp-json\/wp\/v2\/product_brand?post=719"},{"taxonomy":"product_cat","embeddable":true,"href":"https:\/\/lenceria69.com\/cr\/wp-json\/wp\/v2\/product_cat?post=719"},{"taxonomy":"product_tag","embeddable":true,"href":"https:\/\/lenceria69.com\/cr\/wp-json\/wp\/v2\/product_tag?post=719"}],"curies":[{"name":"wp","href":"https:\/\/api.w.org\/{rel}","templated":true}]}}