{"id":705,"date":"2023-03-31T09:53:01","date_gmt":"2023-03-31T15:53:01","guid":{"rendered":"http:\/\/lenceria69.com\/cr\/?post_type=product&#038;p=705"},"modified":"2023-07-27T20:37:33","modified_gmt":"2023-07-28T02:37:33","slug":"plug-anal-con-cola-de-colores","status":"publish","type":"product","link":"https:\/\/lenceria69.com\/cr\/producto\/plug-anal-con-cola-de-colores\/","title":{"rendered":"Plug Anal con Cola de Colores"},"content":{"rendered":"<p>\u00a1Esta cola est\u00e1 hecha para desatar al animal que hay dento de tu pareja!<\/p>\n<p>Este plug anal es estimulante para todos, desde el principiante hasta el fetichista m\u00e1s avanzado. Dise\u00f1ado para ser visual y sexual es muy c\u00f3modo e incluso lo podr\u00e1s calentar o enfriar para jugar con la temperatura. Lo \u00fanico que tu pareja ver\u00e1 mientras lleves puesto este plug ser\u00e1 la maravillosa cola de pelo suave.<\/p>\n","protected":false},"excerpt":{"rendered":"<p>\u00a1Esta cola est\u00e1 hecha para desatar al animal que hay dento de tu pareja! Este plug anal es estimulante para todos, desde el principiante hasta el fetichista m\u00e1s avanzado. Dise\u00f1ado para ser visual y sexual es muy c\u00f3modo e incluso lo podr\u00e1s calentar o enfriar para jugar con la temperatura. Lo \u00fanico que tu pareja&#8230;<\/p>\n","protected":false},"featured_media":1000001487,"comment_status":"open","ping_status":"closed","template":"","meta":{"_kad_post_transparent":"default","_kad_post_title":"","_kad_post_layout":"default","_kad_post_sidebar_id":"","_kad_post_content_style":"default","_kad_post_vertical_padding":"default","_kad_post_feature":"","_kad_post_feature_position":"","_kad_post_header":false,"_kad_post_footer":false,"_joinchat":[]},"product_brand":[],"product_cat":[26,27,24],"product_tag":[],"class_list":{"0":"post-705","1":"product","2":"type-product","3":"status-publish","4":"has-post-thumbnail","6":"product_cat-jugueteanal","7":"product_cat-juguetebondage","8":"product_cat-juguetes-sexuales","10":"first","11":"instock","12":"shipping-taxable","13":"purchasable","14":"product-type-variable","15":"entry","16":"content-bg","17":"loop-entry"},"_links":{"self":[{"href":"https:\/\/lenceria69.com\/cr\/wp-json\/wp\/v2\/product\/705","targetHints":{"allow":["GET"]}}],"collection":[{"href":"https:\/\/lenceria69.com\/cr\/wp-json\/wp\/v2\/product"}],"about":[{"href":"https:\/\/lenceria69.com\/cr\/wp-json\/wp\/v2\/types\/product"}],"replies":[{"embeddable":true,"href":"https:\/\/lenceria69.com\/cr\/wp-json\/wp\/v2\/comments?post=705"}],"version-history":[{"count":0,"href":"https:\/\/lenceria69.com\/cr\/wp-json\/wp\/v2\/product\/705\/revisions"}],"wp:featuredmedia":[{"embeddable":true,"href":"https:\/\/lenceria69.com\/cr\/wp-json\/"}],"wp:attachment":[{"href":"https:\/\/lenceria69.com\/cr\/wp-json\/wp\/v2\/media?parent=705"}],"wp:term":[{"taxonomy":"product_brand","embeddable":true,"href":"https:\/\/lenceria69.com\/cr\/wp-json\/wp\/v2\/product_brand?post=705"},{"taxonomy":"product_cat","embeddable":true,"href":"https:\/\/lenceria69.com\/cr\/wp-json\/wp\/v2\/product_cat?post=705"},{"taxonomy":"product_tag","embeddable":true,"href":"https:\/\/lenceria69.com\/cr\/wp-json\/wp\/v2\/product_tag?post=705"}],"curies":[{"name":"wp","href":"https:\/\/api.w.org\/{rel}","templated":true}]}}