{"id":700,"date":"2023-03-31T09:35:32","date_gmt":"2023-03-31T15:35:32","guid":{"rendered":"http:\/\/lenceria69.com\/cr\/?post_type=product&#038;p=700"},"modified":"2023-09-27T12:50:13","modified_gmt":"2023-09-27T18:50:13","slug":"the-silver-starter-kit-de-plug-anal-con-joya","status":"publish","type":"product","link":"https:\/\/lenceria69.com\/cr\/producto\/the-silver-starter-kit-de-plug-anal-con-joya\/","title":{"rendered":"The Silver Starter &#8211; Kit de Plug Anal con Joya"},"content":{"rendered":"<p>\u00a1Esta cola est\u00e1 dise\u00f1ada para que vivas una experiencia nueva con tu pareja!<\/p>\n<p>Este plug anal es estimulante para todos, desde el principiante hasta el fetichista m\u00e1s avanzado. Dise\u00f1ado para ser visual y sexual es muy c\u00f3modo e incluso lo podr\u00e1s calentar o enfriar para jugar con la temperatura. Lo \u00fanico que tu pareja ver\u00e1 mientras lleves puesto este plug ser\u00e1 la maravillosa Joya que se encuentra en la base del mismo.<\/p>\n<p>Elegante cuerpo met\u00e1lico cromado y una base de bisel con forma de coraz\u00f3n brillante en el tap\u00f3n anal, perfecto para principiantes, dise\u00f1ado y dimensionado para una f\u00e1cil inserci\u00f3n. No poroso, f\u00e1cil de limpiar. De Icon Brands Joya de coraz\u00f3n violeta.<\/p>\n<p>Caracteristicas:<br \/>\n&#8211; Acero inoxidable seguro para el cuerpo<br \/>\n&#8211; Altura real 2.8 pulgadas<br \/>\n&#8211; Incluye bolsa de almacenamiento negra.<\/p>\n","protected":false},"excerpt":{"rendered":"<p>\u00a1Esta cola est\u00e1 dise\u00f1ada para que vivas una experiencia nueva con tu pareja! Este plug anal es estimulante para todos, desde el principiante hasta el fetichista m\u00e1s avanzado. Dise\u00f1ado para ser visual y sexual es muy c\u00f3modo e incluso lo podr\u00e1s calentar o enfriar para jugar con la temperatura. Lo \u00fanico que tu pareja ver\u00e1&#8230;<\/p>\n","protected":false},"featured_media":1000001619,"comment_status":"open","ping_status":"closed","template":"","meta":{"_kad_post_transparent":"default","_kad_post_title":"","_kad_post_layout":"default","_kad_post_sidebar_id":"","_kad_post_content_style":"default","_kad_post_vertical_padding":"default","_kad_post_feature":"","_kad_post_feature_position":"","_kad_post_header":false,"_kad_post_footer":false,"_joinchat":[]},"product_brand":[],"product_cat":[26,27,24],"product_tag":[],"class_list":{"0":"post-700","1":"product","2":"type-product","3":"status-publish","4":"has-post-thumbnail","6":"product_cat-jugueteanal","7":"product_cat-juguetebondage","8":"product_cat-juguetes-sexuales","10":"first","11":"instock","12":"shipping-taxable","13":"purchasable","14":"product-type-variable","15":"entry","16":"content-bg","17":"loop-entry"},"_links":{"self":[{"href":"https:\/\/lenceria69.com\/cr\/wp-json\/wp\/v2\/product\/700","targetHints":{"allow":["GET"]}}],"collection":[{"href":"https:\/\/lenceria69.com\/cr\/wp-json\/wp\/v2\/product"}],"about":[{"href":"https:\/\/lenceria69.com\/cr\/wp-json\/wp\/v2\/types\/product"}],"replies":[{"embeddable":true,"href":"https:\/\/lenceria69.com\/cr\/wp-json\/wp\/v2\/comments?post=700"}],"version-history":[{"count":0,"href":"https:\/\/lenceria69.com\/cr\/wp-json\/wp\/v2\/product\/700\/revisions"}],"wp:featuredmedia":[{"embeddable":true,"href":"https:\/\/lenceria69.com\/cr\/wp-json\/"}],"wp:attachment":[{"href":"https:\/\/lenceria69.com\/cr\/wp-json\/wp\/v2\/media?parent=700"}],"wp:term":[{"taxonomy":"product_brand","embeddable":true,"href":"https:\/\/lenceria69.com\/cr\/wp-json\/wp\/v2\/product_brand?post=700"},{"taxonomy":"product_cat","embeddable":true,"href":"https:\/\/lenceria69.com\/cr\/wp-json\/wp\/v2\/product_cat?post=700"},{"taxonomy":"product_tag","embeddable":true,"href":"https:\/\/lenceria69.com\/cr\/wp-json\/wp\/v2\/product_tag?post=700"}],"curies":[{"name":"wp","href":"https:\/\/api.w.org\/{rel}","templated":true}]}}