{"id":692,"date":"2023-03-31T09:09:50","date_gmt":"2023-03-31T15:09:50","guid":{"rendered":"http:\/\/lenceria69.com\/cr\/?post_type=product&#038;p=692"},"modified":"2026-04-07T09:26:48","modified_gmt":"2026-04-07T15:26:48","slug":"vibradordildoliso","status":"publish","type":"product","link":"https:\/\/lenceria69.com\/cr\/producto\/vibradordildoliso\/","title":{"rendered":"Dildo Liso con Vibrador"},"content":{"rendered":"<p>\u00a1Bonito vibrador realista y de buena calidad! Este es un maravilloso vibrador de m\u00faltiples velocidades con un rendimiento s\u00f3lido y satisfactorio, presenta una agradable curva de punto G firme y un dial de varias velocidades en la base.<\/p>\n<p>F\u00e1cil de agarrar y ajustar para Flexible Flexible Realista.<\/p>\n<p>Pene realista con velocidad regulable seg\u00fan lo deseado. Ideal para principiantes, intermedios y usuarios avanzados.<\/p>\n<p>Caracteristicas:<br \/>\n\u2013 Hecho con silicona medica, seguro no toxico y sin olor<br \/>\n\u2013 Tama\u00f1o: 7,4 In [18,7 cms] (Longitud), 1,4 In [3.55 cms](Diametro)<br \/>\n\u2013 Funciona con dos Pilas AA<br \/>\n\u2013 El consolador es suave, liso y elastico<br \/>\n\u2013 Puedes utilizarlo para estimular el Punto G<\/p>\n","protected":false},"excerpt":{"rendered":"<p>\u00a1Bonito vibrador realista y de buena calidad! Este es un maravilloso vibrador de m\u00faltiples velocidades con un rendimiento s\u00f3lido y satisfactorio, presenta una agradable curva de punto G firme y un dial de varias velocidades en la base. F\u00e1cil de agarrar y ajustar para Flexible Flexible Realista. Pene realista con velocidad regulable seg\u00fan lo deseado&#8230;.<\/p>\n","protected":false},"featured_media":4277,"comment_status":"open","ping_status":"closed","template":"","meta":{"_kad_post_transparent":"default","_kad_post_title":"","_kad_post_layout":"default","_kad_post_sidebar_id":"","_kad_post_content_style":"default","_kad_post_vertical_padding":"default","_kad_post_feature":"","_kad_post_feature_position":"","_kad_post_header":false,"_kad_post_footer":false,"_joinchat":[]},"product_brand":[],"product_cat":[25,28,24],"product_tag":[],"class_list":{"0":"post-692","1":"product","2":"type-product","3":"status-publish","4":"has-post-thumbnail","6":"product_cat-dildos","7":"product_cat-juguetebateria","8":"product_cat-juguetes-sexuales","10":"first","11":"instock","12":"shipping-taxable","13":"purchasable","14":"product-type-simple","15":"entry","16":"content-bg","17":"loop-entry"},"_links":{"self":[{"href":"https:\/\/lenceria69.com\/cr\/wp-json\/wp\/v2\/product\/692","targetHints":{"allow":["GET"]}}],"collection":[{"href":"https:\/\/lenceria69.com\/cr\/wp-json\/wp\/v2\/product"}],"about":[{"href":"https:\/\/lenceria69.com\/cr\/wp-json\/wp\/v2\/types\/product"}],"replies":[{"embeddable":true,"href":"https:\/\/lenceria69.com\/cr\/wp-json\/wp\/v2\/comments?post=692"}],"version-history":[{"count":2,"href":"https:\/\/lenceria69.com\/cr\/wp-json\/wp\/v2\/product\/692\/revisions"}],"predecessor-version":[{"id":4284,"href":"https:\/\/lenceria69.com\/cr\/wp-json\/wp\/v2\/product\/692\/revisions\/4284"}],"wp:featuredmedia":[{"embeddable":true,"href":"https:\/\/lenceria69.com\/cr\/wp-json\/wp\/v2\/media\/4277"}],"wp:attachment":[{"href":"https:\/\/lenceria69.com\/cr\/wp-json\/wp\/v2\/media?parent=692"}],"wp:term":[{"taxonomy":"product_brand","embeddable":true,"href":"https:\/\/lenceria69.com\/cr\/wp-json\/wp\/v2\/product_brand?post=692"},{"taxonomy":"product_cat","embeddable":true,"href":"https:\/\/lenceria69.com\/cr\/wp-json\/wp\/v2\/product_cat?post=692"},{"taxonomy":"product_tag","embeddable":true,"href":"https:\/\/lenceria69.com\/cr\/wp-json\/wp\/v2\/product_tag?post=692"}],"curies":[{"name":"wp","href":"https:\/\/api.w.org\/{rel}","templated":true}]}}