{"id":684,"date":"2023-03-31T08:42:33","date_gmt":"2023-03-31T14:42:33","guid":{"rendered":"http:\/\/lenceria69.com\/cr\/?post_type=product&#038;p=684"},"modified":"2024-09-23T01:07:03","modified_gmt":"2024-09-23T07:07:03","slug":"magicmotionflamingo","status":"publish","type":"product","link":"https:\/\/lenceria69.com\/cr\/producto\/magicmotionflamingo\/","title":{"rendered":"Magic Motion Flamingo &#8211; Vibrador Controlado por APP de Movil"},"content":{"rendered":"<p>Llego lo que estabas esperando, un vibrador capaz de ser controlado desde un dispositivo movil, ya sea tu telefono celular o una tableta, sutil y discreto lo puedes utilizar en cualquier lugar o bien puedes dejar que tu pareja lo utilice a distancia para hacer un momento cualquiera en donde este es un momento ardiente sin que nadie lo descubra.<\/p>\n<h3 style=\"text-align: center;\"><strong>Te traemos el Magic Motion FLAMINGO!!!<\/strong><\/h3>\n<p>Modo: el huevo vibratorio de la bola de Kegel tiene patrones de control de APP propios (7 patrones), control remoto de diferentes distancias de socios de larga distancia, cuando no use el control de APP, use el control del bot\u00f3n vibrador<\/p>\n<p>Interactivo con su propia aplicaci\u00f3n: Magic Motion Smart Kegel Ball Master APP Control admite la operaci\u00f3n remota y la interacci\u00f3n. La hembra puede controlar el vibrador a trav\u00e9s de la m\u00fasica. Las parejas pueden ver y escuchar en sus tel\u00e9fonos inteligentes (similar a un chat de video). \u00a1Feliz de compartirlo con tu amante!<\/p>\n<p>El huevo del tel\u00e9fono inteligente con control de aplicaci\u00f3n inal\u00e1mbrica es suave con la piel y las paredes vaginales<br \/>\nReforzar el control de la vejiga: el tutorial de kegel viene con la aplicaci\u00f3n. Los m\u00e9dicos coinciden en que los ejercicios inteligentes de Kegel ayudan a combatir la incontinencia de esfuerzo urinaria, la debilidad del piso p\u00e9lvico, el prolapso vaginal y rectal. Este juego de pesas de ejercicio Kegel ayuda a las mujeres a reducir la incontinencia y las \u00abfugas\u00bb<br \/>\nTodo el juguete sexual para adultos est\u00e1 embalado en un paquete discreto, protege tu privacidad. Cualquier problema, no dude en contactarnos.<\/p>\n","protected":false},"excerpt":{"rendered":"<p>Llego lo que estabas esperando, un vibrador capaz de ser controlado desde un dispositivo movil, ya sea tu telefono celular o una tableta, sutil y discreto lo puedes utilizar en cualquier lugar o bien puedes dejar que tu pareja lo utilice a distancia para hacer un momento cualquiera en donde este es un momento ardiente&#8230;<\/p>\n","protected":false},"featured_media":100000335,"comment_status":"open","ping_status":"closed","template":"","meta":{"_kad_post_transparent":"default","_kad_post_title":"","_kad_post_layout":"default","_kad_post_sidebar_id":"","_kad_post_content_style":"default","_kad_post_vertical_padding":"default","_kad_post_feature":"","_kad_post_feature_position":"","_kad_post_header":false,"_kad_post_footer":false,"_joinchat":[]},"product_brand":[],"product_cat":[31,24],"product_tag":[],"class_list":{"0":"post-684","1":"product","2":"type-product","3":"status-publish","4":"has-post-thumbnail","6":"product_cat-jugueterecargable","7":"product_cat-juguetes-sexuales","9":"first","10":"instock","11":"shipping-taxable","12":"purchasable","13":"product-type-simple","14":"entry","15":"content-bg","16":"loop-entry"},"_links":{"self":[{"href":"https:\/\/lenceria69.com\/cr\/wp-json\/wp\/v2\/product\/684","targetHints":{"allow":["GET"]}}],"collection":[{"href":"https:\/\/lenceria69.com\/cr\/wp-json\/wp\/v2\/product"}],"about":[{"href":"https:\/\/lenceria69.com\/cr\/wp-json\/wp\/v2\/types\/product"}],"replies":[{"embeddable":true,"href":"https:\/\/lenceria69.com\/cr\/wp-json\/wp\/v2\/comments?post=684"}],"version-history":[{"count":1,"href":"https:\/\/lenceria69.com\/cr\/wp-json\/wp\/v2\/product\/684\/revisions"}],"predecessor-version":[{"id":4273,"href":"https:\/\/lenceria69.com\/cr\/wp-json\/wp\/v2\/product\/684\/revisions\/4273"}],"wp:featuredmedia":[{"embeddable":true,"href":"https:\/\/lenceria69.com\/cr\/wp-json\/"}],"wp:attachment":[{"href":"https:\/\/lenceria69.com\/cr\/wp-json\/wp\/v2\/media?parent=684"}],"wp:term":[{"taxonomy":"product_brand","embeddable":true,"href":"https:\/\/lenceria69.com\/cr\/wp-json\/wp\/v2\/product_brand?post=684"},{"taxonomy":"product_cat","embeddable":true,"href":"https:\/\/lenceria69.com\/cr\/wp-json\/wp\/v2\/product_cat?post=684"},{"taxonomy":"product_tag","embeddable":true,"href":"https:\/\/lenceria69.com\/cr\/wp-json\/wp\/v2\/product_tag?post=684"}],"curies":[{"name":"wp","href":"https:\/\/api.w.org\/{rel}","templated":true}]}}