{"id":665,"date":"2023-03-30T20:07:28","date_gmt":"2023-03-31T02:07:28","guid":{"rendered":"http:\/\/lenceria69.com\/cr\/?post_type=product&#038;p=665"},"modified":"2023-05-18T11:02:14","modified_gmt":"2023-05-18T17:02:14","slug":"anal-fantasy-collection-bolas-vibradoras-para-juego-anal","status":"publish","type":"product","link":"https:\/\/lenceria69.com\/cr\/producto\/anal-fantasy-collection-bolas-vibradoras-para-juego-anal\/","title":{"rendered":"Anal Fantasy Collection &#8211; Bolas Vibradoras para Juego Anal"},"content":{"rendered":"<p>Si nunca ha probado el juego anal, estas Deluxe Vibro Balls son justo lo que necesita para explorar el asombroso mundo de la estimulaci\u00f3n anal.<\/p>\n<p>Las Deluxe Vibro Balls tienen un di\u00e1metro de 1.25&#8243; y cuentan con un robusto cable de recuperaci\u00f3n para un manejo seguro y f\u00e1cil. Las elegantes bolas pesadas son placenteras y contin\u00faan vibrando con cada movimiento de su cuerpo. Incluso el m\u00e1s m\u00ednimo temblor activar\u00e1 vibraciones exquisitamente silenciosas que nunca requieren pilas! La limpieza es muy sencilla despu\u00e9s de la diversi\u00f3n con el limpiador Refresh Toy Cleaner incluido y agua tibia.<\/p>\n<p>Disfrute de las emocionantes sensaciones de la presi\u00f3n anal y el placer metiendo una bola a la vez, insertando tantas como se sienta c\u00f3modo antes de tirar suavemente del resistente cord\u00f3n de recuperaci\u00f3n para liberar cada bola y obtener a\u00fan m\u00e1s estimulaci\u00f3n. \u00a1Intente tirar de sus Deluxe Vibro Balls a mitad del cl\u00edmax para obtener el cl\u00edmax m\u00e1s explosivo que jam\u00e1s haya imaginado!<\/p>\n","protected":false},"excerpt":{"rendered":"<p>Si nunca ha probado el juego anal, estas Deluxe Vibro Balls son justo lo que necesita para explorar el asombroso mundo de la estimulaci\u00f3n anal. Las Deluxe Vibro Balls tienen un di\u00e1metro de 1.25&#8243; y cuentan con un robusto cable de recuperaci\u00f3n para un manejo seguro y f\u00e1cil. Las elegantes bolas pesadas son placenteras y&#8230;<\/p>\n","protected":false},"featured_media":100000284,"comment_status":"open","ping_status":"closed","template":"","meta":{"_kad_post_transparent":"default","_kad_post_title":"","_kad_post_layout":"default","_kad_post_sidebar_id":"","_kad_post_content_style":"default","_kad_post_vertical_padding":"default","_kad_post_feature":"","_kad_post_feature_position":"","_kad_post_header":false,"_kad_post_footer":false,"_joinchat":[]},"product_brand":[],"product_cat":[26,24],"product_tag":[],"class_list":{"0":"post-665","1":"product","2":"type-product","3":"status-publish","4":"has-post-thumbnail","6":"product_cat-jugueteanal","7":"product_cat-juguetes-sexuales","9":"first","10":"instock","11":"shipping-taxable","12":"purchasable","13":"product-type-simple","14":"entry","15":"content-bg","16":"loop-entry"},"_links":{"self":[{"href":"https:\/\/lenceria69.com\/cr\/wp-json\/wp\/v2\/product\/665","targetHints":{"allow":["GET"]}}],"collection":[{"href":"https:\/\/lenceria69.com\/cr\/wp-json\/wp\/v2\/product"}],"about":[{"href":"https:\/\/lenceria69.com\/cr\/wp-json\/wp\/v2\/types\/product"}],"replies":[{"embeddable":true,"href":"https:\/\/lenceria69.com\/cr\/wp-json\/wp\/v2\/comments?post=665"}],"version-history":[{"count":0,"href":"https:\/\/lenceria69.com\/cr\/wp-json\/wp\/v2\/product\/665\/revisions"}],"wp:featuredmedia":[{"embeddable":true,"href":"https:\/\/lenceria69.com\/cr\/wp-json\/"}],"wp:attachment":[{"href":"https:\/\/lenceria69.com\/cr\/wp-json\/wp\/v2\/media?parent=665"}],"wp:term":[{"taxonomy":"product_brand","embeddable":true,"href":"https:\/\/lenceria69.com\/cr\/wp-json\/wp\/v2\/product_brand?post=665"},{"taxonomy":"product_cat","embeddable":true,"href":"https:\/\/lenceria69.com\/cr\/wp-json\/wp\/v2\/product_cat?post=665"},{"taxonomy":"product_tag","embeddable":true,"href":"https:\/\/lenceria69.com\/cr\/wp-json\/wp\/v2\/product_tag?post=665"}],"curies":[{"name":"wp","href":"https:\/\/api.w.org\/{rel}","templated":true}]}}