{"id":664,"date":"2023-03-30T20:03:16","date_gmt":"2023-03-31T02:03:16","guid":{"rendered":"http:\/\/lenceria69.com\/cr\/?post_type=product&#038;p=664"},"modified":"2023-05-18T11:02:53","modified_gmt":"2023-05-18T17:02:53","slug":"anal-fantasy-collection-kit-de-cuencas-anales-para-principiante","status":"publish","type":"product","link":"https:\/\/lenceria69.com\/cr\/producto\/anal-fantasy-collection-kit-de-cuencas-anales-para-principiante\/","title":{"rendered":"Anal Fantasy Collection &#8211; Kit de Cuencas Anales para Principiante"},"content":{"rendered":"<p>Levanta el tab\u00fa asociado con el sexo anal y descubre un placer incre\u00edble con nuestra Colecci\u00f3n Anal Fantasy. Si nunca ha probado el juego anal, este kit de cuentas para principiantes es justo lo que necesita para explorar el asombroso mundo de la estimulaci\u00f3n anal.<\/p>\n<p>\u00a1La clave para el juego anal es tomarlo con calma! Intentar la penetraci\u00f3n anal antes de estar bien excitado puede ser desagradable, as\u00ed que rel\u00e1jate para disfrutar de la experiencia. El juego con los dedos es una excelente manera de relajar el ano. El ano y el recto no tienen un sistema de lubricaci\u00f3n autom\u00e1tico como la vagina, as\u00ed que use abundante loci\u00f3n Moist\u00ae para reducir la fricci\u00f3n y aumentar el placer.<\/p>\n<p>Comience con el juego de cuentas m\u00e1s peque\u00f1o, que tiene una punta de solo 0,5 \u00abpara facilitar la inserci\u00f3n antes de expandirse gradualmente a 0,75\u00bb. Una vez que se haya acostumbrado al tama\u00f1o, experimente con las cuentas atadas antes de graduar al conjunto m\u00e1s grande. Los n\u00fameros 1 y 2 cuentan con un eje flexible que se dobla con los contornos de su cuerpo para golpear el lugar correcto, mientras que los resistentes cordones de recuperaci\u00f3n de los n\u00fameros 1 y 3 ofrecen un f\u00e1cil manejo. Aseg\u00farese de no insertar la \u00faltima cuenta del n. \u00b0 2, ya que la necesitar\u00e1 para manipular el art\u00edculo.<\/p>\n<p>Disfrute de las emocionantes sensaciones de la presi\u00f3n anal y el placer colocando una cuenta a la vez, insertando tantas como se sienta c\u00f3modo antes de tirar suavemente de la base para liberar cada cuenta y obtener a\u00fan m\u00e1s estimulaci\u00f3n. \u00a1Intenta tirar de tus cuentas a mitad del orgasmo para lograr el cl\u00edmax m\u00e1s explosivo que jam\u00e1s hayas imaginado! La limpieza es muy sencilla despu\u00e9s de la diversi\u00f3n con Refresh Toy Cleaner y agua tibia.<\/p>\n<p>Cuencas No. 1:<\/p>\n<p>Longitud insertable: 5 pulg. (12,7 cm)<br \/>\nDi\u00e1metro: 0,75 pulgadas (2 cm)<\/p>\n<p>Cuencas No. 2:<\/p>\n<p>Longitud insertable: 10 pulg. (24,7 cm)<br \/>\nDi\u00e1metro: 2,5 cm (1 pulg.)<\/p>\n<p>Cuencas No. 3: Di\u00e1metro: 0,75 pulg. (2 cm)<\/p>\n","protected":false},"excerpt":{"rendered":"<p>Levanta el tab\u00fa asociado con el sexo anal y descubre un placer incre\u00edble con nuestra Colecci\u00f3n Anal Fantasy. Si nunca ha probado el juego anal, este kit de cuentas para principiantes es justo lo que necesita para explorar el asombroso mundo de la estimulaci\u00f3n anal. \u00a1La clave para el juego anal es tomarlo con calma!&#8230;<\/p>\n","protected":false},"featured_media":100000280,"comment_status":"open","ping_status":"closed","template":"","meta":{"_kad_post_transparent":"default","_kad_post_title":"","_kad_post_layout":"default","_kad_post_sidebar_id":"","_kad_post_content_style":"default","_kad_post_vertical_padding":"default","_kad_post_feature":"","_kad_post_feature_position":"","_kad_post_header":false,"_kad_post_footer":false,"_joinchat":[]},"product_brand":[],"product_cat":[26,24],"product_tag":[],"class_list":{"0":"post-664","1":"product","2":"type-product","3":"status-publish","4":"has-post-thumbnail","6":"product_cat-jugueteanal","7":"product_cat-juguetes-sexuales","9":"first","10":"instock","11":"shipping-taxable","12":"purchasable","13":"product-type-simple","14":"entry","15":"content-bg","16":"loop-entry"},"_links":{"self":[{"href":"https:\/\/lenceria69.com\/cr\/wp-json\/wp\/v2\/product\/664","targetHints":{"allow":["GET"]}}],"collection":[{"href":"https:\/\/lenceria69.com\/cr\/wp-json\/wp\/v2\/product"}],"about":[{"href":"https:\/\/lenceria69.com\/cr\/wp-json\/wp\/v2\/types\/product"}],"replies":[{"embeddable":true,"href":"https:\/\/lenceria69.com\/cr\/wp-json\/wp\/v2\/comments?post=664"}],"version-history":[{"count":0,"href":"https:\/\/lenceria69.com\/cr\/wp-json\/wp\/v2\/product\/664\/revisions"}],"wp:featuredmedia":[{"embeddable":true,"href":"https:\/\/lenceria69.com\/cr\/wp-json\/"}],"wp:attachment":[{"href":"https:\/\/lenceria69.com\/cr\/wp-json\/wp\/v2\/media?parent=664"}],"wp:term":[{"taxonomy":"product_brand","embeddable":true,"href":"https:\/\/lenceria69.com\/cr\/wp-json\/wp\/v2\/product_brand?post=664"},{"taxonomy":"product_cat","embeddable":true,"href":"https:\/\/lenceria69.com\/cr\/wp-json\/wp\/v2\/product_cat?post=664"},{"taxonomy":"product_tag","embeddable":true,"href":"https:\/\/lenceria69.com\/cr\/wp-json\/wp\/v2\/product_tag?post=664"}],"curies":[{"name":"wp","href":"https:\/\/api.w.org\/{rel}","templated":true}]}}