{"id":662,"date":"2023-03-30T19:54:28","date_gmt":"2023-03-31T01:54:28","guid":{"rendered":"http:\/\/lenceria69.com\/cr\/?post_type=product&#038;p=662"},"modified":"2023-05-18T11:01:52","modified_gmt":"2023-05-18T17:01:52","slug":"anal-fantasy-collection-anillo-para-pene-y-perlas-anales","status":"publish","type":"product","link":"https:\/\/lenceria69.com\/cr\/producto\/anal-fantasy-collection-anillo-para-pene-y-perlas-anales\/","title":{"rendered":"Anal Fantasy Collection &#8211; Anillo para Pene y Perlas Anales"},"content":{"rendered":"<p>Disfruta de las eyaculaciones m\u00e1s explosivas de la historia con las perlas anales Ass-Gasm Cockring. Hecho completamente de nuestra suave como la seda Elite Silicone, este enchufe port\u00e1til funciona como un anillo para el pene que mejora el rendimiento, lo que permite al usuario prolongar la eyaculaci\u00f3n y extender la diversi\u00f3n mientras disfruta de una incre\u00edble estimulaci\u00f3n de la pr\u00f3stata.<\/p>\n<p>\u00a1Con las perlas anales Ass-Gasm Cockring en tu culo y el anillo envuelto alrededor de tu polla y bolas, te mantendr\u00e1s m\u00e1s duro y fuerte que nunca! El anillo de silicona s\u00faper el\u00e1stico pone el freno a las bajas de rendimiento, \u00a1manteniendo erecciones firmes que duran y duran!<\/p>\n<p>Caracter\u00edsticas y beneficios:<br \/>\n&#8211; Ultra-Hygienic Elite Silicone \u2122<br \/>\n&#8211; Versi\u00f3n con cuentas de nuestro anillo de pene Ass-Gasm m\u00e1s vendido<br \/>\n&#8211; \u00a1Eyaculaciones explosivas!<br \/>\n&#8211; Se dobla como perlas y anillo de pene.<br \/>\n&#8211; Cuentas c\u00f3nicas para una f\u00e1cil inserci\u00f3n<br \/>\n&#8211; \u00daselo c\u00f3modamente todo el d\u00eda<br \/>\n&#8211; Anillo m\u00e1s ancho para un ajuste sin pellizcos<\/p>\n<p>Instrucciones de operaci\u00f3n:<br \/>\n&#8211; \u00a1Coloque el anillo alargado alrededor de la base de su pene y bolas y \u00faselo todo el d\u00eda para una diversi\u00f3n duradera y eyaculaciones enormes y poderosas!<br \/>\n&#8211; El ano y el recto no tienen un sistema de lubricaci\u00f3n autom\u00e1tico como la vagina, por lo tanto, use muchos, p. Lubricante Moist\u201a\u00ae para reducir la fricci\u00f3n y aumentar el placer.<br \/>\n&#8211; Limpieza: despu\u00e9s de la diversi\u00f3n, lave las perlas anales Ass-Gasm Cockring con limpiadores como ser Refrescar Toy Cleaner o\/y agua tibia.<\/p>\n<p>El paquete incluye: (1) cuentas anales Ass-Gasm Cockring<\/p>\n<p>Dimensiones:<br \/>\n&#8211; Altura \/ longitud total: 4,7 pulg. (12,0 cm)<br \/>\n&#8211; Enchufe insertable de longitud: 10 cm (3,9 pulg.)<br \/>\n&#8211; Parte insertable m\u00e1s ancha (circunferencia): 8,0 cm (3,14 pulg.)<br \/>\n&#8211; Di\u00e1metro insertable: 0,9 \u00ab(2,3 cm)<br \/>\n&#8211; Di\u00e1metro del anillo en C: 1,8 \u00ab(4,5 cm)<\/p>\n","protected":false},"excerpt":{"rendered":"<p>Disfruta de las eyaculaciones m\u00e1s explosivas de la historia con las perlas anales Ass-Gasm Cockring. Hecho completamente de nuestra suave como la seda Elite Silicone, este enchufe port\u00e1til funciona como un anillo para el pene que mejora el rendimiento, lo que permite al usuario prolongar la eyaculaci\u00f3n y extender la diversi\u00f3n mientras disfruta de una&#8230;<\/p>\n","protected":false},"featured_media":100000277,"comment_status":"open","ping_status":"closed","template":"","meta":{"_kad_post_transparent":"default","_kad_post_title":"","_kad_post_layout":"default","_kad_post_sidebar_id":"","_kad_post_content_style":"default","_kad_post_vertical_padding":"default","_kad_post_feature":"","_kad_post_feature_position":"","_kad_post_header":false,"_kad_post_footer":false,"_joinchat":[]},"product_brand":[],"product_cat":[30,24],"product_tag":[],"class_list":{"0":"post-662","1":"product","2":"type-product","3":"status-publish","4":"has-post-thumbnail","6":"product_cat-juguetes_para_ellos","7":"product_cat-juguetes-sexuales","9":"first","10":"instock","11":"sale","12":"shipping-taxable","13":"purchasable","14":"product-type-simple","15":"entry","16":"content-bg","17":"loop-entry"},"_links":{"self":[{"href":"https:\/\/lenceria69.com\/cr\/wp-json\/wp\/v2\/product\/662","targetHints":{"allow":["GET"]}}],"collection":[{"href":"https:\/\/lenceria69.com\/cr\/wp-json\/wp\/v2\/product"}],"about":[{"href":"https:\/\/lenceria69.com\/cr\/wp-json\/wp\/v2\/types\/product"}],"replies":[{"embeddable":true,"href":"https:\/\/lenceria69.com\/cr\/wp-json\/wp\/v2\/comments?post=662"}],"version-history":[{"count":0,"href":"https:\/\/lenceria69.com\/cr\/wp-json\/wp\/v2\/product\/662\/revisions"}],"wp:featuredmedia":[{"embeddable":true,"href":"https:\/\/lenceria69.com\/cr\/wp-json\/"}],"wp:attachment":[{"href":"https:\/\/lenceria69.com\/cr\/wp-json\/wp\/v2\/media?parent=662"}],"wp:term":[{"taxonomy":"product_brand","embeddable":true,"href":"https:\/\/lenceria69.com\/cr\/wp-json\/wp\/v2\/product_brand?post=662"},{"taxonomy":"product_cat","embeddable":true,"href":"https:\/\/lenceria69.com\/cr\/wp-json\/wp\/v2\/product_cat?post=662"},{"taxonomy":"product_tag","embeddable":true,"href":"https:\/\/lenceria69.com\/cr\/wp-json\/wp\/v2\/product_tag?post=662"}],"curies":[{"name":"wp","href":"https:\/\/api.w.org\/{rel}","templated":true}]}}