{"id":659,"date":"2023-03-30T19:48:20","date_gmt":"2023-03-31T01:48:20","guid":{"rendered":"http:\/\/lenceria69.com\/cr\/?post_type=product&#038;p=659"},"modified":"2024-09-23T12:48:51","modified_gmt":"2024-09-23T18:48:51","slug":"shandemagiccat","status":"publish","type":"product","link":"https:\/\/lenceria69.com\/cr\/producto\/shandemagiccat\/","title":{"rendered":"Magic Cat &#8211; Masturbador en Forma de Huevo"},"content":{"rendered":"<p>Dile adios a tu amiga\u00a0<strong>\u00abLa Manuela\u00bb<\/strong>, es hora de elevar el nivel de juego con este juguete realista Vagina que simula la textura de una vagina, luego de usar este accesorio la masturbacion tradicional no volvera a ser lo mismo.<\/p>\n<p>\u2013 Equilibrio exquisito: Este sentimiento de satisfacci\u00f3n es un equilibrio exquisito de tama\u00f1o, peso y operabilidad.<br \/>\n\u2013 Experiencia doble: La estimulaci\u00f3n de t\u00fanel acanalada y texturizada en 3D realista en el pene con cada embestida le brinda la maravillosa experiencia sexual.<br \/>\n\u2013 Material de alta calidad: es suave y suave para el pene. Es una sensaci\u00f3n de uso espesa con gran elasticidad y elasticidad. La sensaci\u00f3n es buena y el per\u00edodo de uso ser\u00e1 m\u00e1s largo. Si usa una lubricante, ajustar\u00e1 el caracol para que se ajuste perfectamente y podr\u00e1 experimentar una fuerte succi\u00f3n similar al vac\u00edo.<\/p>\n<p>Descripcion:<br \/>\n\u2013 Tama\u00f1o: 108mm, 62.8mm<\/p>\n","protected":false},"excerpt":{"rendered":"<p>Este producto se vende en pack de dos unidades.<\/p>\n","protected":false},"featured_media":1000001656,"comment_status":"open","ping_status":"closed","template":"","meta":{"_kad_post_transparent":"default","_kad_post_title":"","_kad_post_layout":"default","_kad_post_sidebar_id":"","_kad_post_content_style":"default","_kad_post_vertical_padding":"default","_kad_post_feature":"","_kad_post_feature_position":"","_kad_post_header":false,"_kad_post_footer":false,"_joinchat":[]},"product_brand":[],"product_cat":[30,24],"product_tag":[],"class_list":{"0":"post-659","1":"product","2":"type-product","3":"status-publish","4":"has-post-thumbnail","6":"product_cat-juguetes_para_ellos","7":"product_cat-juguetes-sexuales","9":"first","10":"instock","11":"shipping-taxable","12":"purchasable","13":"product-type-variable","14":"entry","15":"content-bg","16":"loop-entry"},"_links":{"self":[{"href":"https:\/\/lenceria69.com\/cr\/wp-json\/wp\/v2\/product\/659","targetHints":{"allow":["GET"]}}],"collection":[{"href":"https:\/\/lenceria69.com\/cr\/wp-json\/wp\/v2\/product"}],"about":[{"href":"https:\/\/lenceria69.com\/cr\/wp-json\/wp\/v2\/types\/product"}],"replies":[{"embeddable":true,"href":"https:\/\/lenceria69.com\/cr\/wp-json\/wp\/v2\/comments?post=659"}],"version-history":[{"count":1,"href":"https:\/\/lenceria69.com\/cr\/wp-json\/wp\/v2\/product\/659\/revisions"}],"predecessor-version":[{"id":4180,"href":"https:\/\/lenceria69.com\/cr\/wp-json\/wp\/v2\/product\/659\/revisions\/4180"}],"wp:featuredmedia":[{"embeddable":true,"href":"https:\/\/lenceria69.com\/cr\/wp-json\/"}],"wp:attachment":[{"href":"https:\/\/lenceria69.com\/cr\/wp-json\/wp\/v2\/media?parent=659"}],"wp:term":[{"taxonomy":"product_brand","embeddable":true,"href":"https:\/\/lenceria69.com\/cr\/wp-json\/wp\/v2\/product_brand?post=659"},{"taxonomy":"product_cat","embeddable":true,"href":"https:\/\/lenceria69.com\/cr\/wp-json\/wp\/v2\/product_cat?post=659"},{"taxonomy":"product_tag","embeddable":true,"href":"https:\/\/lenceria69.com\/cr\/wp-json\/wp\/v2\/product_tag?post=659"}],"curies":[{"name":"wp","href":"https:\/\/api.w.org\/{rel}","templated":true}]}}