{"id":656,"date":"2023-03-30T18:53:18","date_gmt":"2023-03-31T00:53:18","guid":{"rendered":"http:\/\/lenceria69.com\/cr\/?post_type=product&#038;p=656"},"modified":"2023-05-20T14:49:24","modified_gmt":"2023-05-20T20:49:24","slug":"magic-motion-eilodon-vibrador-controlado-por-app-movil","status":"publish","type":"product","link":"https:\/\/lenceria69.com\/cr\/producto\/magic-motion-eilodon-vibrador-controlado-por-app-movil\/","title":{"rendered":"Magic Motion Eilodon\u2013 Vibrador Controlado por App Movil"},"content":{"rendered":"<p>Siente la adrenalina en tu cuerpo gracias a nuestro vibrador port\u00e1til Magic Eidolon. Este vibrador inteligente le promete las vibraciones del punto G y la estimulaci\u00f3n del cl\u00edtoris m\u00e1s excitantes e intensas. Magic Eidolon ha sido especialmente dise\u00f1ado para parejas a las que les gusta tener sexo en p\u00fablico y mujeres a las que les gusta que se burlen de ellas cuando salen.<\/p>\n<div><\/div>\n<div>Interactivo con su propia aplicaci\u00f3n: Magic Motion APP Control admite la operaci\u00f3n remota y la interacci\u00f3n. Tu puedes controlar el vibrador a trav\u00e9s de la m\u00fasica. Las parejas pueden ver y escuchar en sus tel\u00e9fonos inteligentes (similar a un chat de video). \u00a1Feliz de compartirlo con tu amante!<\/div>\n","protected":false},"excerpt":{"rendered":"<p>Siente la adrenalina en tu cuerpo gracias a nuestro vibrador port\u00e1til Magic Eidolon. Este vibrador inteligente le promete las vibraciones del punto G y la estimulaci\u00f3n del cl\u00edtoris m\u00e1s excitantes e intensas. Magic Eidolon ha sido especialmente dise\u00f1ado para parejas a las que les gusta tener sexo en p\u00fablico y mujeres a las que les&#8230;<\/p>\n","protected":false},"featured_media":100000249,"comment_status":"open","ping_status":"closed","template":"","meta":{"_kad_post_transparent":"default","_kad_post_title":"","_kad_post_layout":"default","_kad_post_sidebar_id":"","_kad_post_content_style":"default","_kad_post_vertical_padding":"default","_kad_post_feature":"","_kad_post_feature_position":"","_kad_post_header":false,"_kad_post_footer":false,"_joinchat":[]},"product_brand":[],"product_cat":[31,24],"product_tag":[],"class_list":{"0":"post-656","1":"product","2":"type-product","3":"status-publish","4":"has-post-thumbnail","6":"product_cat-jugueterecargable","7":"product_cat-juguetes-sexuales","9":"first","10":"instock","11":"shipping-taxable","12":"purchasable","13":"product-type-simple","14":"entry","15":"content-bg","16":"loop-entry"},"_links":{"self":[{"href":"https:\/\/lenceria69.com\/cr\/wp-json\/wp\/v2\/product\/656","targetHints":{"allow":["GET"]}}],"collection":[{"href":"https:\/\/lenceria69.com\/cr\/wp-json\/wp\/v2\/product"}],"about":[{"href":"https:\/\/lenceria69.com\/cr\/wp-json\/wp\/v2\/types\/product"}],"replies":[{"embeddable":true,"href":"https:\/\/lenceria69.com\/cr\/wp-json\/wp\/v2\/comments?post=656"}],"version-history":[{"count":0,"href":"https:\/\/lenceria69.com\/cr\/wp-json\/wp\/v2\/product\/656\/revisions"}],"wp:featuredmedia":[{"embeddable":true,"href":"https:\/\/lenceria69.com\/cr\/wp-json\/"}],"wp:attachment":[{"href":"https:\/\/lenceria69.com\/cr\/wp-json\/wp\/v2\/media?parent=656"}],"wp:term":[{"taxonomy":"product_brand","embeddable":true,"href":"https:\/\/lenceria69.com\/cr\/wp-json\/wp\/v2\/product_brand?post=656"},{"taxonomy":"product_cat","embeddable":true,"href":"https:\/\/lenceria69.com\/cr\/wp-json\/wp\/v2\/product_cat?post=656"},{"taxonomy":"product_tag","embeddable":true,"href":"https:\/\/lenceria69.com\/cr\/wp-json\/wp\/v2\/product_tag?post=656"}],"curies":[{"name":"wp","href":"https:\/\/api.w.org\/{rel}","templated":true}]}}