{"id":655,"date":"2023-03-30T18:46:00","date_gmt":"2023-03-31T00:46:00","guid":{"rendered":"http:\/\/lenceria69.com\/cr\/?post_type=product&#038;p=655"},"modified":"2023-12-17T14:01:02","modified_gmt":"2023-12-17T20:01:02","slug":"chastity-device-jaula-de-castidad-masculino","status":"publish","type":"product","link":"https:\/\/lenceria69.com\/cr\/producto\/chastity-device-jaula-de-castidad-masculino\/","title":{"rendered":"Chastity Device &#8211; Jaula de Castidad Masculino"},"content":{"rendered":"<p>Entregar el control de tus orgasmos a una pareja o dominante es una gran emoci\u00f3n y con nuestra colecci\u00f3n de dispositivos de castidad masculina encontrar\u00e1s algo para hacer exactamente eso. Si te tomas en serio la abstinencia o te encanta la idea del control del orgasmo, estos kits de jaula para el pene son la opci\u00f3n ideal si quieres tener tu pene fl\u00e1cido encerrado en un abrir y cerrar de ojos.<\/p>\n<p>La jaula de castidad de metal est\u00e1 hecha de acero inoxidable de grado m\u00e9dico. Este material es 100% seguro para el cuerpo, lo que lo convierte en una c\u00f3moda opci\u00f3n de juguete sexual. No es t\u00f3xico, no poroso e hipoalerg\u00e9nico.<\/p>\n<p style=\"text-align: center;\"><strong><em>El uso de este producto est\u00e1 destinado para la diversi\u00f3n durante encuentros sexuales que se desean llevar a cabo como parte de una fantas\u00eda y sea consensuada por ambas partes, no se recomienda que este dispositivo sea utilizado para su uso diario.<br \/>\n<\/em><\/strong><\/p>\n<p style=\"text-align: center;\"><em>Lenceria69 no se hace responsable por los da\u00f1os que pueda casuar dicho dispositivo sino es utilizada de la forma recomendada<\/em>.<\/p>\n","protected":false},"excerpt":{"rendered":"<p>Entregar el control de tus orgasmos a una pareja o dominante es una gran emoci\u00f3n y con nuestra colecci\u00f3n de dispositivos de castidad masculina encontrar\u00e1s algo para hacer exactamente eso. Si te tomas en serio la abstinencia o te encanta la idea del control del orgasmo, estos kits de jaula para el pene son la&#8230;<\/p>\n","protected":false},"featured_media":100000243,"comment_status":"open","ping_status":"closed","template":"","meta":{"_kad_post_transparent":"default","_kad_post_title":"","_kad_post_layout":"default","_kad_post_sidebar_id":"","_kad_post_content_style":"default","_kad_post_vertical_padding":"default","_kad_post_feature":"","_kad_post_feature_position":"","_kad_post_header":false,"_kad_post_footer":false,"_joinchat":[]},"product_brand":[],"product_cat":[27,24],"product_tag":[],"class_list":{"0":"post-655","1":"product","2":"type-product","3":"status-publish","4":"has-post-thumbnail","6":"product_cat-juguetebondage","7":"product_cat-juguetes-sexuales","9":"first","10":"instock","11":"shipping-taxable","12":"purchasable","13":"product-type-simple","14":"entry","15":"content-bg","16":"loop-entry"},"_links":{"self":[{"href":"https:\/\/lenceria69.com\/cr\/wp-json\/wp\/v2\/product\/655","targetHints":{"allow":["GET"]}}],"collection":[{"href":"https:\/\/lenceria69.com\/cr\/wp-json\/wp\/v2\/product"}],"about":[{"href":"https:\/\/lenceria69.com\/cr\/wp-json\/wp\/v2\/types\/product"}],"replies":[{"embeddable":true,"href":"https:\/\/lenceria69.com\/cr\/wp-json\/wp\/v2\/comments?post=655"}],"version-history":[{"count":0,"href":"https:\/\/lenceria69.com\/cr\/wp-json\/wp\/v2\/product\/655\/revisions"}],"wp:featuredmedia":[{"embeddable":true,"href":"https:\/\/lenceria69.com\/cr\/wp-json\/"}],"wp:attachment":[{"href":"https:\/\/lenceria69.com\/cr\/wp-json\/wp\/v2\/media?parent=655"}],"wp:term":[{"taxonomy":"product_brand","embeddable":true,"href":"https:\/\/lenceria69.com\/cr\/wp-json\/wp\/v2\/product_brand?post=655"},{"taxonomy":"product_cat","embeddable":true,"href":"https:\/\/lenceria69.com\/cr\/wp-json\/wp\/v2\/product_cat?post=655"},{"taxonomy":"product_tag","embeddable":true,"href":"https:\/\/lenceria69.com\/cr\/wp-json\/wp\/v2\/product_tag?post=655"}],"curies":[{"name":"wp","href":"https:\/\/api.w.org\/{rel}","templated":true}]}}