{"id":653,"date":"2023-03-30T18:34:26","date_gmt":"2023-03-31T00:34:26","guid":{"rendered":"http:\/\/lenceria69.com\/cr\/?post_type=product&#038;p=653"},"modified":"2024-02-14T17:05:18","modified_gmt":"2024-02-14T23:05:18","slug":"bondage-leather-mask-mascara-de-cuero-de-conejito","status":"publish","type":"product","link":"https:\/\/lenceria69.com\/cr\/producto\/bondage-leather-mask-mascara-de-cuero-de-conejito\/","title":{"rendered":"Bondage Leather Mask &#8211; Mascara de Cuero de Conejito"},"content":{"rendered":"<p>Suave y duradero: Nuestra m\u00e1scara de media cara est\u00e1 hecha de materiales de cuero ultrasuave y un remache de metal resistente. Los remaches de metal se han reforzado para que no se caigan f\u00e1cilmente.<br \/>\nUn tama\u00f1o que se adapta a la mayoria: Se adapta a una circunferencia de la cabeza de 18 \u00aba 28\u00bb. Viene con hebillas de metal para ajustar el tama\u00f1o, y si el tama\u00f1o no es adecuado, puede ajustarlo perforando agujeros en el cintur\u00f3n.<br \/>\nPerfecto para ocasiones: cosplay, bailes de disfraces, bailes de m\u00e1scaras, graduaciones, fiestas, bailes, festivales de m\u00fasica, raves, Mardi Gras, Masquerade, disfraces de Halloween, carnaval, club, etc.<br \/>\nFlexible y doblable: cuero suave y flexible, por lo que se puede ajustar f\u00e1cilmente para adaptarse a su cara. Y la correa puede mantener la m\u00e1scara en su lugar.<br \/>\nMascara de media cara: El bonito dise\u00f1o en forma de gato y los peque\u00f1os remaches incrustados alrededor de los ojos le dan un aspecto misterioso. Funcionar\u00e1 perfectamente para el atuendo de mujer gato.<\/p>\n","protected":false},"excerpt":{"rendered":"<p>Suave y duradero: Nuestra m\u00e1scara de media cara est\u00e1 hecha de materiales de cuero ultrasuave y un remache de metal resistente. Los remaches de metal se han reforzado para que no se caigan f\u00e1cilmente. Un tama\u00f1o que se adapta a la mayoria: Se adapta a una circunferencia de la cabeza de 18 \u00aba 28\u00bb. Viene&#8230;<\/p>\n","protected":false},"featured_media":100000218,"comment_status":"open","ping_status":"closed","template":"","meta":{"_kad_post_transparent":"default","_kad_post_title":"","_kad_post_layout":"default","_kad_post_sidebar_id":"","_kad_post_content_style":"default","_kad_post_vertical_padding":"default","_kad_post_feature":"","_kad_post_feature_position":"","_kad_post_header":false,"_kad_post_footer":false,"_joinchat":[]},"product_brand":[],"product_cat":[27,24],"product_tag":[],"class_list":{"0":"post-653","1":"product","2":"type-product","3":"status-publish","4":"has-post-thumbnail","6":"product_cat-juguetebondage","7":"product_cat-juguetes-sexuales","9":"first","10":"instock","11":"shipping-taxable","12":"purchasable","13":"product-type-simple","14":"entry","15":"content-bg","16":"loop-entry"},"_links":{"self":[{"href":"https:\/\/lenceria69.com\/cr\/wp-json\/wp\/v2\/product\/653","targetHints":{"allow":["GET"]}}],"collection":[{"href":"https:\/\/lenceria69.com\/cr\/wp-json\/wp\/v2\/product"}],"about":[{"href":"https:\/\/lenceria69.com\/cr\/wp-json\/wp\/v2\/types\/product"}],"replies":[{"embeddable":true,"href":"https:\/\/lenceria69.com\/cr\/wp-json\/wp\/v2\/comments?post=653"}],"version-history":[{"count":0,"href":"https:\/\/lenceria69.com\/cr\/wp-json\/wp\/v2\/product\/653\/revisions"}],"wp:featuredmedia":[{"embeddable":true,"href":"https:\/\/lenceria69.com\/cr\/wp-json\/"}],"wp:attachment":[{"href":"https:\/\/lenceria69.com\/cr\/wp-json\/wp\/v2\/media?parent=653"}],"wp:term":[{"taxonomy":"product_brand","embeddable":true,"href":"https:\/\/lenceria69.com\/cr\/wp-json\/wp\/v2\/product_brand?post=653"},{"taxonomy":"product_cat","embeddable":true,"href":"https:\/\/lenceria69.com\/cr\/wp-json\/wp\/v2\/product_cat?post=653"},{"taxonomy":"product_tag","embeddable":true,"href":"https:\/\/lenceria69.com\/cr\/wp-json\/wp\/v2\/product_tag?post=653"}],"curies":[{"name":"wp","href":"https:\/\/api.w.org\/{rel}","templated":true}]}}