{"id":652,"date":"2023-03-30T18:28:22","date_gmt":"2023-03-31T00:28:22","guid":{"rendered":"http:\/\/lenceria69.com\/cr\/?post_type=product&#038;p=652"},"modified":"2023-05-18T16:31:57","modified_gmt":"2023-05-18T22:31:57","slug":"fetish-fantasy-spank-me-panty-con-bala-vibradora","status":"publish","type":"product","link":"https:\/\/lenceria69.com\/cr\/producto\/fetish-fantasy-spank-me-panty-con-bala-vibradora\/","title":{"rendered":"Fetish Fantasy Spank Me &#8211; Panty con Bala Vibradora"},"content":{"rendered":"<p>\u00bfPuede usted guardar un secreto? \u00a1Escondida discretamente dentro de esta sexy tanga de encaje de talle bajo, hay una micro bala oculta dise\u00f1ada para sacudir tu mundo! La cintura suave y el\u00e1stica es tan c\u00f3moda que te olvidar\u00e1s de que est\u00e1s usando bragas, hasta que enciendas el microestimulador secreto. Con solo presionar un bot\u00f3n, el motor silencioso cobra vida y proporciona estimulaci\u00f3n directa donde m\u00e1s lo desea. \u00a1Lo mejor de todo es que nadie sabr\u00e1 nunca por qu\u00e9 sonr\u00edes tanto!<\/p>\n<p>&nbsp;<\/p>\n<p>Se adapta a tallas de cintura de 34 \u00ab(86 cm) &#8211; 44\u00bb (112 cm).<\/p>\n","protected":false},"excerpt":{"rendered":"<p>\u00bfPuede usted guardar un secreto? \u00a1Escondida discretamente dentro de esta sexy tanga de encaje de talle bajo, hay una micro bala oculta dise\u00f1ada para sacudir tu mundo! La cintura suave y el\u00e1stica es tan c\u00f3moda que te olvidar\u00e1s de que est\u00e1s usando bragas, hasta que enciendas el microestimulador secreto. Con solo presionar un bot\u00f3n, el&#8230;<\/p>\n","protected":false},"featured_media":100000215,"comment_status":"open","ping_status":"closed","template":"","meta":{"_kad_post_transparent":"default","_kad_post_title":"","_kad_post_layout":"default","_kad_post_sidebar_id":"","_kad_post_content_style":"default","_kad_post_vertical_padding":"default","_kad_post_feature":"","_kad_post_feature_position":"","_kad_post_header":false,"_kad_post_footer":false,"_joinchat":[]},"product_brand":[],"product_cat":[28,24],"product_tag":[],"class_list":{"0":"post-652","1":"product","2":"type-product","3":"status-publish","4":"has-post-thumbnail","6":"product_cat-juguetebateria","7":"product_cat-juguetes-sexuales","9":"first","10":"instock","11":"shipping-taxable","12":"purchasable","13":"product-type-simple","14":"entry","15":"content-bg","16":"loop-entry"},"_links":{"self":[{"href":"https:\/\/lenceria69.com\/cr\/wp-json\/wp\/v2\/product\/652","targetHints":{"allow":["GET"]}}],"collection":[{"href":"https:\/\/lenceria69.com\/cr\/wp-json\/wp\/v2\/product"}],"about":[{"href":"https:\/\/lenceria69.com\/cr\/wp-json\/wp\/v2\/types\/product"}],"replies":[{"embeddable":true,"href":"https:\/\/lenceria69.com\/cr\/wp-json\/wp\/v2\/comments?post=652"}],"version-history":[{"count":0,"href":"https:\/\/lenceria69.com\/cr\/wp-json\/wp\/v2\/product\/652\/revisions"}],"wp:featuredmedia":[{"embeddable":true,"href":"https:\/\/lenceria69.com\/cr\/wp-json\/"}],"wp:attachment":[{"href":"https:\/\/lenceria69.com\/cr\/wp-json\/wp\/v2\/media?parent=652"}],"wp:term":[{"taxonomy":"product_brand","embeddable":true,"href":"https:\/\/lenceria69.com\/cr\/wp-json\/wp\/v2\/product_brand?post=652"},{"taxonomy":"product_cat","embeddable":true,"href":"https:\/\/lenceria69.com\/cr\/wp-json\/wp\/v2\/product_cat?post=652"},{"taxonomy":"product_tag","embeddable":true,"href":"https:\/\/lenceria69.com\/cr\/wp-json\/wp\/v2\/product_tag?post=652"}],"curies":[{"name":"wp","href":"https:\/\/api.w.org\/{rel}","templated":true}]}}