{"id":640,"date":"2023-03-30T17:13:49","date_gmt":"2023-03-30T23:13:49","guid":{"rendered":"http:\/\/lenceria69.com\/cr\/?post_type=product&#038;p=640"},"modified":"2023-05-20T14:52:51","modified_gmt":"2023-05-20T20:52:51","slug":"pdx-roto-sucker-masturbador-con-funcion-de-succion","status":"publish","type":"product","link":"https:\/\/lenceria69.com\/cr\/producto\/pdx-roto-sucker-masturbador-con-funcion-de-succion\/","title":{"rendered":"PDX Roto Sucker &#8211; Masturbador con Funcion de Succion."},"content":{"rendered":"<p>\u00a1Disfruta de una experiencia de masturbaci\u00f3n m\u00e1xima! Con un cabezal pivotante para que pueda golpear en el lugar correcto, el PDX Elite Vibrating Roto-Sucker ofrece una combinaci\u00f3n incre\u00edble de vibraci\u00f3n intensa y succi\u00f3n extraordinaria.<br \/>\n\u00a1Personaliza tu placer de la forma que quieras! Disfrute de la succi\u00f3n, la vibraci\u00f3n, \u00a1separadas o juntas! Ambos potentes motores funcionan de forma independiente para que pueda disfrutar de una succi\u00f3n de vac\u00edo apretada y estimulante con o sin vibraci\u00f3n.<\/p>\n<p>&#8211; Los 7 patrones de vibraci\u00f3n y pulsaci\u00f3n provocadoras agregan m\u00e1s emoci\u00f3n a tus sesiones de masturbaci\u00f3n con solo presionar un bot\u00f3n. \u00a1Rodea la cabeza de tu pene con la mejor experiencia alucinante!<\/p>\n<p>Cabezal giratorio de ajuste personalizado: creado con Elite Silicone suave y flexible, el cabezal de succi\u00f3n giratorio est\u00e1 formado para encajar c\u00f3modamente sobre la cabeza de su pene. Las 4 leng\u00fcetas de las esquinas se pueden usar para un ajuste seguro y c\u00f3modo, y para garantizar que la piel sensible no se comprima. Internamente, el cabezal de succi\u00f3n de silicona est\u00e1 acanalado para una estimulaci\u00f3n extra placentera.<\/p>\n<p>Succi\u00f3n intensa: el m\u00e1ximo placer rodea la cabeza de su pene con una succi\u00f3n de vac\u00edo incre\u00edblemente estimulante que tira c\u00f3modamente de su \u00e1rea m\u00e1s sensible. \u00a1La cabeza giratoria es ajustable para su ajuste perfecto!<\/p>\n<p>Potente vibraci\u00f3n multifunci\u00f3n: el motor ultrafuerte est\u00e1 dise\u00f1ado espec\u00edficamente para estimular el punto del frenillo a lo largo de la parte inferior del pene para una masturbaci\u00f3n alucinante. Tambi\u00e9n proporciona una estimulaci\u00f3n profunda y placentera con 7 patrones intensos de vibraci\u00f3n y pulsaci\u00f3n.<\/p>\n<p>Instrucciones de operaci\u00f3n:<br \/>\n&#8211; Vibraci\u00f3n: presione el bot\u00f3n \u00abV\u00bb para iniciar la vibraci\u00f3n.<br \/>\nPresione el bot\u00f3n \u00abV\u00bb continuamente para recorrer 7 patrones de vibraci\u00f3n y pulsaci\u00f3n. Mantenga presionado el bot\u00f3n \u00abV\u00bb durante 3 segundos para apagar la vibraci\u00f3n.<\/p>\n<p>&#8211; Succi\u00f3n &#8211; Presione el bot\u00f3n \u201cS\u201d para iniciar el modo de succi\u00f3n. Mantenga presionado el bot\u00f3n \u00abS\u00bb durante 3 segundos para apagar el modo de succi\u00f3n.<\/p>\n<p>\u00a1La vibraci\u00f3n y la succi\u00f3n se pueden disfrutar juntas y por separado! \u00a1Liberaci\u00f3n r\u00e1pida de 2 maneras! &#8211; Presione el bot\u00f3n \u201cR\u201d para liberar inmediatamente la succi\u00f3n. Tire de cualquiera de las 4 pesta\u00f1as que rodean la cabeza para liberar la succi\u00f3n.<\/p>\n","protected":false},"excerpt":{"rendered":"<p>\u00a1Disfruta de una experiencia de masturbaci\u00f3n m\u00e1xima! Con un cabezal pivotante para que pueda golpear en el lugar correcto, el PDX Elite Vibrating Roto-Sucker ofrece una combinaci\u00f3n incre\u00edble de vibraci\u00f3n intensa y succi\u00f3n extraordinaria. \u00a1Personaliza tu placer de la forma que quieras! Disfrute de la succi\u00f3n, la vibraci\u00f3n, \u00a1separadas o juntas! Ambos potentes motores funcionan&#8230;<\/p>\n","protected":false},"featured_media":100000177,"comment_status":"open","ping_status":"closed","template":"","meta":{"_kad_post_transparent":"default","_kad_post_title":"","_kad_post_layout":"default","_kad_post_sidebar_id":"","_kad_post_content_style":"default","_kad_post_vertical_padding":"default","_kad_post_feature":"","_kad_post_feature_position":"","_kad_post_header":false,"_kad_post_footer":false,"_joinchat":[]},"product_brand":[],"product_cat":[28,30,24],"product_tag":[],"class_list":{"0":"post-640","1":"product","2":"type-product","3":"status-publish","4":"has-post-thumbnail","6":"product_cat-juguetebateria","7":"product_cat-juguetes_para_ellos","8":"product_cat-juguetes-sexuales","10":"first","11":"instock","12":"shipping-taxable","13":"purchasable","14":"product-type-simple","15":"entry","16":"content-bg","17":"loop-entry"},"_links":{"self":[{"href":"https:\/\/lenceria69.com\/cr\/wp-json\/wp\/v2\/product\/640","targetHints":{"allow":["GET"]}}],"collection":[{"href":"https:\/\/lenceria69.com\/cr\/wp-json\/wp\/v2\/product"}],"about":[{"href":"https:\/\/lenceria69.com\/cr\/wp-json\/wp\/v2\/types\/product"}],"replies":[{"embeddable":true,"href":"https:\/\/lenceria69.com\/cr\/wp-json\/wp\/v2\/comments?post=640"}],"version-history":[{"count":0,"href":"https:\/\/lenceria69.com\/cr\/wp-json\/wp\/v2\/product\/640\/revisions"}],"wp:featuredmedia":[{"embeddable":true,"href":"https:\/\/lenceria69.com\/cr\/wp-json\/"}],"wp:attachment":[{"href":"https:\/\/lenceria69.com\/cr\/wp-json\/wp\/v2\/media?parent=640"}],"wp:term":[{"taxonomy":"product_brand","embeddable":true,"href":"https:\/\/lenceria69.com\/cr\/wp-json\/wp\/v2\/product_brand?post=640"},{"taxonomy":"product_cat","embeddable":true,"href":"https:\/\/lenceria69.com\/cr\/wp-json\/wp\/v2\/product_cat?post=640"},{"taxonomy":"product_tag","embeddable":true,"href":"https:\/\/lenceria69.com\/cr\/wp-json\/wp\/v2\/product_tag?post=640"}],"curies":[{"name":"wp","href":"https:\/\/api.w.org\/{rel}","templated":true}]}}