{"id":619,"date":"2023-03-30T15:51:21","date_gmt":"2023-03-30T21:51:21","guid":{"rendered":"http:\/\/lenceria69.com\/cr\/?post_type=product&#038;p=619"},"modified":"2026-04-07T09:25:12","modified_gmt":"2026-04-07T15:25:12","slug":"king-cock-6-dildo-con-ventosa","status":"publish","type":"product","link":"https:\/\/lenceria69.com\/cr\/producto\/king-cock-6-dildo-con-ventosa\/","title":{"rendered":"King Cock 6&#8243; Dildo con Ventosa"},"content":{"rendered":"<p>\u00bfQuieres que tu primer consolador se vea y se sienta como el semental duro como una roca con el que siempre has fantaseado? \u00a1Deja de so\u00f1ar y b\u00e1jate con el Rey! Cada vena, cada eje y cada cabeza est\u00e1n cuidadosamente hechos a mano con exquisitos detalles para brindarle la experiencia m\u00e1s realista jam\u00e1s imaginada. La potente base de ventosa se adhiere a casi cualquier superficie plana y hace que todos los arneses de consolador sean compatibles.<\/p>\n<p>Dimensiones:<br \/>\n&#8211; Longitud: 6 \u00ab(15,2 cm)<br \/>\n&#8211; Ancho: 1,6 \u00ab(4,1 cm)<\/p>\n","protected":false},"excerpt":{"rendered":"<p>\u00bfQuieres que tu primer consolador se vea y se sienta como el semental duro como una roca con el que siempre has fantaseado? \u00a1Deja de so\u00f1ar y b\u00e1jate con el Rey! Cada vena, cada eje y cada cabeza est\u00e1n cuidadosamente hechos a mano con exquisitos detalles para brindarle la experiencia m\u00e1s realista jam\u00e1s imaginada. La&#8230;<\/p>\n","protected":false},"featured_media":100000105,"comment_status":"open","ping_status":"closed","template":"","meta":{"_kad_post_transparent":"default","_kad_post_title":"","_kad_post_layout":"default","_kad_post_sidebar_id":"","_kad_post_content_style":"default","_kad_post_vertical_padding":"default","_kad_post_feature":"","_kad_post_feature_position":"","_kad_post_header":false,"_kad_post_footer":false,"_kad_post_classname":"","_joinchat":[]},"product_brand":[],"product_cat":[25,29,24],"product_tag":[],"class_list":{"0":"post-619","1":"product","2":"type-product","3":"status-publish","4":"has-post-thumbnail","6":"product_cat-dildos","7":"product_cat-juguetesventosa","8":"product_cat-juguetes-sexuales","10":"first","11":"outofstock","12":"shipping-taxable","13":"product-type-variable","14":"entry","15":"content-bg","16":"loop-entry"},"_links":{"self":[{"href":"https:\/\/lenceria69.com\/cr\/wp-json\/wp\/v2\/product\/619","targetHints":{"allow":["GET"]}}],"collection":[{"href":"https:\/\/lenceria69.com\/cr\/wp-json\/wp\/v2\/product"}],"about":[{"href":"https:\/\/lenceria69.com\/cr\/wp-json\/wp\/v2\/types\/product"}],"replies":[{"embeddable":true,"href":"https:\/\/lenceria69.com\/cr\/wp-json\/wp\/v2\/comments?post=619"}],"version-history":[{"count":1,"href":"https:\/\/lenceria69.com\/cr\/wp-json\/wp\/v2\/product\/619\/revisions"}],"predecessor-version":[{"id":1041,"href":"https:\/\/lenceria69.com\/cr\/wp-json\/wp\/v2\/product\/619\/revisions\/1041"}],"wp:featuredmedia":[{"embeddable":true,"href":"https:\/\/lenceria69.com\/cr\/wp-json\/"}],"wp:attachment":[{"href":"https:\/\/lenceria69.com\/cr\/wp-json\/wp\/v2\/media?parent=619"}],"wp:term":[{"taxonomy":"product_brand","embeddable":true,"href":"https:\/\/lenceria69.com\/cr\/wp-json\/wp\/v2\/product_brand?post=619"},{"taxonomy":"product_cat","embeddable":true,"href":"https:\/\/lenceria69.com\/cr\/wp-json\/wp\/v2\/product_cat?post=619"},{"taxonomy":"product_tag","embeddable":true,"href":"https:\/\/lenceria69.com\/cr\/wp-json\/wp\/v2\/product_tag?post=619"}],"curies":[{"name":"wp","href":"https:\/\/api.w.org\/{rel}","templated":true}]}}