{"id":4485,"date":"2024-09-23T05:25:19","date_gmt":"2024-09-23T11:25:19","guid":{"rendered":"https:\/\/lenceria69.com\/cr\/?post_type=product&#038;p=4485"},"modified":"2024-09-23T12:50:28","modified_gmt":"2024-09-23T18:50:28","slug":"kingcock7squirtingcock","status":"publish","type":"product","link":"https:\/\/lenceria69.com\/cr\/producto\/kingcock7squirtingcock\/","title":{"rendered":"King Cock 7 \u2013 Dildo Eyaculador"},"content":{"rendered":"<p>\u00a1Este King Cock Squirting Cock es ultrarrealista y satisfar\u00e1 todos tus antojos de semen! Esculpidos a mano con una incre\u00edble atenci\u00f3n al detalle y con nuestra exclusiva bombilla exprimible Jizzle Juice, los King Cock Squirting Cocks son los consoladores eyaculadores m\u00e1s satisfactorios del mercado.<\/p>\n<p>Incluye:<br \/>\n\u2022 King Cock de 7\u2033<br \/>\n\u2022 Bulbo de chorro<br \/>\n\u2022 2 onzas l\u00edquidas de jugo Jizzle<\/p>\n<p>Dimensiones:<br \/>\nLongitud insertable: 7\u2033 (17,8 cm)<br \/>\nAncho insertable: 2\u2033 (5 cm)<\/p>\n","protected":false},"excerpt":{"rendered":"<p>\u00a1Este King Cock Squirting Cock es ultrarrealista y satisfar\u00e1 todos tus antojos de semen! Esculpidos a mano con una incre\u00edble atenci\u00f3n al detalle y con nuestra exclusiva bombilla exprimible Jizzle Juice, los King Cock Squirting Cocks son los consoladores eyaculadores m\u00e1s satisfactorios del mercado. Incluye: \u2022 King Cock de 7\u2033 \u2022 Bulbo de chorro \u2022&#8230;<\/p>\n","protected":false},"featured_media":4491,"comment_status":"open","ping_status":"closed","template":"","meta":{"_kad_post_transparent":"default","_kad_post_title":"","_kad_post_layout":"default","_kad_post_sidebar_id":"","_kad_post_content_style":"default","_kad_post_vertical_padding":"default","_kad_post_feature":"","_kad_post_feature_position":"","_kad_post_header":false,"_kad_post_footer":false,"_joinchat":[]},"product_brand":[],"product_cat":[25,24],"product_tag":[],"class_list":{"0":"post-4485","1":"product","2":"type-product","3":"status-publish","4":"has-post-thumbnail","6":"product_cat-dildos","7":"product_cat-juguetes-sexuales","9":"first","10":"instock","11":"shipping-taxable","12":"purchasable","13":"product-type-simple","14":"entry","15":"content-bg","16":"loop-entry"},"_links":{"self":[{"href":"https:\/\/lenceria69.com\/cr\/wp-json\/wp\/v2\/product\/4485","targetHints":{"allow":["GET"]}}],"collection":[{"href":"https:\/\/lenceria69.com\/cr\/wp-json\/wp\/v2\/product"}],"about":[{"href":"https:\/\/lenceria69.com\/cr\/wp-json\/wp\/v2\/types\/product"}],"replies":[{"embeddable":true,"href":"https:\/\/lenceria69.com\/cr\/wp-json\/wp\/v2\/comments?post=4485"}],"version-history":[{"count":1,"href":"https:\/\/lenceria69.com\/cr\/wp-json\/wp\/v2\/product\/4485\/revisions"}],"predecessor-version":[{"id":4492,"href":"https:\/\/lenceria69.com\/cr\/wp-json\/wp\/v2\/product\/4485\/revisions\/4492"}],"wp:featuredmedia":[{"embeddable":true,"href":"https:\/\/lenceria69.com\/cr\/wp-json\/wp\/v2\/media\/4491"}],"wp:attachment":[{"href":"https:\/\/lenceria69.com\/cr\/wp-json\/wp\/v2\/media?parent=4485"}],"wp:term":[{"taxonomy":"product_brand","embeddable":true,"href":"https:\/\/lenceria69.com\/cr\/wp-json\/wp\/v2\/product_brand?post=4485"},{"taxonomy":"product_cat","embeddable":true,"href":"https:\/\/lenceria69.com\/cr\/wp-json\/wp\/v2\/product_cat?post=4485"},{"taxonomy":"product_tag","embeddable":true,"href":"https:\/\/lenceria69.com\/cr\/wp-json\/wp\/v2\/product_tag?post=4485"}],"curies":[{"name":"wp","href":"https:\/\/api.w.org\/{rel}","templated":true}]}}