{"id":4469,"date":"2024-09-23T05:19:03","date_gmt":"2024-09-23T11:19:03","guid":{"rendered":"https:\/\/lenceria69.com\/cr\/?post_type=product&#038;p=4469"},"modified":"2024-09-23T12:55:00","modified_gmt":"2024-09-23T18:55:00","slug":"endlesslove","status":"publish","type":"product","link":"https:\/\/lenceria69.com\/cr\/producto\/endlesslove\/","title":{"rendered":"Endless Love for Men \u2013 Lubricante con Retardante"},"content":{"rendered":"<p>Logre instant\u00e1neamente una mejor resistencia y erecciones m\u00e1s fuertes y duras con Endless Love for Men de Body Action Stay Hard and Prolong. Este lubricante a base de agua cuenta con una infusi\u00f3n al 3 % de benzoca\u00edna, un agente suave que limita la sensaci\u00f3n sin dejarte completamente adormecido. Podr\u00e1s durar m\u00e1s y esforzarte m\u00e1s, y la f\u00f3rmula resbaladiza a base de agua te proporcionar\u00e1 el deslizamiento que necesitas para tener sexo satisfactorio. La f\u00f3rmula es compatible con todos los juguetes y preservativos.<\/p>\n","protected":false},"excerpt":{"rendered":"<p>Logre instant\u00e1neamente una mejor resistencia y erecciones m\u00e1s fuertes y duras con Endless Love for Men de Body Action Stay Hard and Prolong. Este lubricante a base de agua cuenta con una infusi\u00f3n al 3 % de benzoca\u00edna, un agente suave que limita la sensaci\u00f3n sin dejarte completamente adormecido. Podr\u00e1s durar m\u00e1s y esforzarte m\u00e1s,&#8230;<\/p>\n","protected":false},"featured_media":4470,"comment_status":"open","ping_status":"closed","template":"","meta":{"_kad_post_transparent":"default","_kad_post_title":"","_kad_post_layout":"default","_kad_post_sidebar_id":"","_kad_post_content_style":"default","_kad_post_vertical_padding":"default","_kad_post_feature":"","_kad_post_feature_position":"","_kad_post_header":false,"_kad_post_footer":false,"_joinchat":[]},"product_brand":[],"product_cat":[38],"product_tag":[],"class_list":{"0":"post-4469","1":"product","2":"type-product","3":"status-publish","4":"has-post-thumbnail","6":"product_cat-lubricantes","8":"first","9":"instock","10":"shipping-taxable","11":"purchasable","12":"product-type-simple","13":"entry","14":"content-bg","15":"loop-entry"},"_links":{"self":[{"href":"https:\/\/lenceria69.com\/cr\/wp-json\/wp\/v2\/product\/4469","targetHints":{"allow":["GET"]}}],"collection":[{"href":"https:\/\/lenceria69.com\/cr\/wp-json\/wp\/v2\/product"}],"about":[{"href":"https:\/\/lenceria69.com\/cr\/wp-json\/wp\/v2\/types\/product"}],"replies":[{"embeddable":true,"href":"https:\/\/lenceria69.com\/cr\/wp-json\/wp\/v2\/comments?post=4469"}],"version-history":[{"count":1,"href":"https:\/\/lenceria69.com\/cr\/wp-json\/wp\/v2\/product\/4469\/revisions"}],"predecessor-version":[{"id":4471,"href":"https:\/\/lenceria69.com\/cr\/wp-json\/wp\/v2\/product\/4469\/revisions\/4471"}],"wp:featuredmedia":[{"embeddable":true,"href":"https:\/\/lenceria69.com\/cr\/wp-json\/wp\/v2\/media\/4470"}],"wp:attachment":[{"href":"https:\/\/lenceria69.com\/cr\/wp-json\/wp\/v2\/media?parent=4469"}],"wp:term":[{"taxonomy":"product_brand","embeddable":true,"href":"https:\/\/lenceria69.com\/cr\/wp-json\/wp\/v2\/product_brand?post=4469"},{"taxonomy":"product_cat","embeddable":true,"href":"https:\/\/lenceria69.com\/cr\/wp-json\/wp\/v2\/product_cat?post=4469"},{"taxonomy":"product_tag","embeddable":true,"href":"https:\/\/lenceria69.com\/cr\/wp-json\/wp\/v2\/product_tag?post=4469"}],"curies":[{"name":"wp","href":"https:\/\/api.w.org\/{rel}","templated":true}]}}