{"id":4452,"date":"2024-09-23T05:16:25","date_gmt":"2024-09-23T11:16:25","guid":{"rendered":"https:\/\/lenceria69.com\/cr\/?post_type=product&#038;p=4452"},"modified":"2024-09-23T12:46:59","modified_gmt":"2024-09-23T18:46:59","slug":"shandedidi","status":"publish","type":"product","link":"https:\/\/lenceria69.com\/cr\/producto\/shandedidi\/","title":{"rendered":"S-Hande Didi \u2013 Vibrador con Control Remoto"},"content":{"rendered":"<p>Didi llega para brindarte los mejores orgasmos. Este juguete de bala con control remoto es perfecto para estimular simult\u00e1neamente el cl\u00edtoris, punto G y el ano.<\/p>\n<p>Caracter\u00edsticas:<\/p>\n<p>\u2013 Material: Silicona grado m\u00e9dico<br \/>\n\u2013 Color: Rosado<br \/>\n\u2013 9 modos de vibraci\u00f3n<br \/>\n\u2013 Libre de Ftalatos, libre de L\u00e1tex<br \/>\n\u2013 Carga magn\u00e9tica\/USB<\/p>\n","protected":false},"excerpt":{"rendered":"<p>Didi llega para brindarte los mejores orgasmos. Este juguete de bala con control remoto es perfecto para estimular simult\u00e1neamente el cl\u00edtoris, punto G y el ano. Caracter\u00edsticas: \u2013 Material: Silicona grado m\u00e9dico \u2013 Color: Rosado \u2013 9 modos de vibraci\u00f3n \u2013 Libre de Ftalatos, libre de L\u00e1tex \u2013 Carga magn\u00e9tica\/USB<\/p>\n","protected":false},"featured_media":4465,"comment_status":"open","ping_status":"closed","template":"","meta":{"_kad_post_transparent":"default","_kad_post_title":"","_kad_post_layout":"default","_kad_post_sidebar_id":"","_kad_post_content_style":"default","_kad_post_vertical_padding":"default","_kad_post_feature":"","_kad_post_feature_position":"","_kad_post_header":false,"_kad_post_footer":false,"_joinchat":[]},"product_brand":[],"product_cat":[25,31,24],"product_tag":[],"class_list":{"0":"post-4452","1":"product","2":"type-product","3":"status-publish","4":"has-post-thumbnail","6":"product_cat-dildos","7":"product_cat-jugueterecargable","8":"product_cat-juguetes-sexuales","10":"first","11":"instock","12":"shipping-taxable","13":"purchasable","14":"product-type-simple","15":"entry","16":"content-bg","17":"loop-entry"},"_links":{"self":[{"href":"https:\/\/lenceria69.com\/cr\/wp-json\/wp\/v2\/product\/4452","targetHints":{"allow":["GET"]}}],"collection":[{"href":"https:\/\/lenceria69.com\/cr\/wp-json\/wp\/v2\/product"}],"about":[{"href":"https:\/\/lenceria69.com\/cr\/wp-json\/wp\/v2\/types\/product"}],"replies":[{"embeddable":true,"href":"https:\/\/lenceria69.com\/cr\/wp-json\/wp\/v2\/comments?post=4452"}],"version-history":[{"count":1,"href":"https:\/\/lenceria69.com\/cr\/wp-json\/wp\/v2\/product\/4452\/revisions"}],"predecessor-version":[{"id":4468,"href":"https:\/\/lenceria69.com\/cr\/wp-json\/wp\/v2\/product\/4452\/revisions\/4468"}],"wp:featuredmedia":[{"embeddable":true,"href":"https:\/\/lenceria69.com\/cr\/wp-json\/wp\/v2\/media\/4465"}],"wp:attachment":[{"href":"https:\/\/lenceria69.com\/cr\/wp-json\/wp\/v2\/media?parent=4452"}],"wp:term":[{"taxonomy":"product_brand","embeddable":true,"href":"https:\/\/lenceria69.com\/cr\/wp-json\/wp\/v2\/product_brand?post=4452"},{"taxonomy":"product_cat","embeddable":true,"href":"https:\/\/lenceria69.com\/cr\/wp-json\/wp\/v2\/product_cat?post=4452"},{"taxonomy":"product_tag","embeddable":true,"href":"https:\/\/lenceria69.com\/cr\/wp-json\/wp\/v2\/product_tag?post=4452"}],"curies":[{"name":"wp","href":"https:\/\/api.w.org\/{rel}","templated":true}]}}