{"id":4410,"date":"2024-09-23T04:58:32","date_gmt":"2024-09-23T10:58:32","guid":{"rendered":"https:\/\/lenceria69.com\/cr\/?post_type=product&#038;p=4410"},"modified":"2024-09-23T04:58:32","modified_gmt":"2024-09-23T10:58:32","slug":"bondagedoorkit","status":"publish","type":"product","link":"https:\/\/lenceria69.com\/cr\/producto\/bondagedoorkit\/","title":{"rendered":"Bondage Straps Doorkit \u2013 Kit de Bondage de Correas"},"content":{"rendered":"<p>La puerta dejo de servir solo para cerrarla al momento de disfrutar con pareja, llego la hora de incluirla en parte de tu experiencia sexual conviertela en un columpio de amor en tan solo unos minutos, disfruta de posiciones sexuales que nunca pensaste que fuera posibles y explora de tus fetiches de bondage con tu pareja.<\/p>\n<p>Las sujeciones acolchadas perfectas, deja que tu imaginaci\u00f3n te lleve m\u00e1s all\u00e1 de tus l\u00edmites f\u00edsicos con las correas, ademas las correas resistentes mantienen abiertas las piernas de los sumisos con un acolchado suave para garantizar que no duela ni se canse.<\/p>\n<p>Las correas se ajustan r\u00e1pida y f\u00e1cilmente con un simple tir\u00f3n. Asume la posici\u00f3n y s\u00e9 el maestro de tu pr\u00f3ximo encuentro.<\/p>\n","protected":false},"excerpt":{"rendered":"<p>La puerta dejo de servir solo para cerrarla al momento de disfrutar con pareja, llego la hora de incluirla en parte de tu experiencia sexual conviertela en un columpio de amor en tan solo unos minutos, disfruta de posiciones sexuales que nunca pensaste que fuera posibles y explora de tus fetiches de bondage con tu&#8230;<\/p>\n","protected":false},"featured_media":4411,"comment_status":"open","ping_status":"closed","template":"","meta":{"_kad_post_transparent":"default","_kad_post_title":"","_kad_post_layout":"default","_kad_post_sidebar_id":"","_kad_post_content_style":"default","_kad_post_vertical_padding":"default","_kad_post_feature":"","_kad_post_feature_position":"","_kad_post_header":false,"_kad_post_footer":false,"_joinchat":[]},"product_brand":[],"product_cat":[27,24],"product_tag":[],"class_list":{"0":"post-4410","1":"product","2":"type-product","3":"status-publish","4":"has-post-thumbnail","6":"product_cat-juguetebondage","7":"product_cat-juguetes-sexuales","9":"first","10":"instock","11":"shipping-taxable","12":"purchasable","13":"product-type-simple","14":"entry","15":"content-bg","16":"loop-entry"},"_links":{"self":[{"href":"https:\/\/lenceria69.com\/cr\/wp-json\/wp\/v2\/product\/4410","targetHints":{"allow":["GET"]}}],"collection":[{"href":"https:\/\/lenceria69.com\/cr\/wp-json\/wp\/v2\/product"}],"about":[{"href":"https:\/\/lenceria69.com\/cr\/wp-json\/wp\/v2\/types\/product"}],"replies":[{"embeddable":true,"href":"https:\/\/lenceria69.com\/cr\/wp-json\/wp\/v2\/comments?post=4410"}],"version-history":[{"count":1,"href":"https:\/\/lenceria69.com\/cr\/wp-json\/wp\/v2\/product\/4410\/revisions"}],"predecessor-version":[{"id":4426,"href":"https:\/\/lenceria69.com\/cr\/wp-json\/wp\/v2\/product\/4410\/revisions\/4426"}],"wp:featuredmedia":[{"embeddable":true,"href":"https:\/\/lenceria69.com\/cr\/wp-json\/wp\/v2\/media\/4411"}],"wp:attachment":[{"href":"https:\/\/lenceria69.com\/cr\/wp-json\/wp\/v2\/media?parent=4410"}],"wp:term":[{"taxonomy":"product_brand","embeddable":true,"href":"https:\/\/lenceria69.com\/cr\/wp-json\/wp\/v2\/product_brand?post=4410"},{"taxonomy":"product_cat","embeddable":true,"href":"https:\/\/lenceria69.com\/cr\/wp-json\/wp\/v2\/product_cat?post=4410"},{"taxonomy":"product_tag","embeddable":true,"href":"https:\/\/lenceria69.com\/cr\/wp-json\/wp\/v2\/product_tag?post=4410"}],"curies":[{"name":"wp","href":"https:\/\/api.w.org\/{rel}","templated":true}]}}