{"id":4391,"date":"2024-09-23T01:48:15","date_gmt":"2024-09-23T07:48:15","guid":{"rendered":"https:\/\/lenceria69.com\/cr\/?post_type=product&#038;p=4391"},"modified":"2024-09-23T12:55:15","modified_gmt":"2024-09-23T18:55:15","slug":"buttezebottle","status":"publish","type":"product","link":"https:\/\/lenceria69.com\/cr\/producto\/buttezebottle\/","title":{"rendered":"Butt-Eze &#8211; Lubricante con Relajante Anal"},"content":{"rendered":"<p>El Butt EZE es un desensibilizante anal con 5% de benzoca\u00edna y gel lubricante a base de agua, todo en uno, formulado para aliviar las molestias de los principiantes anales y aliviar el dolor en la zona anal. Su f\u00f3rmula \u00fanica y suave desensibilizante hace que el juego anal sea m\u00e1s placentero.<\/p>\n<p>Contiene aceite de c\u00e1\u00f1amo y todos los beneficios agregados del cbd sin presencia de THC.<\/p>\n<p>Volumen: 2.40 Oz<\/p>\n","protected":false},"excerpt":{"rendered":"<p>El Butt EZE es un desensibilizante anal con 5% de benzoca\u00edna y gel lubricante a base de agua, todo en uno, formulado para aliviar las molestias de los principiantes anales y aliviar el dolor en la zona anal. Su f\u00f3rmula \u00fanica y suave desensibilizante hace que el juego anal sea m\u00e1s placentero. Contiene aceite de&#8230;<\/p>\n","protected":false},"featured_media":4392,"comment_status":"open","ping_status":"closed","template":"","meta":{"_kad_post_transparent":"default","_kad_post_title":"","_kad_post_layout":"default","_kad_post_sidebar_id":"","_kad_post_content_style":"default","_kad_post_vertical_padding":"default","_kad_post_feature":"","_kad_post_feature_position":"","_kad_post_header":false,"_kad_post_footer":false,"_joinchat":[]},"product_brand":[],"product_cat":[38],"product_tag":[],"class_list":{"0":"post-4391","1":"product","2":"type-product","3":"status-publish","4":"has-post-thumbnail","6":"product_cat-lubricantes","8":"first","9":"instock","10":"shipping-taxable","11":"purchasable","12":"product-type-simple","13":"entry","14":"content-bg","15":"loop-entry"},"_links":{"self":[{"href":"https:\/\/lenceria69.com\/cr\/wp-json\/wp\/v2\/product\/4391","targetHints":{"allow":["GET"]}}],"collection":[{"href":"https:\/\/lenceria69.com\/cr\/wp-json\/wp\/v2\/product"}],"about":[{"href":"https:\/\/lenceria69.com\/cr\/wp-json\/wp\/v2\/types\/product"}],"replies":[{"embeddable":true,"href":"https:\/\/lenceria69.com\/cr\/wp-json\/wp\/v2\/comments?post=4391"}],"version-history":[{"count":1,"href":"https:\/\/lenceria69.com\/cr\/wp-json\/wp\/v2\/product\/4391\/revisions"}],"predecessor-version":[{"id":4393,"href":"https:\/\/lenceria69.com\/cr\/wp-json\/wp\/v2\/product\/4391\/revisions\/4393"}],"wp:featuredmedia":[{"embeddable":true,"href":"https:\/\/lenceria69.com\/cr\/wp-json\/wp\/v2\/media\/4392"}],"wp:attachment":[{"href":"https:\/\/lenceria69.com\/cr\/wp-json\/wp\/v2\/media?parent=4391"}],"wp:term":[{"taxonomy":"product_brand","embeddable":true,"href":"https:\/\/lenceria69.com\/cr\/wp-json\/wp\/v2\/product_brand?post=4391"},{"taxonomy":"product_cat","embeddable":true,"href":"https:\/\/lenceria69.com\/cr\/wp-json\/wp\/v2\/product_cat?post=4391"},{"taxonomy":"product_tag","embeddable":true,"href":"https:\/\/lenceria69.com\/cr\/wp-json\/wp\/v2\/product_tag?post=4391"}],"curies":[{"name":"wp","href":"https:\/\/api.w.org\/{rel}","templated":true}]}}