{"id":439,"date":"2023-03-29T16:11:22","date_gmt":"2023-03-29T22:11:22","guid":{"rendered":"http:\/\/lenceria69.com\/cr\/?post_type=product&#038;p=439"},"modified":"2023-05-26T14:26:44","modified_gmt":"2023-05-26T20:26:44","slug":"swiss-navy-flavored-lubricante-saborizado-1oz","status":"publish","type":"product","link":"https:\/\/lenceria69.com\/cr\/producto\/swiss-navy-flavored-lubricante-saborizado-1oz\/","title":{"rendered":"Swiss Navy Flavored &#8211; Lubricante Saborizado 1oz"},"content":{"rendered":"<p>Los sabores Swiss Navy tienen un sabor tan real que parecen demasiado buenos para ser lubricantes.<br \/>\nTodos los sabores son sin parabenos, sin az\u00facar y no son pegajosos.<\/p>\n<p>Caracter\u00edsticas:<br \/>\nCond\u00f3n seguro<br \/>\nSazonado<br \/>\nLibre de parabeno<br \/>\nSin az\u00facar<br \/>\nNo pegajoso<\/p>\n","protected":false},"excerpt":{"rendered":"<p>Los sabores Swiss Navy tienen un sabor tan real que parecen demasiado buenos para ser lubricantes. Todos los sabores son sin parabenos, sin az\u00facar y no son pegajosos. Caracter\u00edsticas: Cond\u00f3n seguro Sazonado Libre de parabeno Sin az\u00facar No pegajoso<\/p>\n","protected":false},"featured_media":440,"comment_status":"open","ping_status":"closed","template":"","meta":{"_kad_post_transparent":"default","_kad_post_title":"","_kad_post_layout":"default","_kad_post_sidebar_id":"","_kad_post_content_style":"default","_kad_post_vertical_padding":"default","_kad_post_feature":"","_kad_post_feature_position":"","_kad_post_header":false,"_kad_post_footer":false,"_joinchat":[]},"product_brand":[],"product_cat":[38,41],"product_tag":[],"class_list":{"0":"post-439","1":"product","2":"type-product","3":"status-publish","4":"has-post-thumbnail","6":"product_cat-lubricantes","7":"product_cat-saborizados","9":"first","10":"instock","11":"shipping-taxable","12":"purchasable","13":"product-type-simple","14":"entry","15":"content-bg","16":"loop-entry"},"_links":{"self":[{"href":"https:\/\/lenceria69.com\/cr\/wp-json\/wp\/v2\/product\/439","targetHints":{"allow":["GET"]}}],"collection":[{"href":"https:\/\/lenceria69.com\/cr\/wp-json\/wp\/v2\/product"}],"about":[{"href":"https:\/\/lenceria69.com\/cr\/wp-json\/wp\/v2\/types\/product"}],"replies":[{"embeddable":true,"href":"https:\/\/lenceria69.com\/cr\/wp-json\/wp\/v2\/comments?post=439"}],"version-history":[{"count":0,"href":"https:\/\/lenceria69.com\/cr\/wp-json\/wp\/v2\/product\/439\/revisions"}],"wp:featuredmedia":[{"embeddable":true,"href":"https:\/\/lenceria69.com\/cr\/wp-json\/wp\/v2\/media\/440"}],"wp:attachment":[{"href":"https:\/\/lenceria69.com\/cr\/wp-json\/wp\/v2\/media?parent=439"}],"wp:term":[{"taxonomy":"product_brand","embeddable":true,"href":"https:\/\/lenceria69.com\/cr\/wp-json\/wp\/v2\/product_brand?post=439"},{"taxonomy":"product_cat","embeddable":true,"href":"https:\/\/lenceria69.com\/cr\/wp-json\/wp\/v2\/product_cat?post=439"},{"taxonomy":"product_tag","embeddable":true,"href":"https:\/\/lenceria69.com\/cr\/wp-json\/wp\/v2\/product_tag?post=439"}],"curies":[{"name":"wp","href":"https:\/\/api.w.org\/{rel}","templated":true}]}}