{"id":4388,"date":"2024-09-23T01:46:06","date_gmt":"2024-09-23T07:46:06","guid":{"rendered":"https:\/\/lenceria69.com\/cr\/?post_type=product&#038;p=4388"},"modified":"2024-09-23T01:46:06","modified_gmt":"2024-09-23T07:46:06","slug":"oooweeebottle","status":"publish","type":"product","link":"https:\/\/lenceria69.com\/cr\/producto\/oooweeebottle\/","title":{"rendered":"Oooweee \u2013 Lubricante con Relajante Anal"},"content":{"rendered":"<p>OOOWEEE Anal Relaxer, es un lubricante con c\u00e1\u00f1amo que ayudar\u00e1 a aliviar esos momentos \u00edntimos. Contiene aceite de c\u00e1\u00f1amo CBD ayuda a relajar el \u00e1rea anal y es de larga duraci\u00f3n, esta f\u00f3rmula contiene aceites naturales para ayudar a relajar el \u00e1rea anal naturalmente sin efecto desensibilizante.<\/p>\n","protected":false},"excerpt":{"rendered":"<p>OOOWEEE Anal Relaxer, es un lubricante con c\u00e1\u00f1amo que ayudar\u00e1 a aliviar esos momentos \u00edntimos. Contiene aceite de c\u00e1\u00f1amo CBD ayuda a relajar el \u00e1rea anal y es de larga duraci\u00f3n, esta f\u00f3rmula contiene aceites naturales para ayudar a relajar el \u00e1rea anal naturalmente sin efecto desensibilizante.<\/p>\n","protected":false},"featured_media":4389,"comment_status":"open","ping_status":"closed","template":"","meta":{"_kad_post_transparent":"default","_kad_post_title":"","_kad_post_layout":"default","_kad_post_sidebar_id":"","_kad_post_content_style":"default","_kad_post_vertical_padding":"default","_kad_post_feature":"","_kad_post_feature_position":"","_kad_post_header":false,"_kad_post_footer":false,"_joinchat":[]},"product_brand":[],"product_cat":[15],"product_tag":[],"class_list":{"0":"post-4388","1":"product","2":"type-product","3":"status-publish","4":"has-post-thumbnail","6":"product_cat-sin-categorizar","8":"first","9":"instock","10":"shipping-taxable","11":"purchasable","12":"product-type-simple","13":"entry","14":"content-bg","15":"loop-entry"},"_links":{"self":[{"href":"https:\/\/lenceria69.com\/cr\/wp-json\/wp\/v2\/product\/4388","targetHints":{"allow":["GET"]}}],"collection":[{"href":"https:\/\/lenceria69.com\/cr\/wp-json\/wp\/v2\/product"}],"about":[{"href":"https:\/\/lenceria69.com\/cr\/wp-json\/wp\/v2\/types\/product"}],"replies":[{"embeddable":true,"href":"https:\/\/lenceria69.com\/cr\/wp-json\/wp\/v2\/comments?post=4388"}],"version-history":[{"count":1,"href":"https:\/\/lenceria69.com\/cr\/wp-json\/wp\/v2\/product\/4388\/revisions"}],"predecessor-version":[{"id":4390,"href":"https:\/\/lenceria69.com\/cr\/wp-json\/wp\/v2\/product\/4388\/revisions\/4390"}],"wp:featuredmedia":[{"embeddable":true,"href":"https:\/\/lenceria69.com\/cr\/wp-json\/wp\/v2\/media\/4389"}],"wp:attachment":[{"href":"https:\/\/lenceria69.com\/cr\/wp-json\/wp\/v2\/media?parent=4388"}],"wp:term":[{"taxonomy":"product_brand","embeddable":true,"href":"https:\/\/lenceria69.com\/cr\/wp-json\/wp\/v2\/product_brand?post=4388"},{"taxonomy":"product_cat","embeddable":true,"href":"https:\/\/lenceria69.com\/cr\/wp-json\/wp\/v2\/product_cat?post=4388"},{"taxonomy":"product_tag","embeddable":true,"href":"https:\/\/lenceria69.com\/cr\/wp-json\/wp\/v2\/product_tag?post=4388"}],"curies":[{"name":"wp","href":"https:\/\/api.w.org\/{rel}","templated":true}]}}