{"id":354,"date":"2023-03-29T10:32:08","date_gmt":"2023-03-29T16:32:08","guid":{"rendered":"http:\/\/lenceria69.com\/cr\/?post_type=product&#038;p=354"},"modified":"2023-09-26T14:34:31","modified_gmt":"2023-09-26T20:34:31","slug":"pinkprivate","status":"publish","type":"product","link":"https:\/\/lenceria69.com\/cr\/producto\/pinkprivate\/","title":{"rendered":"PinkPrivates LighteningCream &#8211; Crema Aclarante Pink"},"content":{"rendered":"<p>Pink Privates est\u00e1 formulado con los \u00faltimos ingredientes blanqueadores e iluminadores de la piel que se han mostrado para abordar el aspecto de las \u00e1reas \u00edntimas oscuras y descoloridas de la piel. Pink Privates est\u00e1 disponible en una botella con bomba herm\u00e9tica para facilitar su aplicaci\u00f3n en cualquier \u00e1rea, este tipo de empaque disminuye las posibilidades de contaminaci\u00f3n. Este producto se puede aplicar f\u00e1cilmente en la comodidad de su hogar, la aplicaci\u00f3n puede ser bastante f\u00e1cil y se puede realizar en unos pocos minutos.<\/p>\n","protected":false},"excerpt":{"rendered":"<p>Pink Privates est\u00e1 formulado con los \u00faltimos ingredientes blanqueadores e iluminadores de la piel que se han mostrado para abordar el aspecto de las \u00e1reas \u00edntimas oscuras y descoloridas de la piel. Pink Privates est\u00e1 disponible en una botella con bomba herm\u00e9tica para facilitar su aplicaci\u00f3n en cualquier \u00e1rea, este tipo de empaque disminuye las&#8230;<\/p>\n","protected":false},"featured_media":355,"comment_status":"open","ping_status":"closed","template":"","meta":{"_kad_post_transparent":"default","_kad_post_title":"","_kad_post_layout":"default","_kad_post_sidebar_id":"","_kad_post_content_style":"default","_kad_post_vertical_padding":"default","_kad_post_feature":"","_kad_post_feature_position":"","_kad_post_header":false,"_kad_post_footer":false,"_joinchat":[]},"product_brand":[],"product_cat":[22],"product_tag":[],"class_list":{"0":"post-354","1":"product","2":"type-product","3":"status-publish","4":"has-post-thumbnail","6":"product_cat-suplementos","8":"first","9":"instock","10":"shipping-taxable","11":"purchasable","12":"product-type-simple","13":"entry","14":"content-bg","15":"loop-entry"},"_links":{"self":[{"href":"https:\/\/lenceria69.com\/cr\/wp-json\/wp\/v2\/product\/354","targetHints":{"allow":["GET"]}}],"collection":[{"href":"https:\/\/lenceria69.com\/cr\/wp-json\/wp\/v2\/product"}],"about":[{"href":"https:\/\/lenceria69.com\/cr\/wp-json\/wp\/v2\/types\/product"}],"replies":[{"embeddable":true,"href":"https:\/\/lenceria69.com\/cr\/wp-json\/wp\/v2\/comments?post=354"}],"version-history":[{"count":0,"href":"https:\/\/lenceria69.com\/cr\/wp-json\/wp\/v2\/product\/354\/revisions"}],"wp:featuredmedia":[{"embeddable":true,"href":"https:\/\/lenceria69.com\/cr\/wp-json\/wp\/v2\/media\/355"}],"wp:attachment":[{"href":"https:\/\/lenceria69.com\/cr\/wp-json\/wp\/v2\/media?parent=354"}],"wp:term":[{"taxonomy":"product_brand","embeddable":true,"href":"https:\/\/lenceria69.com\/cr\/wp-json\/wp\/v2\/product_brand?post=354"},{"taxonomy":"product_cat","embeddable":true,"href":"https:\/\/lenceria69.com\/cr\/wp-json\/wp\/v2\/product_cat?post=354"},{"taxonomy":"product_tag","embeddable":true,"href":"https:\/\/lenceria69.com\/cr\/wp-json\/wp\/v2\/product_tag?post=354"}],"curies":[{"name":"wp","href":"https:\/\/api.w.org\/{rel}","templated":true}]}}