{"id":1137,"date":"2023-05-26T14:13:06","date_gmt":"2023-05-26T20:13:06","guid":{"rendered":"http:\/\/lenceria69.com\/cr\/?post_type=product&#038;p=1137"},"modified":"2023-05-26T14:13:07","modified_gmt":"2023-05-26T20:13:07","slug":"moist-lubricant-lubricante-premium-moist","status":"publish","type":"product","link":"https:\/\/lenceria69.com\/cr\/producto\/moist-lubricant-lubricante-premium-moist\/","title":{"rendered":"Moist Lubricant \u2013 Lubricante Premium Moist"},"content":{"rendered":"<p>\u00a1Sentir es creer! \u00a1Nuestro nuevo lubricante personal a base de agua aclarado 510 (k) ha sido completamente renovado y est\u00e1 disponible en esta f\u00f3rmula premium! Dise\u00f1ado para imitar la lubricaci\u00f3n natural del cuerpo, este lubricante es inodoro, suave para la piel, no pegajoso y est\u00e1 formulado para una diversi\u00f3n duradera. \u00a1Siente la diferencia!<\/p>\n<p>Moist\u00ae es un lubricante personal, para aplicaci\u00f3n en el pene y \/ o vaginal destinado a hidratar y lubricar, para mejorar la facilidad y comodidad de la actividad sexual \u00edntima y complementar la lubricaci\u00f3n natural del cuerpo.<\/p>\n<p>CARACTER\u00cdSTICAS CLAVE DEL PRODUCTO<br \/>\n\u2022 Lubricante a base de agua<br \/>\n\u2022 Compatible con condones<br \/>\n\u2022 No produce irritaci\u00f3n<br \/>\n\u2022 Duradero<br \/>\n\u2022 No pegajoso<\/p>\n<p>Instrucciones de uso:<br \/>\nAplica unas gotas de Moist en la zona del cuerpo que deseas lubricar. Si disminuye la lubricaci\u00f3n, agregue unas gotas de agua o vuelva a aplicar. Compatible con condones de l\u00e1tex de caucho natural, poliisopreno y poliuretano.<\/p>\n<p>Volumen: 4.4 oz<\/p>\n","protected":false},"excerpt":{"rendered":"<p>\u00a1Sentir es creer! \u00a1Nuestro nuevo lubricante personal a base de agua aclarado 510 (k) ha sido completamente renovado y est\u00e1 disponible en esta f\u00f3rmula premium! Dise\u00f1ado para imitar la lubricaci\u00f3n natural del cuerpo, este lubricante es inodoro, suave para la piel, no pegajoso y est\u00e1 formulado para una diversi\u00f3n duradera. \u00a1Siente la diferencia! Moist\u00ae es&#8230;<\/p>\n","protected":false},"featured_media":1000001121,"comment_status":"open","ping_status":"closed","template":"","meta":{"_kad_post_transparent":"default","_kad_post_title":"","_kad_post_layout":"default","_kad_post_sidebar_id":"","_kad_post_content_style":"default","_kad_post_vertical_padding":"default","_kad_post_feature":"","_kad_post_feature_position":"","_kad_post_header":false,"_kad_post_footer":false,"_joinchat":[]},"product_brand":[],"product_cat":[39,38,42],"product_tag":[],"class_list":{"0":"post-1137","1":"product","2":"type-product","3":"status-publish","4":"has-post-thumbnail","6":"product_cat-anales","7":"product_cat-lubricantes","8":"product_cat-vaginales","10":"first","11":"instock","12":"shipping-taxable","13":"purchasable","14":"product-type-variable","15":"entry","16":"content-bg","17":"loop-entry"},"_links":{"self":[{"href":"https:\/\/lenceria69.com\/cr\/wp-json\/wp\/v2\/product\/1137","targetHints":{"allow":["GET"]}}],"collection":[{"href":"https:\/\/lenceria69.com\/cr\/wp-json\/wp\/v2\/product"}],"about":[{"href":"https:\/\/lenceria69.com\/cr\/wp-json\/wp\/v2\/types\/product"}],"replies":[{"embeddable":true,"href":"https:\/\/lenceria69.com\/cr\/wp-json\/wp\/v2\/comments?post=1137"}],"version-history":[{"count":0,"href":"https:\/\/lenceria69.com\/cr\/wp-json\/wp\/v2\/product\/1137\/revisions"}],"wp:featuredmedia":[{"embeddable":true,"href":"https:\/\/lenceria69.com\/cr\/wp-json\/"}],"wp:attachment":[{"href":"https:\/\/lenceria69.com\/cr\/wp-json\/wp\/v2\/media?parent=1137"}],"wp:term":[{"taxonomy":"product_brand","embeddable":true,"href":"https:\/\/lenceria69.com\/cr\/wp-json\/wp\/v2\/product_brand?post=1137"},{"taxonomy":"product_cat","embeddable":true,"href":"https:\/\/lenceria69.com\/cr\/wp-json\/wp\/v2\/product_cat?post=1137"},{"taxonomy":"product_tag","embeddable":true,"href":"https:\/\/lenceria69.com\/cr\/wp-json\/wp\/v2\/product_tag?post=1137"}],"curies":[{"name":"wp","href":"https:\/\/api.w.org\/{rel}","templated":true}]}}