{"id":1073,"date":"2023-05-22T12:37:55","date_gmt":"2023-05-22T18:37:55","guid":{"rendered":"http:\/\/lenceria69.com\/cr\/?post_type=product&#038;p=1073"},"modified":"2023-05-22T12:38:18","modified_gmt":"2023-05-22T18:38:18","slug":"kamasutraaromatics","status":"publish","type":"product","link":"https:\/\/lenceria69.com\/cr\/producto\/kamasutraaromatics\/","title":{"rendered":"Kama Sutra Aromatics \u2013 Aceite Aromaticos Kamasutra"},"content":{"rendered":"<p>Elaborada con aceites esenciales para promover una relajaci\u00f3n profunda, esta f\u00f3rmula rica y emoliente hace que sea un placer dar o recibir un masaje sensual de todo el cuerpo. Vierta el aceite arom\u00e1tico para masajes de Kama Sutra en el ba\u00f1o o apl\u00edquelo sobre el cuerpo como humectante diario para una piel sedosa e hidratada. PLEASURE GARDEN Combina rosa, jazm\u00edn y s\u00e1ndalo, una mezcla floral euf\u00f3rica dise\u00f1ada para promover sentimientos de alegr\u00eda y liberar la inhibici\u00f3n.<\/p>\n<p>Caracter\u00edsticas<br \/>\n\u2013 Hecho con aceites esenciales y vitamina E nutritiva para la piel<br \/>\n\u2013 Ultra hidratante y sedoso<br \/>\n\u2013 De larga duraci\u00f3n para un perfecto masaje de cuerpo completo.<br \/>\n\u2013 Vegano<br \/>\n\u2013 Sin gluten<\/p>\n<p>Sabores:<br \/>\n\u2013 Esp\u00edritu alt\u00edsimo<\/p>\n","protected":false},"excerpt":{"rendered":"<p>Elaborada con aceites esenciales para promover una relajaci\u00f3n profunda, esta f\u00f3rmula rica y emoliente hace que sea un placer dar o recibir un masaje sensual de todo el cuerpo. Vierta el aceite arom\u00e1tico para masajes de Kama Sutra en el ba\u00f1o o apl\u00edquelo sobre el cuerpo como humectante diario para una piel sedosa e hidratada&#8230;.<\/p>\n","protected":false},"featured_media":100000766,"comment_status":"open","ping_status":"closed","template":"","meta":{"_kad_post_transparent":"default","_kad_post_title":"","_kad_post_layout":"default","_kad_post_sidebar_id":"","_kad_post_content_style":"default","_kad_post_vertical_padding":"default","_kad_post_feature":"","_kad_post_feature_position":"","_kad_post_header":false,"_kad_post_footer":false,"_joinchat":[]},"product_brand":[],"product_cat":[38,40],"product_tag":[],"class_list":{"0":"post-1073","1":"product","2":"type-product","3":"status-publish","4":"has-post-thumbnail","6":"product_cat-lubricantes","7":"product_cat-masajes","9":"first","10":"instock","11":"shipping-taxable","12":"purchasable","13":"product-type-variable","14":"entry","15":"content-bg","16":"loop-entry"},"_links":{"self":[{"href":"https:\/\/lenceria69.com\/cr\/wp-json\/wp\/v2\/product\/1073","targetHints":{"allow":["GET"]}}],"collection":[{"href":"https:\/\/lenceria69.com\/cr\/wp-json\/wp\/v2\/product"}],"about":[{"href":"https:\/\/lenceria69.com\/cr\/wp-json\/wp\/v2\/types\/product"}],"replies":[{"embeddable":true,"href":"https:\/\/lenceria69.com\/cr\/wp-json\/wp\/v2\/comments?post=1073"}],"version-history":[{"count":0,"href":"https:\/\/lenceria69.com\/cr\/wp-json\/wp\/v2\/product\/1073\/revisions"}],"wp:featuredmedia":[{"embeddable":true,"href":"https:\/\/lenceria69.com\/cr\/wp-json\/"}],"wp:attachment":[{"href":"https:\/\/lenceria69.com\/cr\/wp-json\/wp\/v2\/media?parent=1073"}],"wp:term":[{"taxonomy":"product_brand","embeddable":true,"href":"https:\/\/lenceria69.com\/cr\/wp-json\/wp\/v2\/product_brand?post=1073"},{"taxonomy":"product_cat","embeddable":true,"href":"https:\/\/lenceria69.com\/cr\/wp-json\/wp\/v2\/product_cat?post=1073"},{"taxonomy":"product_tag","embeddable":true,"href":"https:\/\/lenceria69.com\/cr\/wp-json\/wp\/v2\/product_tag?post=1073"}],"curies":[{"name":"wp","href":"https:\/\/api.w.org\/{rel}","templated":true}]}}