{"id":1066,"date":"2023-05-22T11:36:58","date_gmt":"2023-05-22T17:36:58","guid":{"rendered":"http:\/\/lenceria69.com\/cr\/?post_type=product&#038;p=1066"},"modified":"2023-05-22T11:36:58","modified_gmt":"2023-05-22T17:36:58","slug":"wanachimini","status":"publish","type":"product","link":"https:\/\/lenceria69.com\/cr\/producto\/wanachimini\/","title":{"rendered":"Wanachi Massager \u2013 Varita de Masages Eroticos Wanachi"},"content":{"rendered":"<p>Disfrute de vibraciones relajantes donde quiera que vaya con este mini masajeador inal\u00e1mbrico. Impulsado por un motor silencioso, el masajeador Mini Wanachi es la mejor opci\u00f3n para revitalizar los m\u00fasculos cansados. Elija una velocidad adecuada para usted y disfrute de la libertad de la estimulaci\u00f3n inal\u00e1mbrica. Las relajantes vibraciones alivian la tensi\u00f3n y reducen la fatiga muscular, d\u00e1ndole a su cuerpo dolorido la recarga que se merece. Su cabezal flexible le permite llegar f\u00e1cilmente a todos los lugares correctos donde m\u00e1s lo necesita.<\/p>\n<p>Dimensiones: 7\u2033 x 1\u2033 x 4\u2033<\/p>\n","protected":false},"excerpt":{"rendered":"<p>Disfrute de vibraciones relajantes donde quiera que vaya con este mini masajeador inal\u00e1mbrico. Impulsado por un motor silencioso, el masajeador Mini Wanachi es la mejor opci\u00f3n para revitalizar los m\u00fasculos cansados. Elija una velocidad adecuada para usted y disfrute de la libertad de la estimulaci\u00f3n inal\u00e1mbrica. Las relajantes vibraciones alivian la tensi\u00f3n y reducen la&#8230;<\/p>\n","protected":false},"featured_media":1000001031,"comment_status":"open","ping_status":"closed","template":"","meta":{"_kad_post_transparent":"default","_kad_post_title":"","_kad_post_layout":"default","_kad_post_sidebar_id":"","_kad_post_content_style":"default","_kad_post_vertical_padding":"default","_kad_post_feature":"","_kad_post_feature_position":"","_kad_post_header":false,"_kad_post_footer":false,"_joinchat":[]},"product_brand":[],"product_cat":[28,24],"product_tag":[],"class_list":{"0":"post-1066","1":"product","2":"type-product","3":"status-publish","4":"has-post-thumbnail","6":"product_cat-juguetebateria","7":"product_cat-juguetes-sexuales","9":"first","10":"instock","11":"shipping-taxable","12":"purchasable","13":"product-type-simple","14":"entry","15":"content-bg","16":"loop-entry"},"_links":{"self":[{"href":"https:\/\/lenceria69.com\/cr\/wp-json\/wp\/v2\/product\/1066","targetHints":{"allow":["GET"]}}],"collection":[{"href":"https:\/\/lenceria69.com\/cr\/wp-json\/wp\/v2\/product"}],"about":[{"href":"https:\/\/lenceria69.com\/cr\/wp-json\/wp\/v2\/types\/product"}],"replies":[{"embeddable":true,"href":"https:\/\/lenceria69.com\/cr\/wp-json\/wp\/v2\/comments?post=1066"}],"version-history":[{"count":0,"href":"https:\/\/lenceria69.com\/cr\/wp-json\/wp\/v2\/product\/1066\/revisions"}],"wp:featuredmedia":[{"embeddable":true,"href":"https:\/\/lenceria69.com\/cr\/wp-json\/"}],"wp:attachment":[{"href":"https:\/\/lenceria69.com\/cr\/wp-json\/wp\/v2\/media?parent=1066"}],"wp:term":[{"taxonomy":"product_brand","embeddable":true,"href":"https:\/\/lenceria69.com\/cr\/wp-json\/wp\/v2\/product_brand?post=1066"},{"taxonomy":"product_cat","embeddable":true,"href":"https:\/\/lenceria69.com\/cr\/wp-json\/wp\/v2\/product_cat?post=1066"},{"taxonomy":"product_tag","embeddable":true,"href":"https:\/\/lenceria69.com\/cr\/wp-json\/wp\/v2\/product_tag?post=1066"}],"curies":[{"name":"wp","href":"https:\/\/api.w.org\/{rel}","templated":true}]}}