{"id":1065,"date":"2023-05-22T11:31:15","date_gmt":"2023-05-22T17:31:15","guid":{"rendered":"http:\/\/lenceria69.com\/cr\/?post_type=product&#038;p=1065"},"modified":"2023-05-22T11:31:32","modified_gmt":"2023-05-22T17:31:32","slug":"tonguevibrator","status":"publish","type":"product","link":"https:\/\/lenceria69.com\/cr\/producto\/tonguevibrator\/","title":{"rendered":"Tongue Vibrator \u2013 Vibrador En Forma de Lengua"},"content":{"rendered":"<p>Vibrador de lengua el\u00e9ctrico de masaje potente recargable simulaci\u00f3n multifrecuencia punto G varilla vibratoria de lengua el\u00e9ctrica juguetes sexuales<\/p>\n<p>Descripci\u00f3n<\/p>\n<p>1. Material: silicona<br \/>\n2. Tama\u00f1o: como muestra la imagen<br \/>\n3. Color: como en la imagen<br \/>\n4. Cargado por: carga USB \/ bater\u00edas<\/p>\n","protected":false},"excerpt":{"rendered":"<p>Vibrador de lengua el\u00e9ctrico de masaje potente recargable simulaci\u00f3n multifrecuencia punto G varilla vibratoria de lengua el\u00e9ctrica juguetes sexuales Descripci\u00f3n 1. Material: silicona 2. Tama\u00f1o: como muestra la imagen 3. Color: como en la imagen 4. Cargado por: carga USB \/ bater\u00edas<\/p>\n","protected":false},"featured_media":1000001026,"comment_status":"open","ping_status":"closed","template":"","meta":{"_kad_post_transparent":"default","_kad_post_title":"","_kad_post_layout":"default","_kad_post_sidebar_id":"","_kad_post_content_style":"default","_kad_post_vertical_padding":"default","_kad_post_feature":"","_kad_post_feature_position":"","_kad_post_header":false,"_kad_post_footer":false,"_joinchat":[]},"product_brand":[],"product_cat":[31,24],"product_tag":[],"class_list":{"0":"post-1065","1":"product","2":"type-product","3":"status-publish","4":"has-post-thumbnail","6":"product_cat-jugueterecargable","7":"product_cat-juguetes-sexuales","9":"first","10":"instock","11":"sale","12":"shipping-taxable","13":"purchasable","14":"product-type-simple","15":"entry","16":"content-bg","17":"loop-entry"},"_links":{"self":[{"href":"https:\/\/lenceria69.com\/cr\/wp-json\/wp\/v2\/product\/1065","targetHints":{"allow":["GET"]}}],"collection":[{"href":"https:\/\/lenceria69.com\/cr\/wp-json\/wp\/v2\/product"}],"about":[{"href":"https:\/\/lenceria69.com\/cr\/wp-json\/wp\/v2\/types\/product"}],"replies":[{"embeddable":true,"href":"https:\/\/lenceria69.com\/cr\/wp-json\/wp\/v2\/comments?post=1065"}],"version-history":[{"count":0,"href":"https:\/\/lenceria69.com\/cr\/wp-json\/wp\/v2\/product\/1065\/revisions"}],"wp:featuredmedia":[{"embeddable":true,"href":"https:\/\/lenceria69.com\/cr\/wp-json\/"}],"wp:attachment":[{"href":"https:\/\/lenceria69.com\/cr\/wp-json\/wp\/v2\/media?parent=1065"}],"wp:term":[{"taxonomy":"product_brand","embeddable":true,"href":"https:\/\/lenceria69.com\/cr\/wp-json\/wp\/v2\/product_brand?post=1065"},{"taxonomy":"product_cat","embeddable":true,"href":"https:\/\/lenceria69.com\/cr\/wp-json\/wp\/v2\/product_cat?post=1065"},{"taxonomy":"product_tag","embeddable":true,"href":"https:\/\/lenceria69.com\/cr\/wp-json\/wp\/v2\/product_tag?post=1065"}],"curies":[{"name":"wp","href":"https:\/\/api.w.org\/{rel}","templated":true}]}}