{"id":1064,"date":"2023-05-22T11:21:44","date_gmt":"2023-05-22T17:21:44","guid":{"rendered":"http:\/\/lenceria69.com\/cr\/?post_type=product&#038;p=1064"},"modified":"2023-09-27T12:49:49","modified_gmt":"2023-09-27T18:49:49","slug":"bananavib","status":"publish","type":"product","link":"https:\/\/lenceria69.com\/cr\/producto\/bananavib\/","title":{"rendered":"The Banana Vib \u2013 Vibrador en Forma de Banana"},"content":{"rendered":"<p>Despu\u00e9s de jugar con nuestro vibrador con forma de BANANA, jamas volver a ver un banano de la misma manera sin ponerte caliente!<\/p>\n<p>Descripci\u00f3n:<br \/>\nC\u00e1scara de pl\u00e1tano: estimula el cl\u00edtoris<br \/>\nEste vibrador cuenta con un dise\u00f1o muy inteligente, la forma de pl\u00e1tano puede cubrir toda la vulva ya que cae sobre el cl\u00edtoris sensible, se frota suavemente hacia adelante y hacia atr\u00e1s mientras se usa y se siente como un suave coqueteo con las yemas de los dedos provocando doble estimulaci\u00f3n.<\/p>\n<p>Carne de pl\u00e1tano \u2013 Estimula el Punto-G<br \/>\nCuenta con un dise\u00f1o de curvo hacia adelante y la longitud insertada es de aproximadamente 3cm-7cm, lo que es conveniente para explorar el secreto punto g interno.<br \/>\nEl pl\u00e1tano se siente muy delicado, suave y el\u00e1stico.<br \/>\nEn cuanto a mantenerse \u00abdentro y fuera\u00bb, su pulpa curva de pl\u00e1tano se frota contra el punto g en el interior creando pronto una r\u00e1faga de calor saliendo, un placer c\u00e1lido.<\/p>\n<p>Seguro: Personalizado de alto nivel<br \/>\nEl Vibrador Banana es 100% resistente al agua y completamente sumergible para uso en ducha o ba\u00f1o o para limpieza.<\/p>\n<p>Caracter\u00edsticas:<br \/>\n\u2013 Masaje del Cl\u00edtoris<br \/>\n\u2013 USB recargable 1 hora usando tiempo<br \/>\n\u2013 Excitar el Punto G<br \/>\n\u2013 10 modos de vibraci\u00f3n<br \/>\n\u2013 Impermeable<br \/>\n\u2013 masaje labio<br \/>\n\u2013 material de alta calidad<\/p>\n","protected":false},"excerpt":{"rendered":"<p>Despu\u00e9s de jugar con nuestro vibrador con forma de BANANA, jamas volver a ver un banano de la misma manera sin ponerte caliente! Descripci\u00f3n: C\u00e1scara de pl\u00e1tano: estimula el cl\u00edtoris Este vibrador cuenta con un dise\u00f1o muy inteligente, la forma de pl\u00e1tano puede cubrir toda la vulva ya que cae sobre el cl\u00edtoris sensible, se&#8230;<\/p>\n","protected":false},"featured_media":100000929,"comment_status":"open","ping_status":"closed","template":"","meta":{"_kad_post_transparent":"default","_kad_post_title":"","_kad_post_layout":"default","_kad_post_sidebar_id":"","_kad_post_content_style":"default","_kad_post_vertical_padding":"default","_kad_post_feature":"","_kad_post_feature_position":"","_kad_post_header":false,"_kad_post_footer":false,"_joinchat":[]},"product_brand":[],"product_cat":[31,24],"product_tag":[],"class_list":{"0":"post-1064","1":"product","2":"type-product","3":"status-publish","4":"has-post-thumbnail","6":"product_cat-jugueterecargable","7":"product_cat-juguetes-sexuales","9":"first","10":"instock","11":"sale","12":"shipping-taxable","13":"purchasable","14":"product-type-simple","15":"entry","16":"content-bg","17":"loop-entry"},"_links":{"self":[{"href":"https:\/\/lenceria69.com\/cr\/wp-json\/wp\/v2\/product\/1064","targetHints":{"allow":["GET"]}}],"collection":[{"href":"https:\/\/lenceria69.com\/cr\/wp-json\/wp\/v2\/product"}],"about":[{"href":"https:\/\/lenceria69.com\/cr\/wp-json\/wp\/v2\/types\/product"}],"replies":[{"embeddable":true,"href":"https:\/\/lenceria69.com\/cr\/wp-json\/wp\/v2\/comments?post=1064"}],"version-history":[{"count":0,"href":"https:\/\/lenceria69.com\/cr\/wp-json\/wp\/v2\/product\/1064\/revisions"}],"wp:featuredmedia":[{"embeddable":true,"href":"https:\/\/lenceria69.com\/cr\/wp-json\/"}],"wp:attachment":[{"href":"https:\/\/lenceria69.com\/cr\/wp-json\/wp\/v2\/media?parent=1064"}],"wp:term":[{"taxonomy":"product_brand","embeddable":true,"href":"https:\/\/lenceria69.com\/cr\/wp-json\/wp\/v2\/product_brand?post=1064"},{"taxonomy":"product_cat","embeddable":true,"href":"https:\/\/lenceria69.com\/cr\/wp-json\/wp\/v2\/product_cat?post=1064"},{"taxonomy":"product_tag","embeddable":true,"href":"https:\/\/lenceria69.com\/cr\/wp-json\/wp\/v2\/product_tag?post=1064"}],"curies":[{"name":"wp","href":"https:\/\/api.w.org\/{rel}","templated":true}]}}