{"id":1056,"date":"2023-05-20T16:34:22","date_gmt":"2023-05-20T22:34:22","guid":{"rendered":"http:\/\/lenceria69.com\/cr\/?post_type=product&#038;p=1056"},"modified":"2023-05-20T16:34:22","modified_gmt":"2023-05-20T22:34:22","slug":"pussypump","status":"publish","type":"product","link":"https:\/\/lenceria69.com\/cr\/producto\/pussypump\/","title":{"rendered":"Power Pump Worx \u2013 Bomba en Forma de Vagina"},"content":{"rendered":"<p>\u00a1Hemos tomado la sensaci\u00f3n suave y realista de un co\u00f1o Fanta Flesh y la hemos combinado con una potente bomba de rendimiento! Despu\u00e9s de unos pocos usos, descubrir\u00e1 erecciones gruesas y palpitantes que duran y duran.<\/p>\n<p>Desl\u00edcese a trav\u00e9s del co\u00f1o s\u00faper suave y dentro del tubo del cilindro de vac\u00edo. El co\u00f1o se siente genial y forma un sello perfectamente apretado contra la piel para crear un poderoso vac\u00edo dentro de la c\u00e1mara, lo que obliga a su erecci\u00f3n a expandirse e hincharse r\u00e1pidamente con poder mientras aprieta el mango EZ-grip. Esta bomba multifunci\u00f3n funciona como un masturbador de succi\u00f3n: cuando haya alcanzado el tama\u00f1o deseado, simplemente presione la v\u00e1lvula de liberaci\u00f3n r\u00e1pida para aliviar la presi\u00f3n, luego disfrute follando el co\u00f1o realista con su barra de placer reci\u00e9n hinchada.<\/p>\n<p>El cilindro de vac\u00edo transparente te permite ver c\u00f3mo tu pene se hace m\u00e1s grande y m\u00e1s gordo con cada bombeo.<\/p>\n<p>Caracter\u00edsticas:<br \/>\n\u2013 Co\u00f1o ultra realista de Fanta-Flesh<br \/>\n\u2013 Mango de vac\u00edo EZ-Grip<br \/>\n\u2013 La v\u00e1lvula de liberaci\u00f3n r\u00e1pida alivia instant\u00e1neamente la presi\u00f3n<br \/>\n\u2013 C\u00e1lido, suave y s\u00faper apretado<br \/>\n\u2013 A\u00f1ade longitud y circunferencia al instante<br \/>\n\u2013 Mejore su resistencia y rendimiento<br \/>\n\u2013 Logre eyaculaciones m\u00e1s fuertes y explosivas<br \/>\n\u2013 Gana confianza y autoestima<\/p>\n<p>Dimensiones:<br \/>\n\u2013 Longitud del tubo: 6,75 \u00ab(17 cm)<br \/>\n\u2013 Ancho del tubo: 2 \u00ab(5 cm)<\/p>\n","protected":false},"excerpt":{"rendered":"<p>\u00a1Hemos tomado la sensaci\u00f3n suave y realista de un co\u00f1o Fanta Flesh y la hemos combinado con una potente bomba de rendimiento! Despu\u00e9s de unos pocos usos, descubrir\u00e1 erecciones gruesas y palpitantes que duran y duran. Desl\u00edcese a trav\u00e9s del co\u00f1o s\u00faper suave y dentro del tubo del cilindro de vac\u00edo. El co\u00f1o se siente&#8230;<\/p>\n","protected":false},"featured_media":1000001022,"comment_status":"open","ping_status":"closed","template":"","meta":{"_kad_post_transparent":"default","_kad_post_title":"","_kad_post_layout":"default","_kad_post_sidebar_id":"","_kad_post_content_style":"default","_kad_post_vertical_padding":"default","_kad_post_feature":"","_kad_post_feature_position":"","_kad_post_header":false,"_kad_post_footer":false,"_joinchat":[]},"product_brand":[],"product_cat":[30,24],"product_tag":[],"class_list":{"0":"post-1056","1":"product","2":"type-product","3":"status-publish","4":"has-post-thumbnail","6":"product_cat-juguetes_para_ellos","7":"product_cat-juguetes-sexuales","9":"first","10":"instock","11":"shipping-taxable","12":"purchasable","13":"product-type-simple","14":"entry","15":"content-bg","16":"loop-entry"},"_links":{"self":[{"href":"https:\/\/lenceria69.com\/cr\/wp-json\/wp\/v2\/product\/1056","targetHints":{"allow":["GET"]}}],"collection":[{"href":"https:\/\/lenceria69.com\/cr\/wp-json\/wp\/v2\/product"}],"about":[{"href":"https:\/\/lenceria69.com\/cr\/wp-json\/wp\/v2\/types\/product"}],"replies":[{"embeddable":true,"href":"https:\/\/lenceria69.com\/cr\/wp-json\/wp\/v2\/comments?post=1056"}],"version-history":[{"count":0,"href":"https:\/\/lenceria69.com\/cr\/wp-json\/wp\/v2\/product\/1056\/revisions"}],"wp:featuredmedia":[{"embeddable":true,"href":"https:\/\/lenceria69.com\/cr\/wp-json\/"}],"wp:attachment":[{"href":"https:\/\/lenceria69.com\/cr\/wp-json\/wp\/v2\/media?parent=1056"}],"wp:term":[{"taxonomy":"product_brand","embeddable":true,"href":"https:\/\/lenceria69.com\/cr\/wp-json\/wp\/v2\/product_brand?post=1056"},{"taxonomy":"product_cat","embeddable":true,"href":"https:\/\/lenceria69.com\/cr\/wp-json\/wp\/v2\/product_cat?post=1056"},{"taxonomy":"product_tag","embeddable":true,"href":"https:\/\/lenceria69.com\/cr\/wp-json\/wp\/v2\/product_tag?post=1056"}],"curies":[{"name":"wp","href":"https:\/\/api.w.org\/{rel}","templated":true}]}}