{"id":1053,"date":"2023-05-20T16:22:36","date_gmt":"2023-05-20T22:22:36","guid":{"rendered":"http:\/\/lenceria69.com\/cr\/?post_type=product&#038;p=1053"},"modified":"2023-05-20T16:22:37","modified_gmt":"2023-05-20T22:22:37","slug":"powerpumpworx","status":"publish","type":"product","link":"https:\/\/lenceria69.com\/cr\/producto\/powerpumpworx\/","title":{"rendered":"Power Pump Worx \u2013 Bomba Principiante Worx"},"content":{"rendered":"<p>La bomba de energ\u00eda para principiantes le dar\u00e1 el tama\u00f1o y la confianza que siempre ha so\u00f1ado sin efectos secundarios da\u00f1inos. Con cada apret\u00f3n de la bola de bombeo de estilo m\u00e9dico, su barra de placer se har\u00e1 m\u00e1s grande, m\u00e1s gruesa y se hinchar\u00e1 con potencia. Una vez que penetre en la abertura de PVC suave y flexible, descubrir\u00e1 r\u00e1pidamente erecciones palpitantes y duras que se sienten muy bien y duran y duran sin decepciones de rendimiento intermedias. Los tubos de vac\u00edo transparentes le permiten ver crecer su polla, y la v\u00e1lvula de liberaci\u00f3n r\u00e1pida alivia la presi\u00f3n con solo presionar el bot\u00f3n. \u00a1Cuidado con las imitaciones, solo esta potente bomba puede ofrecer resultados que realmente satisfagan!<\/p>\n<p>Cuando haya terminado, simplemente separe el cilindro de la manguera de aspiraci\u00f3n y restaure su calidad como nueva con Pipedream Toy Cleaner y agua tibia.<\/p>\n<p>Descripcion:<br \/>\n\u2013 S\u00faper succi\u00f3n de alta intensidad<br \/>\n\u2013 Bola de bomba de estilo m\u00e9dico con v\u00e1lvula de liberaci\u00f3n r\u00e1pida<br \/>\n\u2013 Perfecto para principiantes<\/p>\n","protected":false},"excerpt":{"rendered":"<p>La bomba de energ\u00eda para principiantes le dar\u00e1 el tama\u00f1o y la confianza que siempre ha so\u00f1ado sin efectos secundarios da\u00f1inos. Con cada apret\u00f3n de la bola de bombeo de estilo m\u00e9dico, su barra de placer se har\u00e1 m\u00e1s grande, m\u00e1s gruesa y se hinchar\u00e1 con potencia. Una vez que penetre en la abertura de&#8230;<\/p>\n","protected":false},"featured_media":1000001012,"comment_status":"open","ping_status":"closed","template":"","meta":{"_kad_post_transparent":"default","_kad_post_title":"","_kad_post_layout":"default","_kad_post_sidebar_id":"","_kad_post_content_style":"default","_kad_post_vertical_padding":"default","_kad_post_feature":"","_kad_post_feature_position":"","_kad_post_header":false,"_kad_post_footer":false,"_joinchat":[]},"product_brand":[],"product_cat":[30,24],"product_tag":[],"class_list":{"0":"post-1053","1":"product","2":"type-product","3":"status-publish","4":"has-post-thumbnail","6":"product_cat-juguetes_para_ellos","7":"product_cat-juguetes-sexuales","9":"first","10":"instock","11":"shipping-taxable","12":"purchasable","13":"product-type-simple","14":"entry","15":"content-bg","16":"loop-entry"},"_links":{"self":[{"href":"https:\/\/lenceria69.com\/cr\/wp-json\/wp\/v2\/product\/1053","targetHints":{"allow":["GET"]}}],"collection":[{"href":"https:\/\/lenceria69.com\/cr\/wp-json\/wp\/v2\/product"}],"about":[{"href":"https:\/\/lenceria69.com\/cr\/wp-json\/wp\/v2\/types\/product"}],"replies":[{"embeddable":true,"href":"https:\/\/lenceria69.com\/cr\/wp-json\/wp\/v2\/comments?post=1053"}],"version-history":[{"count":0,"href":"https:\/\/lenceria69.com\/cr\/wp-json\/wp\/v2\/product\/1053\/revisions"}],"wp:featuredmedia":[{"embeddable":true,"href":"https:\/\/lenceria69.com\/cr\/wp-json\/"}],"wp:attachment":[{"href":"https:\/\/lenceria69.com\/cr\/wp-json\/wp\/v2\/media?parent=1053"}],"wp:term":[{"taxonomy":"product_brand","embeddable":true,"href":"https:\/\/lenceria69.com\/cr\/wp-json\/wp\/v2\/product_brand?post=1053"},{"taxonomy":"product_cat","embeddable":true,"href":"https:\/\/lenceria69.com\/cr\/wp-json\/wp\/v2\/product_cat?post=1053"},{"taxonomy":"product_tag","embeddable":true,"href":"https:\/\/lenceria69.com\/cr\/wp-json\/wp\/v2\/product_tag?post=1053"}],"curies":[{"name":"wp","href":"https:\/\/api.w.org\/{rel}","templated":true}]}}