{"id":1052,"date":"2023-05-20T16:05:36","date_gmt":"2023-05-20T22:05:36","guid":{"rendered":"http:\/\/lenceria69.com\/cr\/?post_type=product&#038;p=1052"},"modified":"2023-05-20T16:05:36","modified_gmt":"2023-05-20T22:05:36","slug":"neonpanties","status":"publish","type":"product","link":"https:\/\/lenceria69.com\/cr\/producto\/neonpanties\/","title":{"rendered":"Neon Panty Set \u2013 Panty y Braguitas Vibrantes de Ne\u00f3n"},"content":{"rendered":"<p>Las bragas de ne\u00f3n vibrantes sin entrepierna no solo se ven geniales, \u00a1son las bragas m\u00e1s divertidas que jam\u00e1s usar\u00e1s! Escondido discretamente dentro de este G-String sin entrepierna suave y el\u00e1stico, hay una micro bala oculta dise\u00f1ada para sacudir tu mundo.<\/p>\n<p>La abertura sin entrepierna le permite tener relaciones sexuales con las bragas puestas, mientras que el motor silencioso en la potente micro bala proporciona una estimulaci\u00f3n incre\u00edble donde m\u00e1s lo desea.<\/p>\n<p>\u00a1Pru\u00e9balos en la ducha o en el spa y convierte la hora del ba\u00f1o en un momento de placer!<\/p>\n<p>\u00a1Las empanadas en forma de X autoadhesivas a juego est\u00e1n hechas para burlarse y ser perfectas cuando quieras lucir y sentirte sexy!<\/p>\n","protected":false},"excerpt":{"rendered":"<p>Las bragas de ne\u00f3n vibrantes sin entrepierna no solo se ven geniales, \u00a1son las bragas m\u00e1s divertidas que jam\u00e1s usar\u00e1s! Escondido discretamente dentro de este G-String sin entrepierna suave y el\u00e1stico, hay una micro bala oculta dise\u00f1ada para sacudir tu mundo. La abertura sin entrepierna le permite tener relaciones sexuales con las bragas puestas, mientras&#8230;<\/p>\n","protected":false},"featured_media":1000001003,"comment_status":"open","ping_status":"closed","template":"","meta":{"_kad_post_transparent":"default","_kad_post_title":"","_kad_post_layout":"default","_kad_post_sidebar_id":"","_kad_post_content_style":"default","_kad_post_vertical_padding":"default","_kad_post_feature":"","_kad_post_feature_position":"","_kad_post_header":false,"_kad_post_footer":false,"_joinchat":[]},"product_brand":[],"product_cat":[28,24],"product_tag":[],"class_list":{"0":"post-1052","1":"product","2":"type-product","3":"status-publish","4":"has-post-thumbnail","6":"product_cat-juguetebateria","7":"product_cat-juguetes-sexuales","9":"first","10":"instock","11":"sale","12":"shipping-taxable","13":"purchasable","14":"product-type-simple","15":"entry","16":"content-bg","17":"loop-entry"},"_links":{"self":[{"href":"https:\/\/lenceria69.com\/cr\/wp-json\/wp\/v2\/product\/1052","targetHints":{"allow":["GET"]}}],"collection":[{"href":"https:\/\/lenceria69.com\/cr\/wp-json\/wp\/v2\/product"}],"about":[{"href":"https:\/\/lenceria69.com\/cr\/wp-json\/wp\/v2\/types\/product"}],"replies":[{"embeddable":true,"href":"https:\/\/lenceria69.com\/cr\/wp-json\/wp\/v2\/comments?post=1052"}],"version-history":[{"count":0,"href":"https:\/\/lenceria69.com\/cr\/wp-json\/wp\/v2\/product\/1052\/revisions"}],"wp:featuredmedia":[{"embeddable":true,"href":"https:\/\/lenceria69.com\/cr\/wp-json\/"}],"wp:attachment":[{"href":"https:\/\/lenceria69.com\/cr\/wp-json\/wp\/v2\/media?parent=1052"}],"wp:term":[{"taxonomy":"product_brand","embeddable":true,"href":"https:\/\/lenceria69.com\/cr\/wp-json\/wp\/v2\/product_brand?post=1052"},{"taxonomy":"product_cat","embeddable":true,"href":"https:\/\/lenceria69.com\/cr\/wp-json\/wp\/v2\/product_cat?post=1052"},{"taxonomy":"product_tag","embeddable":true,"href":"https:\/\/lenceria69.com\/cr\/wp-json\/wp\/v2\/product_tag?post=1052"}],"curies":[{"name":"wp","href":"https:\/\/api.w.org\/{rel}","templated":true}]}}