{"id":1051,"date":"2023-05-20T15:56:14","date_gmt":"2023-05-20T21:56:14","guid":{"rendered":"http:\/\/lenceria69.com\/cr\/?post_type=product&#038;p=1051"},"modified":"2023-09-26T14:38:10","modified_gmt":"2023-09-26T20:38:10","slug":"pdx-elite-blowjob-pump-bomba-de-succion-para-sexo-oral","status":"publish","type":"product","link":"https:\/\/lenceria69.com\/cr\/producto\/pdx-elite-blowjob-pump-bomba-de-succion-para-sexo-oral\/","title":{"rendered":"Pdx Elite Blowjob Pump \u2013 Bomba de Succion para Sexo Oral"},"content":{"rendered":"<p>\u00a1Presentamos la revolucionaria tecnolog\u00eda IST! \u00a1La succi\u00f3n intermitente incre\u00edblemente realista proporciona una sensaci\u00f3n de \u00aborde\u00f1o\u00bb realista para la mejor mamada de tu vida! \u00a1Personaliza tu placer de la forma que quieras! Disfrute de una succi\u00f3n intermitente realista por s\u00ed sola, o empuje para disfrutar de la acci\u00f3n de caricias profundas, \u00a1lo que sea que le apetezca!<\/p>\n<p>\u00a1Hazte m\u00e1s grande y m\u00e1s grueso que nunca! El tubo transparente est\u00e1 dise\u00f1ado para un agarre firme y tiene una regla conveniente para medir su crecimiento expansivo y una secci\u00f3n de aumento para ver su grosor creciente. Los labios flexibles en la rosquilla de placer el\u00e1stica ayudan a crear un sello herm\u00e9tico y acarician firmemente su eje si elige usar su Bomba de potencia para mamadas PDX Elite como masajeador.<\/p>\n<p>Disfruta del m\u00e1ximo placer con una succi\u00f3n intermitente realista que orde\u00f1a autom\u00e1ticamente tu eje y se siente como una verdadera experiencia de sexo oral. Rodea tu pene con una succi\u00f3n de acci\u00f3n de vac\u00edo incre\u00edblemente estimulante que te lleva c\u00f3modamente al \u00e9xtasis. Los resultados son claros: el tubo de succi\u00f3n transparente y duradero cuenta con una regla conveniente y una lente de aumento adicional. para ver c\u00f3mo se hace m\u00e1s grande y m\u00e1s grueso con cada tir\u00f3n de succi\u00f3n.<\/p>\n<p>El topper es extra\u00edble para facilitar la limpieza y la bomba se puede usar con o sin \u00e9l. \u00a1Se incluyen 3 anillos en C de silicona de dise\u00f1ador<\/p>\n<p>Instrucciones de cuidado:<br \/>\n\u2013 El topper bucal se puede quitar para facilitar la limpieza. La limpieza es muy sencilla despu\u00e9s de la diversi\u00f3n con Refresh Toy Cleaner y agua tibia. No sumerjas en agua la bomba de potencia para mamada PDX Elite.<\/p>\n<p>Instrucciones de funcionamiento:<br \/>\n\u2013 Encendido: presione el bot\u00f3n superior para encender.<br \/>\n\u2013 Hay 2 modos de succi\u00f3n. se inicia en el primer modo, aspiraci\u00f3n continua.<br \/>\n\u2013 Presione el bot\u00f3n nuevamente para cambiar al segundo modo, succi\u00f3n intermitente.<br \/>\n\u2013 Al presionar el bot\u00f3n superior se alternar\u00e1 entre succi\u00f3n continua y succi\u00f3n intermitente.<br \/>\n\u2013 Mantenga presionado el bot\u00f3n superior durante 3 segundos para apagarlo.<\/p>\n<p>\u2013 Liberaci\u00f3n r\u00e1pida: mantenga presionado el bot\u00f3n \u00abR\u00bb inferior para liberar la succi\u00f3n, o presione el bot\u00f3n \u00abR\u00bb para una estimulaci\u00f3n adicional.<br \/>\n\u2013 M\u00e9todo de liberaci\u00f3n alternativo: presione hacia abajo la piel circundante para romper el sello de succi\u00f3n.<br \/>\n\u2013 Durante la succi\u00f3n intermitente, el bot\u00f3n \u00abR\u00bb se encender\u00e1 y apagar\u00e1 mientras la succi\u00f3n se pulsa autom\u00e1ticamente.<\/p>\n","protected":false},"excerpt":{"rendered":"<p>\u00a1Presentamos la revolucionaria tecnolog\u00eda IST! \u00a1La succi\u00f3n intermitente incre\u00edblemente realista proporciona una sensaci\u00f3n de \u00aborde\u00f1o\u00bb realista para la mejor mamada de tu vida! \u00a1Personaliza tu placer de la forma que quieras! Disfrute de una succi\u00f3n intermitente realista por s\u00ed sola, o empuje para disfrutar de la acci\u00f3n de caricias profundas, \u00a1lo que sea que le&#8230;<\/p>\n","protected":false},"featured_media":100000999,"comment_status":"open","ping_status":"closed","template":"","meta":{"_kad_post_transparent":"default","_kad_post_title":"","_kad_post_layout":"default","_kad_post_sidebar_id":"","_kad_post_content_style":"default","_kad_post_vertical_padding":"default","_kad_post_feature":"","_kad_post_feature_position":"","_kad_post_header":false,"_kad_post_footer":false,"_joinchat":[]},"product_brand":[],"product_cat":[30,24],"product_tag":[],"class_list":{"0":"post-1051","1":"product","2":"type-product","3":"status-publish","4":"has-post-thumbnail","6":"product_cat-juguetes_para_ellos","7":"product_cat-juguetes-sexuales","9":"first","10":"instock","11":"shipping-taxable","12":"purchasable","13":"product-type-simple","14":"entry","15":"content-bg","16":"loop-entry"},"_links":{"self":[{"href":"https:\/\/lenceria69.com\/cr\/wp-json\/wp\/v2\/product\/1051","targetHints":{"allow":["GET"]}}],"collection":[{"href":"https:\/\/lenceria69.com\/cr\/wp-json\/wp\/v2\/product"}],"about":[{"href":"https:\/\/lenceria69.com\/cr\/wp-json\/wp\/v2\/types\/product"}],"replies":[{"embeddable":true,"href":"https:\/\/lenceria69.com\/cr\/wp-json\/wp\/v2\/comments?post=1051"}],"version-history":[{"count":0,"href":"https:\/\/lenceria69.com\/cr\/wp-json\/wp\/v2\/product\/1051\/revisions"}],"wp:featuredmedia":[{"embeddable":true,"href":"https:\/\/lenceria69.com\/cr\/wp-json\/"}],"wp:attachment":[{"href":"https:\/\/lenceria69.com\/cr\/wp-json\/wp\/v2\/media?parent=1051"}],"wp:term":[{"taxonomy":"product_brand","embeddable":true,"href":"https:\/\/lenceria69.com\/cr\/wp-json\/wp\/v2\/product_brand?post=1051"},{"taxonomy":"product_cat","embeddable":true,"href":"https:\/\/lenceria69.com\/cr\/wp-json\/wp\/v2\/product_cat?post=1051"},{"taxonomy":"product_tag","embeddable":true,"href":"https:\/\/lenceria69.com\/cr\/wp-json\/wp\/v2\/product_tag?post=1051"}],"curies":[{"name":"wp","href":"https:\/\/api.w.org\/{rel}","templated":true}]}}