{"id":1049,"date":"2023-05-20T15:41:06","date_gmt":"2023-05-20T21:41:06","guid":{"rendered":"http:\/\/lenceria69.com\/cr\/?post_type=product&#038;p=1049"},"modified":"2023-07-27T20:34:46","modified_gmt":"2023-07-28T02:34:46","slug":"pdx-elite-pussy-stroker-vagina-vibradora-con-succcion","status":"publish","type":"product","link":"https:\/\/lenceria69.com\/cr\/producto\/pdx-elite-pussy-stroker-vagina-vibradora-con-succcion\/","title":{"rendered":"PDX Elite Pussy Stroker \u2013 Vagina Vibradora con Succci\u00f3n"},"content":{"rendered":"<p>La succi\u00f3n herm\u00e9tica asegura que la punta hacia adentro o las bolas profundamente, el PDX Pussy Stroker le brindar\u00e1 la mejor experiencia de masturbaci\u00f3n de su vida. Con un robusto estuche exterior acanalado para un agarre s\u00f3lido, el PDX Elite Pussy Stroker crea una poderosa succi\u00f3n que orde\u00f1a cada cent\u00edmetro de su pene. Una funda interior s\u00faper suave y realista de Fanta Flesh forrada con nervaduras de masaje, protuberancias y texturas agradables har\u00e1 realidad tus fantas\u00edas con cada embestida.<\/p>\n<p>Para una variedad de sensaciones estimulantes, simplemente retire la etiqueta de control de succi\u00f3n y use su pulgar para ajustar los niveles manualmente. La funda interior de Fanta Flesh tambi\u00e9n es extra\u00edble para el placer de la mano.<br \/>\nPara la m\u00e1xima sensaci\u00f3n: inserte la bala vibratoria en el orificio en la parte inferior de la manga.<\/p>\n<p>Instrucciones de limpieza: Retire la funda de la lata y l\u00edmpiela a fondo con\u00a0 agua tibia.<\/p>\n","protected":false},"excerpt":{"rendered":"<p>La succi\u00f3n herm\u00e9tica asegura que la punta hacia adentro o las bolas profundamente, el PDX Pussy Stroker le brindar\u00e1 la mejor experiencia de masturbaci\u00f3n de su vida. Con un robusto estuche exterior acanalado para un agarre s\u00f3lido, el PDX Elite Pussy Stroker crea una poderosa succi\u00f3n que orde\u00f1a cada cent\u00edmetro de su pene. Una funda&#8230;<\/p>\n","protected":false},"featured_media":1000001565,"comment_status":"open","ping_status":"closed","template":"","meta":{"_kad_post_transparent":"default","_kad_post_title":"","_kad_post_layout":"default","_kad_post_sidebar_id":"","_kad_post_content_style":"default","_kad_post_vertical_padding":"default","_kad_post_feature":"","_kad_post_feature_position":"","_kad_post_header":false,"_kad_post_footer":false,"_joinchat":[]},"product_brand":[],"product_cat":[30,24],"product_tag":[],"class_list":{"0":"post-1049","1":"product","2":"type-product","3":"status-publish","4":"has-post-thumbnail","6":"product_cat-juguetes_para_ellos","7":"product_cat-juguetes-sexuales","9":"first","10":"instock","11":"shipping-taxable","12":"purchasable","13":"product-type-simple","14":"entry","15":"content-bg","16":"loop-entry"},"_links":{"self":[{"href":"https:\/\/lenceria69.com\/cr\/wp-json\/wp\/v2\/product\/1049","targetHints":{"allow":["GET"]}}],"collection":[{"href":"https:\/\/lenceria69.com\/cr\/wp-json\/wp\/v2\/product"}],"about":[{"href":"https:\/\/lenceria69.com\/cr\/wp-json\/wp\/v2\/types\/product"}],"replies":[{"embeddable":true,"href":"https:\/\/lenceria69.com\/cr\/wp-json\/wp\/v2\/comments?post=1049"}],"version-history":[{"count":0,"href":"https:\/\/lenceria69.com\/cr\/wp-json\/wp\/v2\/product\/1049\/revisions"}],"wp:featuredmedia":[{"embeddable":true,"href":"https:\/\/lenceria69.com\/cr\/wp-json\/"}],"wp:attachment":[{"href":"https:\/\/lenceria69.com\/cr\/wp-json\/wp\/v2\/media?parent=1049"}],"wp:term":[{"taxonomy":"product_brand","embeddable":true,"href":"https:\/\/lenceria69.com\/cr\/wp-json\/wp\/v2\/product_brand?post=1049"},{"taxonomy":"product_cat","embeddable":true,"href":"https:\/\/lenceria69.com\/cr\/wp-json\/wp\/v2\/product_cat?post=1049"},{"taxonomy":"product_tag","embeddable":true,"href":"https:\/\/lenceria69.com\/cr\/wp-json\/wp\/v2\/product_tag?post=1049"}],"curies":[{"name":"wp","href":"https:\/\/api.w.org\/{rel}","templated":true}]}}