{"id":1048,"date":"2023-05-20T15:35:51","date_gmt":"2023-05-20T21:35:51","guid":{"rendered":"http:\/\/lenceria69.com\/cr\/?post_type=product&#038;p=1048"},"modified":"2023-05-20T15:35:51","modified_gmt":"2023-05-20T21:35:51","slug":"pdx-suck-n-pump-bomba-de-succion-y-masturbacion","status":"publish","type":"product","link":"https:\/\/lenceria69.com\/cr\/producto\/pdx-suck-n-pump-bomba-de-succion-y-masturbacion\/","title":{"rendered":"PDX Suck-N-Pump \u2013 Bomba de Succion y Masturbacion"},"content":{"rendered":"<p>\u00a1Experimente 2 formas de intensificar su erecci\u00f3n con 1 genial fogonero! El PDX ELITE Suck-N-Pump Stroker presenta una bola de bombeo de estilo m\u00e9dico que funciona como bomba de erecci\u00f3n en una posici\u00f3n y como golpe de masturbaci\u00f3n en una segunda posici\u00f3n.<\/p>\n<p>\u00a1El doble de opciones de rendimiento que una bomba ordinaria! \u00a1Personaliza tu placer!<\/p>\n<p>BOMBA DE PENE. Con cada apret\u00f3n de la bola de bomba de estilo m\u00e9dico en la posici\u00f3n de BOMBA, se crea un vac\u00edo s\u00faper fuerte dentro de la c\u00e1mara, lo que obliga a su erecci\u00f3n a expandir r\u00e1pidamente su longitud y circunferencia.<br \/>\nSTROKER DE MASTURBACI\u00d3N Cuando la bola de bombeo se coloca en la posici\u00f3n de STROKER, su eje est\u00e1 rodeado por una succi\u00f3n de sexo oral s\u00faper apretada. Gire el dial superior para activar potentes vibraciones de varias velocidades para una estimulaci\u00f3n adicional. La funda suave de TPR forma un sello herm\u00e9tico contra su piel, creando una succi\u00f3n incre\u00edble y resultados asombrosos, mientras que el tubo transparente est\u00e1 dise\u00f1ado para un agarre firme y tiene una regla conveniente para medir su crecimiento expansivo.<\/p>\n<p>Puede aliviar instant\u00e1neamente la presi\u00f3n presionando la v\u00e1lvula de liberaci\u00f3n de aire sobre el cilindro de la bomba. Convenientemente impermeable para divertirse en el ba\u00f1o o la ducha. Disfrute de lo mejor de ambos mundos<\/p>\n<p>\u00a1Sensaciones de sexo oral + una erecci\u00f3n m\u00e1s grande y dura!<\/p>\n<p>IBRACI\u00d3N DE VELOCIDAD M\u00daLTIPLE: Simplemente gire el dial para disfrutar de una estimulaci\u00f3n adicional.<br \/>\nVIBRACI\u00d3N POTENTE: La vibraci\u00f3n de varias velocidades aumenta su experiencia.<br \/>\nBOT\u00d3N DE LIBERACI\u00d3N R\u00c1PIDA: Presione para aliviar instant\u00e1neamente la presi\u00f3n.<br \/>\nCILINDRO TRANSPARENTE FORRADO POR REGLAS: Ver resultados visibles.<br \/>\nSTROKER DE MASTURBACI\u00d3N SATISFACTORIA: Las intensas sensaciones de sexo oral elevan cada sesi\u00f3n de masturbaci\u00f3n.<br \/>\nMANGA ESTIMULADORA: La manga flexible de TPR est\u00e1 forrada con suaves protuberancias y nervaduras para excitar sus sentidos.<\/p>\n<p>SELLO HERM\u00c9TICO * El dise\u00f1o garantiza una succi\u00f3n extrafuerte.<br \/>\nBOLA DE BOMBA DE ESTILO M\u00c9DICO * Funciona convenientemente como bomba y como bomba.<\/p>\n<p>Instrucciones de funcionamiento:<br \/>\n\u00abPENE PUMP\u00bb * Coloque el extremo de la bola de la bomba con la etiqueta PUMP en el extremo del tubo flexible.<br \/>\nSTROKER DE MASTURBACI\u00d3N \u201a- Coloque el extremo de la bola de la bomba con la etiqueta STROKER en el extremo del tubo flexible. Presione el BOT\u00d3N DE LIBERACI\u00d3N R\u00c1PIDA para aliviar instant\u00e1neamente la presi\u00f3n. Para prolongar la eyaculaci\u00f3n, deslice uno de los anillos en C de dise\u00f1ador de silicona incluidos sobre su eje hasta que est\u00e9 agradable y c\u00f3modo. El apret\u00f3n le ayudar\u00e1 a mantener su erecci\u00f3n y extender\u00e1 la diversi\u00f3n. Instrucciones de cuidado \u201a- Cuando haya terminado, simplemente separe el cilindro de la parte superior del motor y retire la funda de TPR para limpiarlo.\u201a La limpieza es muy sencilla despu\u00e9s de la diversi\u00f3n con Refresh Toy Cleaner y agua tibia. Deje secar al aire completamente antes de guardar. La funda interior es extra\u00edble para facilitar la limpieza.<\/p>\n","protected":false},"excerpt":{"rendered":"<p>\u00a1Experimente 2 formas de intensificar su erecci\u00f3n con 1 genial fogonero! El PDX ELITE Suck-N-Pump Stroker presenta una bola de bombeo de estilo m\u00e9dico que funciona como bomba de erecci\u00f3n en una posici\u00f3n y como golpe de masturbaci\u00f3n en una segunda posici\u00f3n. \u00a1El doble de opciones de rendimiento que una bomba ordinaria! \u00a1Personaliza tu placer!&#8230;<\/p>\n","protected":false},"featured_media":100000986,"comment_status":"open","ping_status":"closed","template":"","meta":{"_kad_post_transparent":"default","_kad_post_title":"","_kad_post_layout":"default","_kad_post_sidebar_id":"","_kad_post_content_style":"default","_kad_post_vertical_padding":"default","_kad_post_feature":"","_kad_post_feature_position":"","_kad_post_header":false,"_kad_post_footer":false,"_joinchat":[]},"product_brand":[],"product_cat":[30,24],"product_tag":[],"class_list":{"0":"post-1048","1":"product","2":"type-product","3":"status-publish","4":"has-post-thumbnail","6":"product_cat-juguetes_para_ellos","7":"product_cat-juguetes-sexuales","9":"first","10":"instock","11":"shipping-taxable","12":"purchasable","13":"product-type-simple","14":"entry","15":"content-bg","16":"loop-entry"},"_links":{"self":[{"href":"https:\/\/lenceria69.com\/cr\/wp-json\/wp\/v2\/product\/1048","targetHints":{"allow":["GET"]}}],"collection":[{"href":"https:\/\/lenceria69.com\/cr\/wp-json\/wp\/v2\/product"}],"about":[{"href":"https:\/\/lenceria69.com\/cr\/wp-json\/wp\/v2\/types\/product"}],"replies":[{"embeddable":true,"href":"https:\/\/lenceria69.com\/cr\/wp-json\/wp\/v2\/comments?post=1048"}],"version-history":[{"count":0,"href":"https:\/\/lenceria69.com\/cr\/wp-json\/wp\/v2\/product\/1048\/revisions"}],"wp:featuredmedia":[{"embeddable":true,"href":"https:\/\/lenceria69.com\/cr\/wp-json\/"}],"wp:attachment":[{"href":"https:\/\/lenceria69.com\/cr\/wp-json\/wp\/v2\/media?parent=1048"}],"wp:term":[{"taxonomy":"product_brand","embeddable":true,"href":"https:\/\/lenceria69.com\/cr\/wp-json\/wp\/v2\/product_brand?post=1048"},{"taxonomy":"product_cat","embeddable":true,"href":"https:\/\/lenceria69.com\/cr\/wp-json\/wp\/v2\/product_cat?post=1048"},{"taxonomy":"product_tag","embeddable":true,"href":"https:\/\/lenceria69.com\/cr\/wp-json\/wp\/v2\/product_tag?post=1048"}],"curies":[{"name":"wp","href":"https:\/\/api.w.org\/{rel}","templated":true}]}}