{"id":1044,"date":"2023-05-20T15:26:52","date_gmt":"2023-05-20T21:26:52","guid":{"rendered":"http:\/\/lenceria69.com\/cr\/?post_type=product&#038;p=1044"},"modified":"2023-07-27T20:35:23","modified_gmt":"2023-07-28T02:35:23","slug":"neon-rabbit-ring-anillo-vibrador-de-conejito","status":"publish","type":"product","link":"https:\/\/lenceria69.com\/cr\/producto\/neon-rabbit-ring-anillo-vibrador-de-conejito\/","title":{"rendered":"Neon Rabbit Ring \u2013 Anillo Vibrador de Conejito"},"content":{"rendered":"<p>Prolonga la diversi\u00f3n y haz que el placer dure con este Anillo de Conejo de Ne\u00f3n. Dale la vuelta al interruptor en la peque\u00f1a micro bala y disfruta de vibraciones incre\u00edbles y una estimulaci\u00f3n incre\u00edble. El control de un solo toque hace que sea f\u00e1cil de operar, mientras que las vibraciones de silencio susurro se burlan y por favor.<\/p>\n<p>Es perfecto para \u00e9l y ella y divertido para todos! Pru\u00e9balo en la ducha o el spa y convierte el tiempo de ba\u00f1o en tiempo de placer.<\/p>\n","protected":false},"excerpt":{"rendered":"<p>Prolonga la diversi\u00f3n y haz que el placer dure con este Anillo de Conejo de Ne\u00f3n. Dale la vuelta al interruptor en la peque\u00f1a micro bala y disfruta de vibraciones incre\u00edbles y una estimulaci\u00f3n incre\u00edble. El control de un solo toque hace que sea f\u00e1cil de operar, mientras que las vibraciones de silencio susurro se&#8230;<\/p>\n","protected":false},"featured_media":1000001597,"comment_status":"open","ping_status":"closed","template":"","meta":{"_kad_post_transparent":"default","_kad_post_title":"","_kad_post_layout":"default","_kad_post_sidebar_id":"","_kad_post_content_style":"default","_kad_post_vertical_padding":"default","_kad_post_feature":"","_kad_post_feature_position":"","_kad_post_header":false,"_kad_post_footer":false,"_joinchat":[]},"product_brand":[],"product_cat":[30,24],"product_tag":[],"class_list":{"0":"post-1044","1":"product","2":"type-product","3":"status-publish","4":"has-post-thumbnail","6":"product_cat-juguetes_para_ellos","7":"product_cat-juguetes-sexuales","9":"first","10":"instock","11":"shipping-taxable","12":"purchasable","13":"product-type-variable","14":"entry","15":"content-bg","16":"loop-entry"},"_links":{"self":[{"href":"https:\/\/lenceria69.com\/cr\/wp-json\/wp\/v2\/product\/1044","targetHints":{"allow":["GET"]}}],"collection":[{"href":"https:\/\/lenceria69.com\/cr\/wp-json\/wp\/v2\/product"}],"about":[{"href":"https:\/\/lenceria69.com\/cr\/wp-json\/wp\/v2\/types\/product"}],"replies":[{"embeddable":true,"href":"https:\/\/lenceria69.com\/cr\/wp-json\/wp\/v2\/comments?post=1044"}],"version-history":[{"count":0,"href":"https:\/\/lenceria69.com\/cr\/wp-json\/wp\/v2\/product\/1044\/revisions"}],"wp:featuredmedia":[{"embeddable":true,"href":"https:\/\/lenceria69.com\/cr\/wp-json\/"}],"wp:attachment":[{"href":"https:\/\/lenceria69.com\/cr\/wp-json\/wp\/v2\/media?parent=1044"}],"wp:term":[{"taxonomy":"product_brand","embeddable":true,"href":"https:\/\/lenceria69.com\/cr\/wp-json\/wp\/v2\/product_brand?post=1044"},{"taxonomy":"product_cat","embeddable":true,"href":"https:\/\/lenceria69.com\/cr\/wp-json\/wp\/v2\/product_cat?post=1044"},{"taxonomy":"product_tag","embeddable":true,"href":"https:\/\/lenceria69.com\/cr\/wp-json\/wp\/v2\/product_tag?post=1044"}],"curies":[{"name":"wp","href":"https:\/\/api.w.org\/{rel}","templated":true}]}}