{"id":1039,"date":"2023-05-20T14:19:16","date_gmt":"2023-05-20T20:19:16","guid":{"rendered":"http:\/\/lenceria69.com\/cr\/?post_type=product&#038;p=1039"},"modified":"2023-05-20T14:19:16","modified_gmt":"2023-05-20T20:19:16","slug":"king-cock-6-dildo-vibrador-stiffy","status":"publish","type":"product","link":"https:\/\/lenceria69.com\/cr\/producto\/king-cock-6-dildo-vibrador-stiffy\/","title":{"rendered":"King Cock 6&#8243; &#8211; Dildo Vibrador Stiffy"},"content":{"rendered":"<p>Cuando busca un ambiente realista que siempre est\u00e9 listo para la acci\u00f3n, el King Cock Vibrating Stiffy es la elecci\u00f3n perfecta para la m\u00e1xima satisfacci\u00f3n. Este consolador realista cuenta con un potente vibrador de varias velocidades que ofrece emociones alucinantes. \u00a1Se siente incluso mejor que en la realidad! \u201aPru\u00e9belo en la ducha o en el spa y convierta la hora del ba\u00f1o en un momento de placer\u201a<\/p>\n<p>Dimensiones:<br \/>\n&#8211; Longitud: 6 (15,2 cm)<br \/>\n&#8211; Ancho: 1,6 (4 cm)<\/p>\n","protected":false},"excerpt":{"rendered":"<p>Cuando busca un ambiente realista que siempre est\u00e9 listo para la acci\u00f3n, el King Cock Vibrating Stiffy es la elecci\u00f3n perfecta para la m\u00e1xima satisfacci\u00f3n. Este consolador realista cuenta con un potente vibrador de varias velocidades que ofrece emociones alucinantes. \u00a1Se siente incluso mejor que en la realidad! \u201aPru\u00e9belo en la ducha o en el&#8230;<\/p>\n","protected":false},"featured_media":100000740,"comment_status":"open","ping_status":"closed","template":"","meta":{"_kad_post_transparent":"default","_kad_post_title":"","_kad_post_layout":"default","_kad_post_sidebar_id":"","_kad_post_content_style":"default","_kad_post_vertical_padding":"default","_kad_post_feature":"","_kad_post_feature_position":"","_kad_post_header":false,"_kad_post_footer":false,"_joinchat":[]},"product_brand":[],"product_cat":[25,28,24],"product_tag":[],"class_list":{"0":"post-1039","1":"product","2":"type-product","3":"status-publish","4":"has-post-thumbnail","6":"product_cat-dildos","7":"product_cat-juguetebateria","8":"product_cat-juguetes-sexuales","10":"first","11":"instock","12":"shipping-taxable","13":"purchasable","14":"product-type-simple","15":"entry","16":"content-bg","17":"loop-entry"},"_links":{"self":[{"href":"https:\/\/lenceria69.com\/cr\/wp-json\/wp\/v2\/product\/1039","targetHints":{"allow":["GET"]}}],"collection":[{"href":"https:\/\/lenceria69.com\/cr\/wp-json\/wp\/v2\/product"}],"about":[{"href":"https:\/\/lenceria69.com\/cr\/wp-json\/wp\/v2\/types\/product"}],"replies":[{"embeddable":true,"href":"https:\/\/lenceria69.com\/cr\/wp-json\/wp\/v2\/comments?post=1039"}],"version-history":[{"count":0,"href":"https:\/\/lenceria69.com\/cr\/wp-json\/wp\/v2\/product\/1039\/revisions"}],"wp:featuredmedia":[{"embeddable":true,"href":"https:\/\/lenceria69.com\/cr\/wp-json\/"}],"wp:attachment":[{"href":"https:\/\/lenceria69.com\/cr\/wp-json\/wp\/v2\/media?parent=1039"}],"wp:term":[{"taxonomy":"product_brand","embeddable":true,"href":"https:\/\/lenceria69.com\/cr\/wp-json\/wp\/v2\/product_brand?post=1039"},{"taxonomy":"product_cat","embeddable":true,"href":"https:\/\/lenceria69.com\/cr\/wp-json\/wp\/v2\/product_cat?post=1039"},{"taxonomy":"product_tag","embeddable":true,"href":"https:\/\/lenceria69.com\/cr\/wp-json\/wp\/v2\/product_tag?post=1039"}],"curies":[{"name":"wp","href":"https:\/\/api.w.org\/{rel}","templated":true}]}}