{"id":1035,"date":"2023-05-20T13:21:50","date_gmt":"2023-05-20T19:21:50","guid":{"rendered":"http:\/\/lenceria69.com\/cr\/?post_type=product&#038;p=1035"},"modified":"2023-05-20T13:21:50","modified_gmt":"2023-05-20T19:21:50","slug":"fetish-fantasy-series-7%e2%80%b3-dildo-hueco-con-arnes","status":"publish","type":"product","link":"https:\/\/lenceria69.com\/cr\/producto\/fetish-fantasy-series-7%e2%80%b3-dildo-hueco-con-arnes\/","title":{"rendered":"Fetish Fantasy Series 7\u2033- Dildo Hueco con Arn\u00e9s"},"content":{"rendered":"<p>\u00bfNo siempre han querido sentirse m\u00e1s seguros de su tama\u00f1o y disfrutar del sexo satisfactorio con su pareja el tiempo suficiente para que ambos alcancen el orgasmo? \u00a1Tu amante sabe que el tama\u00f1o s\u00ed importa, y nada puede cumplir tus fantas\u00edas y complacer a tu pareja como un hombre seguro que sabe lo que est\u00e1 haciendo!<\/p>\n<p>Ahora puedes tener la longitud y la circunferencia que siempre has so\u00f1ado y ser todo el hombre que puedas ser con Fetish Fantasy Series 7 \u00abHollow Strap-On with Balls. Dile adi\u00f3s a las vergonzosas decepciones intermedias y saluda a una sonrisa satisfactoria de tu \u00a1Amante! El c\u00f3modo arn\u00e9s el\u00e1stico se ajusta f\u00e1cilmente para adaptarse a la mayor\u00eda de los tama\u00f1os, mientras que el consolador de PVC de 7 \u00abgolpear\u00e1 siempre el lugar correcto. Es perfecto para hombres con disfunci\u00f3n er\u00e9ctil, problemas de eyaculaci\u00f3n precoz o para cualquiera que simplemente quiera agregar algo extra a su pr\u00f3ximo encuentro. Lo mejor de todo es que a\u00fan puede disfrutar del sexo caliente y cara a cara y asegurarse de que ambos se bajen, incluso si ya ha terminado o no puede levantarse. El consolador es compatible con lubricantes a base de agua y de silicona. La limpieza es muy f\u00e1cil despu\u00e9s de la diversi\u00f3n con el limpiador de juguetes Pipedream y agua tibia.<\/p>\n<p>Dimensiones:<br \/>\nLongitud total: 7.4 pulg. (18.9 cm)<br \/>\nLongitud insertable: 7 pulg. (17,8 cm)<br \/>\nAncho \/ Di\u00e1metro: 1.7 pulg. (4.3 cm)<br \/>\nLongitud interior hueca: 4.1 pulg. (10.4 cm)<br \/>\nDi\u00e1metro interior hueco: 1.7 pulg. (4.3 cm)<br \/>\nPretina Se adapta a 28 pulgadas (71.1 cm) hasta 52 pulgadas (132.1 cm)<\/p>\n<p>\u2022 \u00a1Disfruta del sexo cara a cara ininterrumpido hasta que ustedes dos Climax!<br \/>\n\u2022 Las texturas realistas hechas a mano ofrecen sensaciones realistas<br \/>\n\u2022 El arn\u00e9s s\u00faper el\u00e1stico se adapta c\u00f3modamente a todos los tama\u00f1os de hasta 52 \u00bb<br \/>\n\u2022 El hardware de metal de alta resistencia mantiene el consolador en su lugar de forma segura<\/p>\n","protected":false},"excerpt":{"rendered":"<p>\u00bfNo siempre han querido sentirse m\u00e1s seguros de su tama\u00f1o y disfrutar del sexo satisfactorio con su pareja el tiempo suficiente para que ambos alcancen el orgasmo? \u00a1Tu amante sabe que el tama\u00f1o s\u00ed importa, y nada puede cumplir tus fantas\u00edas y complacer a tu pareja como un hombre seguro que sabe lo que est\u00e1&#8230;<\/p>\n","protected":false},"featured_media":100000958,"comment_status":"open","ping_status":"closed","template":"","meta":{"_kad_post_transparent":"default","_kad_post_title":"","_kad_post_layout":"default","_kad_post_sidebar_id":"","_kad_post_content_style":"default","_kad_post_vertical_padding":"default","_kad_post_feature":"","_kad_post_feature_position":"","_kad_post_header":false,"_kad_post_footer":false,"_joinchat":[]},"product_brand":[],"product_cat":[25,27,24],"product_tag":[],"class_list":{"0":"post-1035","1":"product","2":"type-product","3":"status-publish","4":"has-post-thumbnail","6":"product_cat-dildos","7":"product_cat-juguetebondage","8":"product_cat-juguetes-sexuales","10":"first","11":"instock","12":"shipping-taxable","13":"purchasable","14":"product-type-simple","15":"entry","16":"content-bg","17":"loop-entry"},"_links":{"self":[{"href":"https:\/\/lenceria69.com\/cr\/wp-json\/wp\/v2\/product\/1035","targetHints":{"allow":["GET"]}}],"collection":[{"href":"https:\/\/lenceria69.com\/cr\/wp-json\/wp\/v2\/product"}],"about":[{"href":"https:\/\/lenceria69.com\/cr\/wp-json\/wp\/v2\/types\/product"}],"replies":[{"embeddable":true,"href":"https:\/\/lenceria69.com\/cr\/wp-json\/wp\/v2\/comments?post=1035"}],"version-history":[{"count":0,"href":"https:\/\/lenceria69.com\/cr\/wp-json\/wp\/v2\/product\/1035\/revisions"}],"wp:featuredmedia":[{"embeddable":true,"href":"https:\/\/lenceria69.com\/cr\/wp-json\/"}],"wp:attachment":[{"href":"https:\/\/lenceria69.com\/cr\/wp-json\/wp\/v2\/media?parent=1035"}],"wp:term":[{"taxonomy":"product_brand","embeddable":true,"href":"https:\/\/lenceria69.com\/cr\/wp-json\/wp\/v2\/product_brand?post=1035"},{"taxonomy":"product_cat","embeddable":true,"href":"https:\/\/lenceria69.com\/cr\/wp-json\/wp\/v2\/product_cat?post=1035"},{"taxonomy":"product_tag","embeddable":true,"href":"https:\/\/lenceria69.com\/cr\/wp-json\/wp\/v2\/product_tag?post=1035"}],"curies":[{"name":"wp","href":"https:\/\/api.w.org\/{rel}","templated":true}]}}