{"id":1032,"date":"2023-05-18T16:47:33","date_gmt":"2023-05-18T22:47:33","guid":{"rendered":"http:\/\/lenceria69.com\/cr\/?post_type=product&#038;p=1032"},"modified":"2023-05-18T16:47:33","modified_gmt":"2023-05-18T22:47:33","slug":"fetish-fantasy-chains-kit-de-bondage-con-cadenas","status":"publish","type":"product","link":"https:\/\/lenceria69.com\/cr\/producto\/fetish-fantasy-chains-kit-de-bondage-con-cadenas\/","title":{"rendered":"Fetish Fantasy Chains \u2013 Kit de Bondage con Cadenas"},"content":{"rendered":"<p>Rompe la cadena del aburrimiento en el dormitorio y agrega un poco de chispa a tu vida amorosa con estas cadenas de amor! Explore el lado travieso del otro y convierta sus fantas\u00edas en realidad con este emocionante kit de restricci\u00f3n para principiantes. Con el objetivo de complacer a los principiantes que siempre han querido probar algo un poco diferente, este kit tiene todo lo que necesita para experimentar el poder de tener el control, \u00a1as\u00ed como el placer de ser controlado! Representa tus deseos m\u00e1s oscuros y toma turnos para interpretar roles con tu amante. El kit incluye un conjunto de cadenas de tobillo y mu\u00f1eca sexys, un l\u00e1tigo resistente, una suave m\u00e1scara de amor y 2 velas de cera calientes. \u00a1An\u00edmate, atr\u00e9vete a ser travieso y divi\u00e9rtete con el fetiche!<\/p>\n<p>Incluye:<br \/>\n&#8211; Restricciones de mu\u00f1eca encadenadas con pu\u00f1os ajustables<br \/>\n&#8211; Restricciones de tobillo encadenadas con pu\u00f1os ajustables<br \/>\n&#8211; Mascara del amor<br \/>\n&#8211; Velas de cera caliente<br \/>\n&#8211; L\u00e1tigo robusto<\/p>\n","protected":false},"excerpt":{"rendered":"<p>Rompe la cadena del aburrimiento en el dormitorio y agrega un poco de chispa a tu vida amorosa con estas cadenas de amor! Explore el lado travieso del otro y convierta sus fantas\u00edas en realidad con este emocionante kit de restricci\u00f3n para principiantes. Con el objetivo de complacer a los principiantes que siempre han querido&#8230;<\/p>\n","protected":false},"featured_media":100000953,"comment_status":"open","ping_status":"closed","template":"","meta":{"_kad_post_transparent":"default","_kad_post_title":"","_kad_post_layout":"default","_kad_post_sidebar_id":"","_kad_post_content_style":"default","_kad_post_vertical_padding":"default","_kad_post_feature":"","_kad_post_feature_position":"","_kad_post_header":false,"_kad_post_footer":false,"_joinchat":[]},"product_brand":[],"product_cat":[27,24],"product_tag":[],"class_list":{"0":"post-1032","1":"product","2":"type-product","3":"status-publish","4":"has-post-thumbnail","6":"product_cat-juguetebondage","7":"product_cat-juguetes-sexuales","9":"first","10":"instock","11":"shipping-taxable","12":"purchasable","13":"product-type-simple","14":"entry","15":"content-bg","16":"loop-entry"},"_links":{"self":[{"href":"https:\/\/lenceria69.com\/cr\/wp-json\/wp\/v2\/product\/1032","targetHints":{"allow":["GET"]}}],"collection":[{"href":"https:\/\/lenceria69.com\/cr\/wp-json\/wp\/v2\/product"}],"about":[{"href":"https:\/\/lenceria69.com\/cr\/wp-json\/wp\/v2\/types\/product"}],"replies":[{"embeddable":true,"href":"https:\/\/lenceria69.com\/cr\/wp-json\/wp\/v2\/comments?post=1032"}],"version-history":[{"count":0,"href":"https:\/\/lenceria69.com\/cr\/wp-json\/wp\/v2\/product\/1032\/revisions"}],"wp:featuredmedia":[{"embeddable":true,"href":"https:\/\/lenceria69.com\/cr\/wp-json\/"}],"wp:attachment":[{"href":"https:\/\/lenceria69.com\/cr\/wp-json\/wp\/v2\/media?parent=1032"}],"wp:term":[{"taxonomy":"product_brand","embeddable":true,"href":"https:\/\/lenceria69.com\/cr\/wp-json\/wp\/v2\/product_brand?post=1032"},{"taxonomy":"product_cat","embeddable":true,"href":"https:\/\/lenceria69.com\/cr\/wp-json\/wp\/v2\/product_cat?post=1032"},{"taxonomy":"product_tag","embeddable":true,"href":"https:\/\/lenceria69.com\/cr\/wp-json\/wp\/v2\/product_tag?post=1032"}],"curies":[{"name":"wp","href":"https:\/\/api.w.org\/{rel}","templated":true}]}}