{"id":1030,"date":"2023-05-18T16:07:51","date_gmt":"2023-05-18T22:07:51","guid":{"rendered":"http:\/\/lenceria69.com\/cr\/?post_type=product&#038;p=1030"},"modified":"2023-05-18T16:07:51","modified_gmt":"2023-05-18T22:07:51","slug":"dillio-dildo-12-pene-con-doble-punta","status":"publish","type":"product","link":"https:\/\/lenceria69.com\/cr\/producto\/dillio-dildo-12-pene-con-doble-punta\/","title":{"rendered":"Dillio Dildo 12&#8243;- Pene con Doble Punta"},"content":{"rendered":"<p><strong>Double Dillio:<\/strong>\u00a0Es un dildo doble, perfecto para compartir con tu pareja o para el juego en solitario, est\u00e1 hecho de materiales s\u00faper lisos, seguros para el cuerpo y dise\u00f1ados para la satisfacci\u00f3n. Con 30 cm de longitud entre ambos, este\u00a0Dildo de doble final proporciona diversi\u00f3n flexible en cualquier posici\u00f3n!<\/p>\n<p>Esta dise\u00f1ado para que lo amen los buscadores de doble placer, es ideal para la penetraci\u00f3n individual o para disfrutarlo en pareja. Por su gran tama\u00f1o, puede ser compartido y ambas personas sentir una penetraci\u00f3n profunda. \u00a0Es ultra-flexible, lo cual significa que puede doblarse y colocarse de cualquier posici\u00f3n. Se puede doblar en forma de\u00a0 \u00abU\u00bb para disfrutar de ambos extremos a la vez, para el doble juego vaginal y anal\u2026<\/p>\n<p>\u00bfy T\u00fa \u2026 Conoces el juego del candado?\u2026.<\/p>\n<p>Medidas:<br \/>\nLargo: 12 in. (30.5 cm)<br \/>\nAncho: 1.5 in. (3.8 cm)<\/p>\n","protected":false},"excerpt":{"rendered":"<p>Double Dillio:\u00a0Es un dildo doble, perfecto para compartir con tu pareja o para el juego en solitario, est\u00e1 hecho de materiales s\u00faper lisos, seguros para el cuerpo y dise\u00f1ados para la satisfacci\u00f3n. Con 30 cm de longitud entre ambos, este\u00a0Dildo de doble final proporciona diversi\u00f3n flexible en cualquier posici\u00f3n! Esta dise\u00f1ado para que lo amen&#8230;<\/p>\n","protected":false},"featured_media":100000948,"comment_status":"open","ping_status":"closed","template":"","meta":{"_kad_post_transparent":"default","_kad_post_title":"","_kad_post_layout":"default","_kad_post_sidebar_id":"","_kad_post_content_style":"default","_kad_post_vertical_padding":"default","_kad_post_feature":"","_kad_post_feature_position":"","_kad_post_header":false,"_kad_post_footer":false,"_joinchat":[]},"product_brand":[],"product_cat":[25,24],"product_tag":[],"class_list":{"0":"post-1030","1":"product","2":"type-product","3":"status-publish","4":"has-post-thumbnail","6":"product_cat-dildos","7":"product_cat-juguetes-sexuales","9":"first","10":"instock","11":"shipping-taxable","12":"purchasable","13":"product-type-simple","14":"entry","15":"content-bg","16":"loop-entry"},"_links":{"self":[{"href":"https:\/\/lenceria69.com\/cr\/wp-json\/wp\/v2\/product\/1030","targetHints":{"allow":["GET"]}}],"collection":[{"href":"https:\/\/lenceria69.com\/cr\/wp-json\/wp\/v2\/product"}],"about":[{"href":"https:\/\/lenceria69.com\/cr\/wp-json\/wp\/v2\/types\/product"}],"replies":[{"embeddable":true,"href":"https:\/\/lenceria69.com\/cr\/wp-json\/wp\/v2\/comments?post=1030"}],"version-history":[{"count":0,"href":"https:\/\/lenceria69.com\/cr\/wp-json\/wp\/v2\/product\/1030\/revisions"}],"wp:featuredmedia":[{"embeddable":true,"href":"https:\/\/lenceria69.com\/cr\/wp-json\/"}],"wp:attachment":[{"href":"https:\/\/lenceria69.com\/cr\/wp-json\/wp\/v2\/media?parent=1030"}],"wp:term":[{"taxonomy":"product_brand","embeddable":true,"href":"https:\/\/lenceria69.com\/cr\/wp-json\/wp\/v2\/product_brand?post=1030"},{"taxonomy":"product_cat","embeddable":true,"href":"https:\/\/lenceria69.com\/cr\/wp-json\/wp\/v2\/product_cat?post=1030"},{"taxonomy":"product_tag","embeddable":true,"href":"https:\/\/lenceria69.com\/cr\/wp-json\/wp\/v2\/product_tag?post=1030"}],"curies":[{"name":"wp","href":"https:\/\/api.w.org\/{rel}","templated":true}]}}