{"id":9,"date":"2024-04-17T16:52:34","date_gmt":"2024-04-17T22:52:34","guid":{"rendered":"http:\/\/lenceria69.com\/cr\/?page_id=9"},"modified":"2024-04-17T17:04:57","modified_gmt":"2024-04-17T23:04:57","slug":"politicas","status":"publish","type":"page","link":"https:\/\/lenceria69.com\/cr\/politicas\/","title":{"rendered":"Pol\u00edticas"},"content":{"rendered":"\t\t<div data-elementor-type=\"wp-page\" data-elementor-id=\"9\" class=\"elementor elementor-9\" data-elementor-post-type=\"page\">\n\t\t\t\t<div class=\"elementor-element elementor-element-0588e38 e-flex e-con-boxed e-con e-parent\" data-id=\"0588e38\" data-element_type=\"container\">\n\t\t\t\t\t<div class=\"e-con-inner\">\n\t\t\t\t<div class=\"elementor-element elementor-element-1fcb336 elementor-widget elementor-widget-text-editor\" data-id=\"1fcb336\" data-element_type=\"widget\" data-widget_type=\"text-editor.default\">\n\t\t\t\t<div class=\"elementor-widget-container\">\n\t\t\t\t\t\t\t\t\t<p><strong>POL\u00cdTICA DE DEVOLUCIONES<\/strong><\/p><p>Pol\u00edtica de Devoluci\u00f3n de Producto<\/p><p>Devoluci\u00f3n por Articulo Da\u00f1ado En caso de recibir un art\u00edculo da\u00f1ado, favor contactar a nuestro departamento de servicio al cliente adjuntando una imagen del producto como apoyo para que nuestro personal te ayude con el proceso de cambio por garantia<\/p><p>Dicha solicitud de cambio debe realizarse en un plazo m\u00e1ximo de 5 dias a partir del momento que se realiza la entrega<\/p><p>Devoluci\u00f3n por Recepci\u00f3n de Articulo Incorrectos En caso de recibir un art\u00edculo diferente al que fue solicitado al momento de la compra, favor contactar a nuestro departamento de servicio al cliente adjuntando una imagen del producto como apoyo para que nuestro personal te ayude con el proceso de cambio.<\/p><p>Dicha devoluci\u00f3n debe realizarse en un plazo m\u00e1ximo de 5 d\u00edas a partir del momento que se realiza la entrega<\/p><p>\u00danicamente se aplicar\u00e1 un proceso de devoluci\u00f3n para los escenarios antes mencionados previo contacto con nuestro personal de servicio al cliente<\/p><p><strong>POL\u00cdTICA DE CAMBIO DE PRODUCTO<\/strong><\/p><p>Por razones de higiene y salud, no se aceptar\u00e1 la devoluci\u00f3n para cambio de estos articulos que no est\u00e9n en su empaque original y sellado:<\/p><p>Lubricantes, aceites o fragancias<\/p><p>Suplementos<\/p><p>Juguetes de uso interno como vibradores, consoladores y estimuladores.<\/p><p>Quedando exentos de cambio las siguientes categor\u00edas de producto<\/p><p>Lencer\u00eda para dama<\/p><p>Ropa interior para caballero<\/p><p>Todas las ventas son finales, los articulos comprados una vez enviados no podr\u00e1n ser cambiados en el pedido y no se aceptar\u00e1n cancelaci\u00f3n sobre ellas. \u00danicamente se aplicar\u00e1 un proceso de cambio para los escenarios antes mencionados previo contacto con nuestro personal de servicio al cliente<\/p>\t\t\t\t\t\t\t\t<\/div>\n\t\t\t\t<\/div>\n\t\t\t\t\t<\/div>\n\t\t\t\t<\/div>\n\t\t<div class=\"elementor-element elementor-element-5e37bf6 e-flex e-con-boxed e-con e-parent\" data-id=\"5e37bf6\" data-element_type=\"container\">\n\t\t\t\t\t<div class=\"e-con-inner\">\n\t\t\t\t<div class=\"elementor-element elementor-element-4abdc9b elementor-widget elementor-widget-text-editor\" data-id=\"4abdc9b\" data-element_type=\"widget\" data-widget_type=\"text-editor.default\">\n\t\t\t\t<div class=\"elementor-widget-container\">\n\t\t\t\t\t\t\t\t\t<p><strong>POL\u00cdTICA DE PRIVACIDAD<\/strong><\/p><p>Estamos comprometidos a proteger tu seguridad y privacidad, nunca compartimos la informaci\u00f3n personal de nuestros clientes, todos nuestros env\u00edos son hechos en empaque que garantiza la discreci\u00f3n y privacidad en las compras.<\/p><p><strong>POL\u00cdTICA DE SEGURIDAD<\/strong><\/p><p>Nos aseguramos de usar tecnolog\u00eda SSL para proteger la seguridad de las transacciones en l\u00ednea, SSL es el est\u00e1ndar en la industria del comercio online para proveer la m\u00e1s confiable protecci\u00f3n de la informaci\u00f3n de los clientes, toda tu informaci\u00f3n esta encriptada y por lo tanto no es legible, esto incluye tu n\u00famero de tarjeta de cr\u00e9dito, nombre y direcci\u00f3n.<\/p>\t\t\t\t\t\t\t\t<\/div>\n\t\t\t\t<\/div>\n\t\t\t\t\t<\/div>\n\t\t\t\t<\/div>\n\t\t\t\t<\/div>\n\t\t","protected":false},"excerpt":{"rendered":"<p>POL\u00cdTICA DE DEVOLUCIONES Pol\u00edtica de Devoluci\u00f3n de Producto Devoluci\u00f3n por Articulo Da\u00f1ado En caso de recibir un art\u00edculo da\u00f1ado, favor contactar a nuestro departamento de servicio al cliente adjuntando una imagen del producto como apoyo para que nuestro personal te ayude con el proceso de cambio por garantia Dicha solicitud de cambio debe realizarse en&#8230;<\/p>\n","protected":false},"author":1,"featured_media":0,"parent":0,"menu_order":0,"comment_status":"closed","ping_status":"closed","template":"","meta":{"_kad_post_transparent":"","_kad_post_title":"","_kad_post_layout":"","_kad_post_sidebar_id":"","_kad_post_content_style":"","_kad_post_vertical_padding":"","_kad_post_feature":"","_kad_post_feature_position":"","_kad_post_header":false,"_kad_post_footer":false,"_joinchat":[],"footnotes":""},"class_list":["post-9","page","type-page","status-publish","hentry"],"_links":{"self":[{"href":"https:\/\/lenceria69.com\/cr\/wp-json\/wp\/v2\/pages\/9","targetHints":{"allow":["GET"]}}],"collection":[{"href":"https:\/\/lenceria69.com\/cr\/wp-json\/wp\/v2\/pages"}],"about":[{"href":"https:\/\/lenceria69.com\/cr\/wp-json\/wp\/v2\/types\/page"}],"author":[{"embeddable":true,"href":"https:\/\/lenceria69.com\/cr\/wp-json\/wp\/v2\/users\/1"}],"replies":[{"embeddable":true,"href":"https:\/\/lenceria69.com\/cr\/wp-json\/wp\/v2\/comments?post=9"}],"version-history":[{"count":5,"href":"https:\/\/lenceria69.com\/cr\/wp-json\/wp\/v2\/pages\/9\/revisions"}],"predecessor-version":[{"id":3943,"href":"https:\/\/lenceria69.com\/cr\/wp-json\/wp\/v2\/pages\/9\/revisions\/3943"}],"wp:attachment":[{"href":"https:\/\/lenceria69.com\/cr\/wp-json\/wp\/v2\/media?parent=9"}],"curies":[{"name":"wp","href":"https:\/\/api.w.org\/{rel}","templated":true}]}}