{"id":73,"date":"2023-03-20T19:25:14","date_gmt":"2023-03-20T19:25:14","guid":{"rendered":"http:\/\/lenceria69.com\/cr\/?page_id=73"},"modified":"2025-10-07T08:41:36","modified_gmt":"2025-10-07T14:41:36","slug":"quienes-somos","status":"publish","type":"page","link":"https:\/\/lenceria69.com\/cr\/quienes-somos\/","title":{"rendered":"QUIENES SOMOS"},"content":{"rendered":"\t\t<div data-elementor-type=\"wp-page\" data-elementor-id=\"73\" class=\"elementor elementor-73\" data-elementor-post-type=\"page\">\n\t\t\t\t\t\t<section class=\"elementor-section elementor-top-section elementor-element elementor-element-2083a08 elementor-section-height-min-height elementor-section-boxed elementor-section-height-default elementor-section-items-middle\" data-id=\"2083a08\" data-element_type=\"section\" data-settings=\"{&quot;background_background&quot;:&quot;classic&quot;}\">\n\t\t\t\t\t\t<div class=\"elementor-container elementor-column-gap-default\">\n\t\t\t\t\t<div class=\"elementor-column elementor-col-50 elementor-top-column elementor-element elementor-element-fcf1254\" data-id=\"fcf1254\" data-element_type=\"column\">\n\t\t\t<div class=\"elementor-widget-wrap elementor-element-populated\">\n\t\t\t\t\t\t<div class=\"elementor-element elementor-element-bb8403a elementor-widget elementor-widget-heading\" data-id=\"bb8403a\" data-element_type=\"widget\" data-widget_type=\"heading.default\">\n\t\t\t\t<div class=\"elementor-widget-container\">\n\t\t\t\t\t<h1 class=\"elementor-heading-title elementor-size-default\">Lencer\u00eda 69: la tienda er\u00f3tica l\u00edder en Centroam\u00e9rica<\/h1>\t\t\t\t<\/div>\n\t\t\t\t<\/div>\n\t\t\t\t<div class=\"elementor-element elementor-element-408c8a5 elementor-widget elementor-widget-text-editor\" data-id=\"408c8a5\" data-element_type=\"widget\" data-widget_type=\"text-editor.default\">\n\t\t\t\t<div class=\"elementor-widget-container\">\n\t\t\t\t\t\t\t\t\t<p>Tenemos 13 a\u00f1os en el mercado de <strong>juguetes sexuales y lencer\u00eda er\u00f3tica.<\/strong> Nos impulsa conseguir los productos m\u00e1s innovadores para nuestra distinguida clientela<\/p>\t\t\t\t\t\t\t\t<\/div>\n\t\t\t\t<\/div>\n\t\t\t\t\t<\/div>\n\t\t<\/div>\n\t\t\t\t<div class=\"elementor-column elementor-col-50 elementor-top-column elementor-element elementor-element-b2821eb\" data-id=\"b2821eb\" data-element_type=\"column\">\n\t\t\t<div class=\"elementor-widget-wrap elementor-element-populated\">\n\t\t\t\t\t\t<div class=\"elementor-element elementor-element-dd7413c elementor-widget elementor-widget-image\" data-id=\"dd7413c\" data-element_type=\"widget\" data-widget_type=\"image.default\">\n\t\t\t\t<div class=\"elementor-widget-container\">\n\t\t\t\t\t\t\t\t\t\t\t\t\t\t\t<img fetchpriority=\"high\" decoding=\"async\" width=\"1024\" height=\"1024\" src=\"https:\/\/lenceria69.com\/cr\/wp-content\/uploads\/sites\/11\/2025\/09\/BG-2-1024x1024.png\" class=\"attachment-large size-large wp-image-11542\" alt=\"\" srcset=\"https:\/\/lenceria69.com\/cr\/wp-content\/uploads\/sites\/11\/2025\/09\/BG-2-1024x1024.png 1024w, https:\/\/lenceria69.com\/cr\/wp-content\/uploads\/sites\/11\/2025\/09\/BG-2-300x300.png 300w, https:\/\/lenceria69.com\/cr\/wp-content\/uploads\/sites\/11\/2025\/09\/BG-2-150x150.png 150w, https:\/\/lenceria69.com\/cr\/wp-content\/uploads\/sites\/11\/2025\/09\/BG-2-768x768.png 768w, https:\/\/lenceria69.com\/cr\/wp-content\/uploads\/sites\/11\/2025\/09\/BG-2-600x600.png 600w, https:\/\/lenceria69.com\/cr\/wp-content\/uploads\/sites\/11\/2025\/09\/BG-2-100x100.png 100w, https:\/\/lenceria69.com\/cr\/wp-content\/uploads\/sites\/11\/2025\/09\/BG-2-64x64.png 64w, https:\/\/lenceria69.com\/cr\/wp-content\/uploads\/sites\/11\/2025\/09\/BG-2.png 1500w\" sizes=\"(max-width: 1024px) 100vw, 1024px\" \/>\t\t\t\t\t\t\t\t\t\t\t\t\t\t\t<\/div>\n\t\t\t\t<\/div>\n\t\t\t\t\t<\/div>\n\t\t<\/div>\n\t\t\t\t\t<\/div>\n\t\t<\/section>\n\t\t\t\t<section class=\"elementor-section elementor-top-section elementor-element elementor-element-85544d9 elementor-section-boxed elementor-section-height-default elementor-section-height-default\" data-id=\"85544d9\" data-element_type=\"section\">\n\t\t\t\t\t\t<div class=\"elementor-container elementor-column-gap-default\">\n\t\t\t\t\t<div class=\"elementor-column elementor-col-100 elementor-top-column elementor-element elementor-element-e6bb33f\" data-id=\"e6bb33f\" data-element_type=\"column\">\n\t\t\t<div class=\"elementor-widget-wrap elementor-element-populated\">\n\t\t\t\t\t\t<section class=\"elementor-section elementor-inner-section elementor-element elementor-element-4b45845 elementor-section-boxed elementor-section-height-default elementor-section-height-default\" data-id=\"4b45845\" data-element_type=\"section\">\n\t\t\t\t\t\t<div class=\"elementor-container elementor-column-gap-default\">\n\t\t\t\t\t<div class=\"elementor-column elementor-col-50 elementor-inner-column elementor-element elementor-element-6991e80\" data-id=\"6991e80\" data-element_type=\"column\">\n\t\t\t<div class=\"elementor-widget-wrap elementor-element-populated\">\n\t\t\t\t\t\t<div class=\"elementor-element elementor-element-f4ce45e elementor-widget elementor-widget-image\" data-id=\"f4ce45e\" data-element_type=\"widget\" data-widget_type=\"image.default\">\n\t\t\t\t<div class=\"elementor-widget-container\">\n\t\t\t\t\t\t\t\t\t\t\t\t\t\t\t<img decoding=\"async\" width=\"1024\" height=\"663\" src=\"https:\/\/lenceria69.com\/cr\/wp-content\/uploads\/sites\/11\/2025\/01\/IMG_20190830_200733-scaled-e1674052948689-1024x663.jpg\" class=\"attachment-large size-large wp-image-4613\" alt=\"\" srcset=\"https:\/\/lenceria69.com\/cr\/wp-content\/uploads\/sites\/11\/2025\/01\/IMG_20190830_200733-scaled-e1674052948689-1024x663.jpg 1024w, https:\/\/lenceria69.com\/cr\/wp-content\/uploads\/sites\/11\/2025\/01\/IMG_20190830_200733-scaled-e1674052948689-300x194.jpg 300w, https:\/\/lenceria69.com\/cr\/wp-content\/uploads\/sites\/11\/2025\/01\/IMG_20190830_200733-scaled-e1674052948689-768x497.jpg 768w, https:\/\/lenceria69.com\/cr\/wp-content\/uploads\/sites\/11\/2025\/01\/IMG_20190830_200733-scaled-e1674052948689-1536x995.jpg 1536w, https:\/\/lenceria69.com\/cr\/wp-content\/uploads\/sites\/11\/2025\/01\/IMG_20190830_200733-scaled-e1674052948689-600x389.jpg 600w, https:\/\/lenceria69.com\/cr\/wp-content\/uploads\/sites\/11\/2025\/01\/IMG_20190830_200733-scaled-e1674052948689-64x41.jpg 64w, https:\/\/lenceria69.com\/cr\/wp-content\/uploads\/sites\/11\/2025\/01\/IMG_20190830_200733-scaled-e1674052948689.jpg 1600w\" sizes=\"(max-width: 1024px) 100vw, 1024px\" \/>\t\t\t\t\t\t\t\t\t\t\t\t\t\t\t<\/div>\n\t\t\t\t<\/div>\n\t\t\t\t\t<\/div>\n\t\t<\/div>\n\t\t\t\t<div class=\"elementor-column elementor-col-50 elementor-inner-column elementor-element elementor-element-8882e21\" data-id=\"8882e21\" data-element_type=\"column\">\n\t\t\t<div class=\"elementor-widget-wrap elementor-element-populated\">\n\t\t\t\t\t\t<div class=\"elementor-element elementor-element-beeee2d elementor-widget elementor-widget-heading\" data-id=\"beeee2d\" data-element_type=\"widget\" data-widget_type=\"heading.default\">\n\t\t\t\t<div class=\"elementor-widget-container\">\n\t\t\t\t\t<h2 class=\"elementor-heading-title elementor-size-default\">Nuestra historia<\/h2>\t\t\t\t<\/div>\n\t\t\t\t<\/div>\n\t\t\t\t<div class=\"elementor-element elementor-element-ee16c5b elementor-widget elementor-widget-text-editor\" data-id=\"ee16c5b\" data-element_type=\"widget\" data-widget_type=\"text-editor.default\">\n\t\t\t\t<div class=\"elementor-widget-container\">\n\t\t\t\t\t\t\t\t\t<p>Lenceria 69 fue fundada por dos hermanos hondure\u00f1os, con el \u00e1nimo de comenzar un emprendimiento propio.<\/p><p>A mediados del a\u00f1o 2012, la tienda comenz\u00f3 como un medio para generar ingreso extras a trav\u00e9s de ventas en redes sociales.<\/p><p>Sin embargo, luego de experimentar percances financieros y situaciones dif\u00edciles, lo que hab\u00eda comenzado como un trabajo paralelo eventualmente se convirti\u00f3 en el sustento familiar de nuestros colaboradores y socios.<\/p><p>Hoy en d\u00eda tenemos operaciones en Centroam\u00e9rica y Norte Am\u00e9rica. Y siempre con la visi\u00f3n de expandirnos por el mundo entero.<\/p>\t\t\t\t\t\t\t\t<\/div>\n\t\t\t\t<\/div>\n\t\t\t\t\t<\/div>\n\t\t<\/div>\n\t\t\t\t\t<\/div>\n\t\t<\/section>\n\t\t\t\t\t<\/div>\n\t\t<\/div>\n\t\t\t\t\t<\/div>\n\t\t<\/section>\n\t\t\t\t<section class=\"elementor-section elementor-top-section elementor-element elementor-element-85ca692 elementor-section-boxed elementor-section-height-default elementor-section-height-default\" data-id=\"85ca692\" data-element_type=\"section\" data-settings=\"{&quot;background_background&quot;:&quot;classic&quot;}\">\n\t\t\t\t\t\t<div class=\"elementor-container elementor-column-gap-default\">\n\t\t\t\t\t<div class=\"elementor-column elementor-col-50 elementor-top-column elementor-element elementor-element-3a15937\" data-id=\"3a15937\" data-element_type=\"column\">\n\t\t\t<div class=\"elementor-widget-wrap elementor-element-populated\">\n\t\t\t\t\t\t<div class=\"elementor-element elementor-element-b319afa elementor-widget elementor-widget-heading\" data-id=\"b319afa\" data-element_type=\"widget\" data-widget_type=\"heading.default\">\n\t\t\t\t<div class=\"elementor-widget-container\">\n\t\t\t\t\t<h2 class=\"elementor-heading-title elementor-size-default\">Lo que nos motiva<\/h2>\t\t\t\t<\/div>\n\t\t\t\t<\/div>\n\t\t\t\t<div class=\"elementor-element elementor-element-b613349 elementor-widget elementor-widget-text-editor\" data-id=\"b613349\" data-element_type=\"widget\" data-widget_type=\"text-editor.default\">\n\t\t\t\t<div class=\"elementor-widget-container\">\n\t\t\t\t\t\t\t\t\t<p>Creemos y defendemos el derecho de la libertad sexual y trabajamos d\u00eda a d\u00eda para garantizar tanto la <strong>privacidad<\/strong> como la <strong>satisfacci\u00f3n<\/strong> de nuestros clientes.<\/p><p>Actualmente, hacemos env\u00edos en <strong>Honduras, El Salvador, Guatemala, Costa Rica, Mexico, Estados Unidos y Canad\u00e1.<\/strong><\/p>\t\t\t\t\t\t\t\t<\/div>\n\t\t\t\t<\/div>\n\t\t\t\t\t<\/div>\n\t\t<\/div>\n\t\t\t\t<div class=\"elementor-column elementor-col-50 elementor-top-column elementor-element elementor-element-2f8a49f\" data-id=\"2f8a49f\" data-element_type=\"column\">\n\t\t\t<div class=\"elementor-widget-wrap elementor-element-populated\">\n\t\t\t\t\t\t<div class=\"elementor-element elementor-element-c26548b elementor-widget elementor-widget-image\" data-id=\"c26548b\" data-element_type=\"widget\" data-widget_type=\"image.default\">\n\t\t\t\t<div class=\"elementor-widget-container\">\n\t\t\t\t\t\t\t\t\t\t\t\t\t\t\t<img decoding=\"async\" width=\"1000\" height=\"720\" src=\"https:\/\/lenceria69.com\/cr\/wp-content\/uploads\/sites\/11\/2024\/12\/Mapa-Lenceria-69-1.gif\" class=\"attachment-large size-large wp-image-4556\" alt=\"\" \/>\t\t\t\t\t\t\t\t\t\t\t\t\t\t\t<\/div>\n\t\t\t\t<\/div>\n\t\t\t\t\t<\/div>\n\t\t<\/div>\n\t\t\t\t\t<\/div>\n\t\t<\/section>\n\t\t<div class=\"elementor-element elementor-element-f8f0280 e-flex e-con-boxed e-con e-parent\" data-id=\"f8f0280\" data-element_type=\"container\">\n\t\t\t\t\t<div class=\"e-con-inner\">\n\t\t\t\t<div class=\"elementor-element elementor-element-8356230 elementor-widget elementor-widget-heading\" data-id=\"8356230\" data-element_type=\"widget\" data-widget_type=\"heading.default\">\n\t\t\t\t<div class=\"elementor-widget-container\">\n\t\t\t\t\t<h2 class=\"elementor-heading-title elementor-size-default\">Lo que nos caracteriza<\/h2>\t\t\t\t<\/div>\n\t\t\t\t<\/div>\n\t\t\t\t\t<\/div>\n\t\t\t\t<\/div>\n\t\t<div class=\"elementor-element elementor-element-d30b381 e-flex e-con-boxed e-con e-parent\" data-id=\"d30b381\" data-element_type=\"container\">\n\t\t\t\t\t<div class=\"e-con-inner\">\n\t\t<div class=\"elementor-element elementor-element-27be38f e-con-full e-flex e-con e-child\" data-id=\"27be38f\" data-element_type=\"container\" data-settings=\"{&quot;background_background&quot;:&quot;classic&quot;}\">\n\t\t<div class=\"elementor-element elementor-element-3c4a8f1 e-con-full e-flex e-con e-child\" data-id=\"3c4a8f1\" data-element_type=\"container\">\n\t\t\t\t<div class=\"elementor-element elementor-element-e99a797 elementor-widget elementor-widget-heading\" data-id=\"e99a797\" data-element_type=\"widget\" data-widget_type=\"heading.default\">\n\t\t\t\t<div class=\"elementor-widget-container\">\n\t\t\t\t\t<h6 class=\"elementor-heading-title elementor-size-default\">Privacidad y discreci\u00f3n<\/h6>\t\t\t\t<\/div>\n\t\t\t\t<\/div>\n\t\t\t\t<div class=\"elementor-element elementor-element-ef6787d elementor-widget elementor-widget-text-editor\" data-id=\"ef6787d\" data-element_type=\"widget\" data-widget_type=\"text-editor.default\">\n\t\t\t\t<div class=\"elementor-widget-container\">\n\t\t\t\t\t\t\t\t\t<p>Tenemos identificadores gen\u00e9ricos en los recibos y nuestros empaques son 100% discretos. Velamos por tu privacidad.<\/p>\t\t\t\t\t\t\t\t<\/div>\n\t\t\t\t<\/div>\n\t\t\t\t<\/div>\n\t\t\t\t<\/div>\n\t\t<div class=\"elementor-element elementor-element-649085c e-con-full e-flex e-con e-child\" data-id=\"649085c\" data-element_type=\"container\" data-settings=\"{&quot;background_background&quot;:&quot;classic&quot;}\">\n\t\t<div class=\"elementor-element elementor-element-8d7008e e-con-full e-flex e-con e-child\" data-id=\"8d7008e\" data-element_type=\"container\">\n\t\t\t\t<div class=\"elementor-element elementor-element-d65f0cb elementor-widget elementor-widget-heading\" data-id=\"d65f0cb\" data-element_type=\"widget\" data-widget_type=\"heading.default\">\n\t\t\t\t<div class=\"elementor-widget-container\">\n\t\t\t\t\t<h6 class=\"elementor-heading-title elementor-size-default\">Servicio al cliente<\/h6>\t\t\t\t<\/div>\n\t\t\t\t<\/div>\n\t\t\t\t<div class=\"elementor-element elementor-element-ebf5f8b elementor-widget elementor-widget-text-editor\" data-id=\"ebf5f8b\" data-element_type=\"widget\" data-widget_type=\"text-editor.default\">\n\t\t\t\t<div class=\"elementor-widget-container\">\n\t\t\t\t\t\t\t\t\t<p>Ustedes son lo primero. Contamos con atenci\u00f3n personalizada para dedicarnos a cada cliente como si fuese el \u00fanico.<\/p>\t\t\t\t\t\t\t\t<\/div>\n\t\t\t\t<\/div>\n\t\t\t\t<\/div>\n\t\t\t\t<\/div>\n\t\t<div class=\"elementor-element elementor-element-9a787f8 e-con-full e-flex e-con e-child\" data-id=\"9a787f8\" data-element_type=\"container\" data-settings=\"{&quot;background_background&quot;:&quot;classic&quot;}\">\n\t\t<div class=\"elementor-element elementor-element-129a5ea e-con-full e-flex e-con e-child\" data-id=\"129a5ea\" data-element_type=\"container\">\n\t\t\t\t<div class=\"elementor-element elementor-element-af31061 elementor-widget elementor-widget-heading\" data-id=\"af31061\" data-element_type=\"widget\" data-widget_type=\"heading.default\">\n\t\t\t\t<div class=\"elementor-widget-container\">\n\t\t\t\t\t<h6 class=\"elementor-heading-title elementor-size-default\">Garant\u00edas y pol\u00edticas<\/h6>\t\t\t\t<\/div>\n\t\t\t\t<\/div>\n\t\t\t\t<div class=\"elementor-element elementor-element-6ae13b7 elementor-widget elementor-widget-text-editor\" data-id=\"6ae13b7\" data-element_type=\"widget\" data-widget_type=\"text-editor.default\">\n\t\t\t\t<div class=\"elementor-widget-container\">\n\t\t\t\t\t\t\t\t\t<p>Tenemos una pol\u00edtica de devoluciones y garant\u00eda dise\u00f1ada para cuidar a nuestros clientes. Puedes revisarla <a href=\"https:\/\/lenceria69.com\/hn\/politicas\/\" target=\"_blank\" rel=\"noopener\">aqu\u00ed<\/a>.<\/p>\t\t\t\t\t\t\t\t<\/div>\n\t\t\t\t<\/div>\n\t\t\t\t<\/div>\n\t\t\t\t<\/div>\n\t\t<div class=\"elementor-element elementor-element-a1ccfb3 e-con-full e-flex e-con e-child\" data-id=\"a1ccfb3\" data-element_type=\"container\" data-settings=\"{&quot;background_background&quot;:&quot;classic&quot;}\">\n\t\t<div class=\"elementor-element elementor-element-d7571b2 e-con-full e-flex e-con e-child\" data-id=\"d7571b2\" data-element_type=\"container\">\n\t\t\t\t<div class=\"elementor-element elementor-element-d4d191a elementor-widget elementor-widget-heading\" data-id=\"d4d191a\" data-element_type=\"widget\" data-widget_type=\"heading.default\">\n\t\t\t\t<div class=\"elementor-widget-container\">\n\t\t\t\t\t<h6 class=\"elementor-heading-title elementor-size-default\">Salud y transparencia<\/h6>\t\t\t\t<\/div>\n\t\t\t\t<\/div>\n\t\t\t\t<div class=\"elementor-element elementor-element-99a376b elementor-widget elementor-widget-text-editor\" data-id=\"99a376b\" data-element_type=\"widget\" data-widget_type=\"text-editor.default\">\n\t\t\t\t<div class=\"elementor-widget-container\">\n\t\t\t\t\t\t\t\t\t<p>El sexo deber\u00eda normalizarse como lo que es: una actividad de autodescubrimiento y diversi\u00f3n. \u00a1Abajo los tab\u00faes!<\/p>\t\t\t\t\t\t\t\t<\/div>\n\t\t\t\t<\/div>\n\t\t\t\t<\/div>\n\t\t\t\t<\/div>\n\t\t\t\t\t<\/div>\n\t\t\t\t<\/div>\n\t\t<div class=\"elementor-element elementor-element-5ce0f09 e-flex e-con-boxed e-con e-parent\" data-id=\"5ce0f09\" data-element_type=\"container\">\n\t\t\t\t\t<div class=\"e-con-inner\">\n\t\t\t\t<div class=\"elementor-element elementor-element-480bd45 elementor-widget elementor-widget-heading\" data-id=\"480bd45\" data-element_type=\"widget\" data-widget_type=\"heading.default\">\n\t\t\t\t<div class=\"elementor-widget-container\">\n\t\t\t\t\t<h2 class=\"elementor-heading-title elementor-size-default\">\u00bfQuieres trabajar con nosotros?<\/h2>\t\t\t\t<\/div>\n\t\t\t\t<\/div>\n\t\t\t\t<div class=\"elementor-element elementor-element-8c8290d elementor-align-center elementor-invisible elementor-widget elementor-widget-button\" data-id=\"8c8290d\" data-element_type=\"widget\" data-settings=\"{&quot;_animation&quot;:&quot;slideInUp&quot;}\" data-widget_type=\"button.default\">\n\t\t\t\t<div class=\"elementor-widget-container\">\n\t\t\t\t\t\t\t\t\t<div class=\"elementor-button-wrapper\">\n\t\t\t\t\t<a class=\"elementor-button elementor-button-link elementor-size-sm\" href=\"#elementor-action%3Aaction%3Dpopup%3Aopen%26settings%3DeyJpZCI6IjM4OTgiLCJ0b2dnbGUiOmZhbHNlfQ%3D%3D\">\n\t\t\t\t\t\t<span class=\"elementor-button-content-wrapper\">\n\t\t\t\t\t\t\t\t\t<span class=\"elementor-button-text\">\u00a1Llena este formulario!<\/span>\n\t\t\t\t\t<\/span>\n\t\t\t\t\t<\/a>\n\t\t\t\t<\/div>\n\t\t\t\t\t\t\t\t<\/div>\n\t\t\t\t<\/div>\n\t\t\t\t\t<\/div>\n\t\t\t\t<\/div>\n\t\t\t\t<\/div>\n\t\t","protected":false},"excerpt":{"rendered":"<p>Lencer\u00eda 69: la tienda er\u00f3tica l\u00edder en Centroam\u00e9rica Tenemos 13 a\u00f1os en el mercado de juguetes sexuales y lencer\u00eda er\u00f3tica. Nos impulsa conseguir los productos m\u00e1s innovadores para nuestra distinguida clientela Nuestra historia Lenceria 69 fue fundada por dos hermanos hondure\u00f1os, con el \u00e1nimo de comenzar un emprendimiento propio. A mediados del a\u00f1o 2012, la&#8230;<\/p>\n","protected":false},"author":1,"featured_media":0,"parent":0,"menu_order":0,"comment_status":"closed","ping_status":"closed","template":"","meta":{"_kad_post_transparent":"","_kad_post_title":"hide","_kad_post_layout":"fullwidth","_kad_post_sidebar_id":"","_kad_post_content_style":"unboxed","_kad_post_vertical_padding":"hide","_kad_post_feature":"hide","_kad_post_feature_position":"","_kad_post_header":false,"_kad_post_footer":false,"_joinchat":[],"footnotes":""},"class_list":["post-73","page","type-page","status-publish","hentry"],"_links":{"self":[{"href":"https:\/\/lenceria69.com\/cr\/wp-json\/wp\/v2\/pages\/73","targetHints":{"allow":["GET"]}}],"collection":[{"href":"https:\/\/lenceria69.com\/cr\/wp-json\/wp\/v2\/pages"}],"about":[{"href":"https:\/\/lenceria69.com\/cr\/wp-json\/wp\/v2\/types\/page"}],"author":[{"embeddable":true,"href":"https:\/\/lenceria69.com\/cr\/wp-json\/wp\/v2\/users\/1"}],"replies":[{"embeddable":true,"href":"https:\/\/lenceria69.com\/cr\/wp-json\/wp\/v2\/comments?post=73"}],"version-history":[{"count":5,"href":"https:\/\/lenceria69.com\/cr\/wp-json\/wp\/v2\/pages\/73\/revisions"}],"predecessor-version":[{"id":11578,"href":"https:\/\/lenceria69.com\/cr\/wp-json\/wp\/v2\/pages\/73\/revisions\/11578"}],"wp:attachment":[{"href":"https:\/\/lenceria69.com\/cr\/wp-json\/wp\/v2\/media?parent=73"}],"curies":[{"name":"wp","href":"https:\/\/api.w.org\/{rel}","templated":true}]}}